{"id":3124,"date":"2025-12-27T19:42:36","date_gmt":"2025-12-27T19:42:36","guid":{"rendered":"https:\/\/www.maliyontem.com.tr\/?page_id=3124"},"modified":"2025-12-30T13:00:23","modified_gmt":"2025-12-30T13:00:23","slug":"elektronik-denetim-egitimlerimiz","status":"publish","type":"page","link":"https:\/\/www.maliyontem.com.tr\/en\/elektronik-denetim-egitimlerimiz\/","title":{"rendered":"Electronic Audit Training Programs"},"content":{"rendered":"<div data-elementor-type=\"wp-page\" data-elementor-id=\"3124\" class=\"elementor elementor-3124\">\n\t\t\t\t<div class=\"elementor-element elementor-element-0194d41 e-flex e-con-boxed e-con e-parent\" data-id=\"0194d41\" data-element_type=\"container\">\n\t\t\t\t\t<div class=\"e-con-inner\">\n\t\t\t\t<div class=\"elementor-element elementor-element-1651e06 elementor-widget__width-inherit elementor-widget elementor-widget-heading\" data-id=\"1651e06\" data-element_type=\"widget\" data-widget_type=\"heading.default\">\n\t\t\t\t<div class=\"elementor-widget-container\">\n\t\t\t\t\t<h2 class=\"elementor-heading-title elementor-size-default\">Electronic Audit Training Programs<\/h2>\t\t\t\t<\/div>\n\t\t\t\t<\/div>\n\t\t\t\t\t<\/div>\n\t\t\t\t<\/div>\n\t\t<div class=\"elementor-element elementor-element-0cef0cd e-flex e-con-boxed e-con e-parent\" data-id=\"0cef0cd\" data-element_type=\"container\">\n\t\t\t\t\t<div class=\"e-con-inner\">\n\t\t\t\t<div class=\"elementor-element elementor-element-426b5f7 elementor-widget__width-inherit elementor-widget elementor-widget-text-editor\" data-id=\"426b5f7\" data-element_type=\"widget\" data-widget_type=\"text-editor.default\">\n\t\t\t\t<div class=\"elementor-widget-container\">\n\t\t\t\t\t\t\t\t\t<div class=\"span9 blog_main_content\"><article id=\"post-23951\" class=\"blog_post row-fluid post-23951 page type-page status-publish hentry\"><div class=\"blog_description\"><div class=\"container-fluid new_section\"><div class=\"container\"><div class=\"vc_row wpb_row vc_row-fluid\"><div class=\"wpb_column vc_column_container vc_col-sm-12\"><div class=\"vc_column-inner\"><div class=\"wpb_wrapper\"><p><strong>Duration:<\/strong>\u00a01 Day<\/p><p><strong>Participants:<\/strong>\u00a0This training is designed for Certified Public Accountants (CPAs), Sworn-in Certified Public Accountants (SCPAs), Independent External Auditors, Internal Auditors, Accounting Auditors, accounting department employees, and those interested in Excel who wish to improve themselves. It is an important computer-aided accounting audit training program.<\/p><p><img fetchpriority=\"high\" decoding=\"async\" data-opt-id=\"339123268\" class=\"size-medium wp-image-3278 alignleft\"  src=\"https:\/\/ml1xqiethand.i.optimole.com\/w:300\/h:200\/q:mauto\/f:best\/https:\/\/www.maliyontem.com.tr\/wp-content\/uploads\/2025\/12\/e-denetim-vergi-768x512-1.jpeg\" alt=\"e denetim vergi 768x512\" width=\"300\" height=\"200\" srcset=\"https:\/\/ml1xqiethand.i.optimole.com\/w:768\/h:512\/q:mauto\/f:best\/https:\/\/www.maliyontem.com.tr\/wp-content\/uploads\/2025\/12\/e-denetim-vergi-768x512-1.jpeg 768w, https:\/\/ml1xqiethand.i.optimole.com\/w:300\/h:200\/q:mauto\/f:best\/https:\/\/www.maliyontem.com.tr\/wp-content\/uploads\/2025\/12\/e-denetim-vergi-768x512-1.jpeg 300w\" sizes=\"(max-width: 300px) 100vw, 300px\" \/><\/p><p><strong>Scope of the Training:<\/strong>\u00a0Preparing unstructured raw data obtained from databases for audit purposes in Excel (meaningfully separating data contained in a single column, distributing key data meaningfully across other rows, effectively using Excel by applying the Paste Special function after formulas prepared at certain stages, converting text fragments into properly formatted numbers or dates, examining the features of \u201c.txt\u201d and \u201c.csv\u201d files and transferring them to Excel, creating named ranges to use formulas more easily in complex tables and making them dynamic to enable analysis with dynamic charts).<\/p><p>Basic Excel practices to be used in audit activities (enabling easy analysis by consolidating offsetting accounts in journal entries into a single row, identifying duplicate records and missing journal entries in statutory books, combining columns, using essential audit functions such as Merge, Vertical Lookup (VLOOKUP), Lookup, Index, and Subtotal, auditing related parties in vendor and customer accounts, transfer pricing controls, identifying records with high standard deviation, preparing trial balances, inventory count calculations, net-to-gross wage and income tax calculations, goal seek for net-to-gross wage calculations, calculating the number of days, months, and years between two dates, reconciling business records with bank statements, preparing summary sales figures tables, aggregating wage data according to multiple criteria, creating pivot tables using PivotTable functionality, analyzing sales figures through conditional formatting, comparing book and physical inventory results).<\/p><p>Preparing financial statements for analysis in Excel (comparative financial statement analysis, trend percentage analysis, vertical analysis, liquidity ratios, financial structure ratios, asset utilization ratios, profitability ratios, and analysis using mini charts).<\/p><p>Preparing advanced Excel applications specific to auditing (Benford\u2019s Law, Monte Carlo Simulation, efficiency analysis using linear programming (using Solver add-in), forecasting with linear regression, creating multiple goal-seek models with macros for net-to-gross wage calculation, requesting information from multiple individuals or institutions at once via email).<\/p><p><strong>TAX AUDIT PROCESSES FOR MANAGERS<\/strong><\/p><p><strong>Tax Audit Process Management<\/strong><\/p><p><strong>Duration:<\/strong>\u00a04 Hours<\/p><p><strong>Participants:<\/strong>\u00a0Managers and assistant managers of finance departments<\/p><p><strong>Scope of the Training:\u00a0<\/strong>With the increasing need for public resources, the psychological pressure that the tax administration aims to impose on taxpayers through audits, the growth of companies\u2019 business volumes, the development of business processes, and the increasing complexity of transactions, tax audits have become increasingly important. Tax and tax audits are now among the agenda items of company boards of directors. In this context, the administration conducts more effective and planned tax audits, and the financial and perceptual impacts of audits on companies are felt more clearly.<\/p><p>Therefore, for every finance manager, having a better understanding of tax audit processes enables more effective participation in the process and allows audits to be managed in a more planned and sound manner, producing significant outcomes.<\/p><p><strong>Purpose of the Training:<\/strong>\u00a0Our training is designed to enable finance managers to approach tax audit processes from a holistic perspective and clearly identify post-audit options, as well as to provide them with a broad vision to evaluate issues ranging from routine communication with the administration to inspection-related correspondence such as information requests and on-site inspections.<\/p><p><strong>Training Program<\/strong><\/p><ul><li>Current Framework of Tax Audits in T\u00fcrkiye and the Post-Tax Amnesty Period<\/li><li>Role and Responsibilities of Finance Managers in Tax Audit Processes<\/li><li>Rights and Obligations of the Tax Administration and Tax Inspectors<\/li><li>Rights and Obligations of Taxpayers and Recent Changes in Tax Legislation<\/li><li>What Should and Should Not Be Done During Tax Audits<\/li><li>Evaluation of All Issues Throughout the Entire Tax Audit Process<\/li><li>Evaluation of All Possible Actions That Can Be Taken Based on Audit Results<\/li><\/ul><blockquote><p><strong>Mali Y\u00f6ntem Academy for Training<\/strong><\/p><p><strong>info@maliyontem.com.tr<\/strong><\/p><\/blockquote><\/div><\/div><\/div><\/div><\/div><\/div><\/div><\/article><\/div>\t\t\t\t\t\t\t\t<\/div>\n\t\t\t\t<\/div>\n\t\t\t\t\t<\/div>\n\t\t\t\t<\/div>\n\t\t\t\t<\/div>","protected":false},"excerpt":{"rendered":"<p>Elektronik Denetim E\u011fitimlerimiz S\u00fcre:\u00a01 G\u00fcn Kat\u0131l\u0131mc\u0131lar:\u00a0YMM ve SMMM\u2019ler, Ba\u011f\u0131ms\u0131z D\u0131\u015f Denet\u00e7iler, \u0130\u00e7 Denet\u00e7iler, Muhasebe Denet\u00e7ileri, muhasebe departman\u0131 \u00e7al\u0131\u015fanlar\u0131 ve Excel merak\u0131 olup geli\u015ftirmek isteyenler i\u00e7in, bilgisayar destekli muhasebe denetimi alan\u0131nda\u00a0\u00f6nemli bir e\u011fitimdir. E\u011fitimin Kapsam\u0131:\u00a0Veri tabanlar\u0131ndan al\u0131nan d\u00fczensiz ham verilerin Excel\u2019de denetime haz\u0131r hale getirilmesi (tek s\u00fctunda yer alan verileri anlaml\u0131 bi\u00e7imde ayr\u0131\u015ft\u0131r\u0131lmas\u0131, anahtar olarak belirledi\u011fimiz [&hellip;]<\/p>","protected":false},"author":1,"featured_media":0,"parent":0,"menu_order":0,"comment_status":"closed","ping_status":"closed","template":"","meta":{"site-sidebar-layout":"no-sidebar","site-content-layout":"page-builder","ast-site-content-layout":"full-width-container","site-content-style":"default","site-sidebar-style":"default","ast-global-header-display":"","ast-banner-title-visibility":"","ast-main-header-display":"","ast-hfb-above-header-display":"","ast-hfb-below-header-display":"","ast-hfb-mobile-header-display":"","site-post-title":"disabled","ast-breadcrumbs-content":"","ast-featured-img":"disabled","footer-sml-layout":"","ast-disable-related-posts":"","theme-transparent-header-meta":"","adv-header-id-meta":"","stick-header-meta":"","header-above-stick-meta":"","header-main-stick-meta":"","header-below-stick-meta":"","astra-migrate-meta-layouts":"set","ast-page-background-enabled":"default","ast-page-background-meta":{"desktop":{"background-color":"","background-image":"","background-repeat":"repeat","background-position":"center center","background-size":"auto","background-attachment":"scroll","background-type":"","background-media":"","overlay-type":"","overlay-color":"","overlay-opacity":"","overlay-gradient":""},"tablet":{"background-color":"","background-image":"","background-repeat":"repeat","background-position":"center center","background-size":"auto","background-attachment":"scroll","background-type":"","background-media":"","overlay-type":"","overlay-color":"","overlay-opacity":"","overlay-gradient":""},"mobile":{"background-color":"","background-image":"","background-repeat":"repeat","background-position":"center center","background-size":"auto","background-attachment":"scroll","background-type":"","background-media":"","overlay-type":"","overlay-color":"","overlay-opacity":"","overlay-gradient":""}},"ast-content-background-meta":{"desktop":{"background-color":"var(--ast-global-color-5)","background-image":"","background-repeat":"repeat","background-position":"center center","background-size":"auto","background-attachment":"scroll","background-type":"","background-media":"","overlay-type":"","overlay-color":"","overlay-opacity":"","overlay-gradient":""},"tablet":{"background-color":"var(--ast-global-color-5)","background-image":"","background-repeat":"repeat","background-position":"center center","background-size":"auto","background-attachment":"scroll","background-type":"","background-media":"","overlay-type":"","overlay-color":"","overlay-opacity":"","overlay-gradient":""},"mobile":{"background-color":"var(--ast-global-color-5)","background-image":"","background-repeat":"repeat","background-position":"center center","background-size":"auto","background-attachment":"scroll","background-type":"","background-media":"","overlay-type":"","overlay-color":"","overlay-opacity":"","overlay-gradient":""}},"footnotes":""},"class_list":["post-3124","page","type-page","status-publish","hentry"],"yoast_head":"<!-- This site is optimized with the Yoast SEO plugin v26.6 - https:\/\/yoast.com\/wordpress\/plugins\/seo\/ -->\n<title>Elektronik Denetim E\u011fitimlerimiz - Mali Y\u00f6ntem<\/title>\n<meta name=\"robots\" content=\"index, follow, max-snippet:-1, max-image-preview:large, max-video-preview:-1\" \/>\n<link rel=\"canonical\" href=\"https:\/\/www.maliyontem.com.tr\/en\/elektronik-denetim-egitimlerimiz\/\" \/>\n<meta property=\"og:locale\" content=\"en_US\" \/>\n<meta property=\"og:type\" content=\"article\" \/>\n<meta property=\"og:title\" content=\"Elektronik Denetim E\u011fitimlerimiz - Mali Y\u00f6ntem\" \/>\n<meta property=\"og:description\" content=\"Elektronik Denetim E\u011fitimlerimiz S\u00fcre:\u00a01 G\u00fcn Kat\u0131l\u0131mc\u0131lar:\u00a0YMM ve SMMM\u2019ler, Ba\u011f\u0131ms\u0131z D\u0131\u015f Denet\u00e7iler, \u0130\u00e7 Denet\u00e7iler, Muhasebe Denet\u00e7ileri, muhasebe departman\u0131 \u00e7al\u0131\u015fanlar\u0131 ve Excel merak\u0131 olup geli\u015ftirmek isteyenler i\u00e7in, bilgisayar destekli muhasebe denetimi alan\u0131nda\u00a0\u00f6nemli bir e\u011fitimdir. E\u011fitimin Kapsam\u0131:\u00a0Veri tabanlar\u0131ndan al\u0131nan d\u00fczensiz ham verilerin Excel\u2019de denetime haz\u0131r hale getirilmesi (tek s\u00fctunda yer alan verileri anlaml\u0131 bi\u00e7imde ayr\u0131\u015ft\u0131r\u0131lmas\u0131, anahtar olarak belirledi\u011fimiz [&hellip;]\" \/>\n<meta property=\"og:url\" content=\"https:\/\/www.maliyontem.com.tr\/en\/elektronik-denetim-egitimlerimiz\/\" \/>\n<meta property=\"og:site_name\" content=\"Mali Y\u00f6ntem\" \/>\n<meta property=\"article:modified_time\" content=\"2025-12-30T13:00:23+00:00\" \/>\n<meta property=\"og:image\" content=\"https:\/\/ml1xqiethand.i.optimole.com\/w:300\/h:200\/q:mauto\/f:best\/https:\/\/www.maliyontem.com.tr\/wp-content\/uploads\/2025\/12\/e-denetim-vergi-768x512-1.jpeg\" \/>\n<meta name=\"twitter:card\" content=\"summary_large_image\" \/>\n<meta name=\"twitter:label1\" content=\"Est. reading time\" \/>\n\t<meta name=\"twitter:data1\" content=\"4 minutes\" \/>\n<script type=\"application\/ld+json\" class=\"yoast-schema-graph\">{\"@context\":\"https:\/\/schema.org\",\"@graph\":[{\"@type\":\"WebPage\",\"@id\":\"https:\/\/www.maliyontem.com.tr\/elektronik-denetim-egitimlerimiz\/\",\"url\":\"https:\/\/www.maliyontem.com.tr\/elektronik-denetim-egitimlerimiz\/\",\"name\":\"Elektronik Denetim E\u011fitimlerimiz - Mali Y\u00f6ntem\",\"isPartOf\":{\"@id\":\"https:\/\/www.maliyontem.com.tr\/#website\"},\"primaryImageOfPage\":{\"@id\":\"https:\/\/www.maliyontem.com.tr\/elektronik-denetim-egitimlerimiz\/#primaryimage\"},\"image\":{\"@id\":\"https:\/\/www.maliyontem.com.tr\/elektronik-denetim-egitimlerimiz\/#primaryimage\"},\"thumbnailUrl\":\"https:\/\/ml1xqiethand.i.optimole.com\/w:300\/h:200\/q:mauto\/f:best\/https:\/\/www.maliyontem.com.tr\/wp-content\/uploads\/2025\/12\/e-denetim-vergi-768x512-1.jpeg\",\"datePublished\":\"2025-12-27T19:42:36+00:00\",\"dateModified\":\"2025-12-30T13:00:23+00:00\",\"breadcrumb\":{\"@id\":\"https:\/\/www.maliyontem.com.tr\/elektronik-denetim-egitimlerimiz\/#breadcrumb\"},\"inLanguage\":\"en-US\",\"potentialAction\":[{\"@type\":\"ReadAction\",\"target\":[\"https:\/\/www.maliyontem.com.tr\/elektronik-denetim-egitimlerimiz\/\"]}]},{\"@type\":\"ImageObject\",\"inLanguage\":\"en-US\",\"@id\":\"https:\/\/www.maliyontem.com.tr\/elektronik-denetim-egitimlerimiz\/#primaryimage\",\"url\":\"https:\/\/ml1xqiethand.i.optimole.com\/w:300\/h:200\/q:mauto\/f:best\/https:\/\/www.maliyontem.com.tr\/wp-content\/uploads\/2025\/12\/e-denetim-vergi-768x512-1.jpeg\",\"contentUrl\":\"https:\/\/ml1xqiethand.i.optimole.com\/w:300\/h:200\/q:mauto\/f:best\/https:\/\/www.maliyontem.com.tr\/wp-content\/uploads\/2025\/12\/e-denetim-vergi-768x512-1.jpeg\"},{\"@type\":\"BreadcrumbList\",\"@id\":\"https:\/\/www.maliyontem.com.tr\/elektronik-denetim-egitimlerimiz\/#breadcrumb\",\"itemListElement\":[{\"@type\":\"ListItem\",\"position\":1,\"name\":\"Anasayfa\",\"item\":\"https:\/\/www.maliyontem.com.tr\/\"},{\"@type\":\"ListItem\",\"position\":2,\"name\":\"Elektronik Denetim E\u011fitimlerimiz\"}]},{\"@type\":\"WebSite\",\"@id\":\"https:\/\/www.maliyontem.com.tr\/#website\",\"url\":\"https:\/\/www.maliyontem.com.tr\/\",\"name\":\"Mali Y\u00f6ntem\",\"description\":\"Mali Y&ouml;ntem \",\"publisher\":{\"@id\":\"https:\/\/www.maliyontem.com.tr\/#organization\"},\"potentialAction\":[{\"@type\":\"SearchAction\",\"target\":{\"@type\":\"EntryPoint\",\"urlTemplate\":\"https:\/\/www.maliyontem.com.tr\/?s={search_term_string}\"},\"query-input\":{\"@type\":\"PropertyValueSpecification\",\"valueRequired\":true,\"valueName\":\"search_term_string\"}}],\"inLanguage\":\"en-US\"},{\"@type\":\"Organization\",\"@id\":\"https:\/\/www.maliyontem.com.tr\/#organization\",\"name\":\"Mali Y\u00f6ntem\",\"url\":\"https:\/\/www.maliyontem.com.tr\/\",\"logo\":{\"@type\":\"ImageObject\",\"inLanguage\":\"en-US\",\"@id\":\"https:\/\/www.maliyontem.com.tr\/#\/schema\/logo\/image\/\",\"url\":\"https:\/\/ml1xqiethand.i.optimole.com\/w:auto\/h:auto\/q:mauto\/f:best\/https:\/\/www.maliyontem.com.tr\/wp-content\/uploads\/2025\/12\/maliyontem2-Photoroom.png\",\"contentUrl\":\"https:\/\/ml1xqiethand.i.optimole.com\/w:auto\/h:auto\/q:mauto\/f:best\/https:\/\/www.maliyontem.com.tr\/wp-content\/uploads\/2025\/12\/maliyontem2-Photoroom.png\",\"width\":1280,\"height\":444,\"caption\":\"Mali Y\u00f6ntem\"},\"image\":{\"@id\":\"https:\/\/www.maliyontem.com.tr\/#\/schema\/logo\/image\/\"}}]}<\/script>\n<!-- \/ Yoast SEO plugin. -->","yoast_head_json":{"title":"Elektronik Denetim E\u011fitimlerimiz - Mali Y\u00f6ntem","robots":{"index":"index","follow":"follow","max-snippet":"max-snippet:-1","max-image-preview":"max-image-preview:large","max-video-preview":"max-video-preview:-1"},"canonical":"https:\/\/www.maliyontem.com.tr\/en\/elektronik-denetim-egitimlerimiz\/","og_locale":"en_US","og_type":"article","og_title":"Elektronik Denetim E\u011fitimlerimiz - Mali Y\u00f6ntem","og_description":"Elektronik Denetim E\u011fitimlerimiz S\u00fcre:\u00a01 G\u00fcn Kat\u0131l\u0131mc\u0131lar:\u00a0YMM ve SMMM\u2019ler, Ba\u011f\u0131ms\u0131z D\u0131\u015f Denet\u00e7iler, \u0130\u00e7 Denet\u00e7iler, Muhasebe Denet\u00e7ileri, muhasebe departman\u0131 \u00e7al\u0131\u015fanlar\u0131 ve Excel merak\u0131 olup geli\u015ftirmek isteyenler i\u00e7in, bilgisayar destekli muhasebe denetimi alan\u0131nda\u00a0\u00f6nemli bir e\u011fitimdir. E\u011fitimin Kapsam\u0131:\u00a0Veri tabanlar\u0131ndan al\u0131nan d\u00fczensiz ham verilerin Excel\u2019de denetime haz\u0131r hale getirilmesi (tek s\u00fctunda yer alan verileri anlaml\u0131 bi\u00e7imde ayr\u0131\u015ft\u0131r\u0131lmas\u0131, anahtar olarak belirledi\u011fimiz [&hellip;]","og_url":"https:\/\/www.maliyontem.com.tr\/en\/elektronik-denetim-egitimlerimiz\/","og_site_name":"Mali Y\u00f6ntem","article_modified_time":"2025-12-30T13:00:23+00:00","og_image":[{"url":"https:\/\/ml1xqiethand.i.optimole.com\/w:300\/h:200\/q:mauto\/f:best\/https:\/\/www.maliyontem.com.tr\/wp-content\/uploads\/2025\/12\/e-denetim-vergi-768x512-1.jpeg","type":"","width":"","height":""}],"twitter_card":"summary_large_image","twitter_misc":{"Est. reading time":"4 minutes"},"schema":{"@context":"https:\/\/schema.org","@graph":[{"@type":"WebPage","@id":"https:\/\/www.maliyontem.com.tr\/elektronik-denetim-egitimlerimiz\/","url":"https:\/\/www.maliyontem.com.tr\/elektronik-denetim-egitimlerimiz\/","name":"Elektronik Denetim E\u011fitimlerimiz - Mali Y\u00f6ntem","isPartOf":{"@id":"https:\/\/www.maliyontem.com.tr\/#website"},"primaryImageOfPage":{"@id":"https:\/\/www.maliyontem.com.tr\/elektronik-denetim-egitimlerimiz\/#primaryimage"},"image":{"@id":"https:\/\/www.maliyontem.com.tr\/elektronik-denetim-egitimlerimiz\/#primaryimage"},"thumbnailUrl":"https:\/\/ml1xqiethand.i.optimole.com\/w:300\/h:200\/q:mauto\/f:best\/https:\/\/www.maliyontem.com.tr\/wp-content\/uploads\/2025\/12\/e-denetim-vergi-768x512-1.jpeg","datePublished":"2025-12-27T19:42:36+00:00","dateModified":"2025-12-30T13:00:23+00:00","breadcrumb":{"@id":"https:\/\/www.maliyontem.com.tr\/elektronik-denetim-egitimlerimiz\/#breadcrumb"},"inLanguage":"en-US","potentialAction":[{"@type":"ReadAction","target":["https:\/\/www.maliyontem.com.tr\/elektronik-denetim-egitimlerimiz\/"]}]},{"@type":"ImageObject","inLanguage":"en-US","@id":"https:\/\/www.maliyontem.com.tr\/elektronik-denetim-egitimlerimiz\/#primaryimage","url":"https:\/\/ml1xqiethand.i.optimole.com\/w:300\/h:200\/q:mauto\/f:best\/https:\/\/www.maliyontem.com.tr\/wp-content\/uploads\/2025\/12\/e-denetim-vergi-768x512-1.jpeg","contentUrl":"https:\/\/ml1xqiethand.i.optimole.com\/w:300\/h:200\/q:mauto\/f:best\/https:\/\/www.maliyontem.com.tr\/wp-content\/uploads\/2025\/12\/e-denetim-vergi-768x512-1.jpeg"},{"@type":"BreadcrumbList","@id":"https:\/\/www.maliyontem.com.tr\/elektronik-denetim-egitimlerimiz\/#breadcrumb","itemListElement":[{"@type":"ListItem","position":1,"name":"Anasayfa","item":"https:\/\/www.maliyontem.com.tr\/"},{"@type":"ListItem","position":2,"name":"Elektronik Denetim E\u011fitimlerimiz"}]},{"@type":"WebSite","@id":"https:\/\/www.maliyontem.com.tr\/#website","url":"https:\/\/www.maliyontem.com.tr\/","name":"Mali Y\u00f6ntem","description":"Mali Y&ouml;ntem","publisher":{"@id":"https:\/\/www.maliyontem.com.tr\/#organization"},"potentialAction":[{"@type":"SearchAction","target":{"@type":"EntryPoint","urlTemplate":"https:\/\/www.maliyontem.com.tr\/?s={search_term_string}"},"query-input":{"@type":"PropertyValueSpecification","valueRequired":true,"valueName":"search_term_string"}}],"inLanguage":"en-US"},{"@type":"Organization","@id":"https:\/\/www.maliyontem.com.tr\/#organization","name":"Mali Y\u00f6ntem","url":"https:\/\/www.maliyontem.com.tr\/","logo":{"@type":"ImageObject","inLanguage":"en-US","@id":"https:\/\/www.maliyontem.com.tr\/#\/schema\/logo\/image\/","url":"https:\/\/ml1xqiethand.i.optimole.com\/w:auto\/h:auto\/q:mauto\/f:best\/https:\/\/www.maliyontem.com.tr\/wp-content\/uploads\/2025\/12\/maliyontem2-Photoroom.png","contentUrl":"https:\/\/ml1xqiethand.i.optimole.com\/w:auto\/h:auto\/q:mauto\/f:best\/https:\/\/www.maliyontem.com.tr\/wp-content\/uploads\/2025\/12\/maliyontem2-Photoroom.png","width":1280,"height":444,"caption":"Mali Y\u00f6ntem"},"image":{"@id":"https:\/\/www.maliyontem.com.tr\/#\/schema\/logo\/image\/"}}]}},"_links":{"self":[{"href":"https:\/\/www.maliyontem.com.tr\/en\/wp-json\/wp\/v2\/pages\/3124","targetHints":{"allow":["GET"]}}],"collection":[{"href":"https:\/\/www.maliyontem.com.tr\/en\/wp-json\/wp\/v2\/pages"}],"about":[{"href":"https:\/\/www.maliyontem.com.tr\/en\/wp-json\/wp\/v2\/types\/page"}],"author":[{"embeddable":true,"href":"https:\/\/www.maliyontem.com.tr\/en\/wp-json\/wp\/v2\/users\/1"}],"replies":[{"embeddable":true,"href":"https:\/\/www.maliyontem.com.tr\/en\/wp-json\/wp\/v2\/comments?post=3124"}],"version-history":[{"count":7,"href":"https:\/\/www.maliyontem.com.tr\/en\/wp-json\/wp\/v2\/pages\/3124\/revisions"}],"predecessor-version":[{"id":3281,"href":"https:\/\/www.maliyontem.com.tr\/en\/wp-json\/wp\/v2\/pages\/3124\/revisions\/3281"}],"wp:attachment":[{"href":"https:\/\/www.maliyontem.com.tr\/en\/wp-json\/wp\/v2\/media?parent=3124"}],"curies":[{"name":"wp","href":"https:\/\/api.w.org\/{rel}","templated":true}]}}