{"id":3101,"date":"2025-12-27T19:35:34","date_gmt":"2025-12-27T19:35:34","guid":{"rendered":"https:\/\/www.maliyontem.com.tr\/?page_id=3101"},"modified":"2025-12-30T13:01:33","modified_gmt":"2025-12-30T13:01:33","slug":"kurumsallasma-egitimleri","status":"publish","type":"page","link":"https:\/\/www.maliyontem.com.tr\/en\/kurumsallasma-egitimleri\/","title":{"rendered":"Corporate Structuring Training"},"content":{"rendered":"<div data-elementor-type=\"wp-page\" data-elementor-id=\"3101\" class=\"elementor elementor-3101\">\n\t\t\t\t<div class=\"elementor-element elementor-element-0194d41 e-flex e-con-boxed e-con e-parent\" data-id=\"0194d41\" data-element_type=\"container\">\n\t\t\t\t\t<div class=\"e-con-inner\">\n\t\t\t\t<div class=\"elementor-element elementor-element-1651e06 elementor-widget__width-inherit elementor-widget elementor-widget-heading\" data-id=\"1651e06\" data-element_type=\"widget\" data-widget_type=\"heading.default\">\n\t\t\t\t<div class=\"elementor-widget-container\">\n\t\t\t\t\t<h2 class=\"elementor-heading-title elementor-size-default\">Corporate Structuring Training<\/h2>\t\t\t\t<\/div>\n\t\t\t\t<\/div>\n\t\t\t\t\t<\/div>\n\t\t\t\t<\/div>\n\t\t<div class=\"elementor-element elementor-element-0cef0cd e-flex e-con-boxed e-con e-parent\" data-id=\"0cef0cd\" data-element_type=\"container\">\n\t\t\t\t\t<div class=\"e-con-inner\">\n\t\t\t\t<div class=\"elementor-element elementor-element-426b5f7 elementor-widget__width-inherit elementor-widget elementor-widget-text-editor\" data-id=\"426b5f7\" data-element_type=\"widget\" data-widget_type=\"text-editor.default\">\n\t\t\t\t<div class=\"elementor-widget-container\">\n\t\t\t\t\t\t\t\t\t<h3 class=\"vc_custom_heading\">Sustained Success Across Generations in Family Businesses<\/h3><p><strong>Duration:<\/strong>\u00a01 Day<\/p><p>Participants:<\/p><p><strong>Training Topics<\/strong><\/p><ul><li>What is a family business?<\/li><li>Characteristics of family businesses<\/li><li>Challenges faced by professionals in family businesses and areas where they feel strong<\/li><li>Management strategies and tool<\/li><li>Challenges encountered in institutionalization and solution recommendations<\/li><li>The importance and function of the control environment, internal audit, budgeting, and reporting<\/li><li>The contribution of the audit function to management and the credibility of companies<\/li><\/ul><h3 class=\"vc_custom_heading\">Institutionalization and Family Constitution in Family Businesses<\/h3><p><strong>Duration:<\/strong>\u00a04 Hours<\/p><p><strong>Training Topics:\u00a0<\/strong><\/p><p><img fetchpriority=\"high\" decoding=\"async\" data-opt-id=\"203762770\" class=\"size-medium wp-image-3282 alignleft\"  src=\"https:\/\/ml1xqiethand.i.optimole.com\/w:300\/h:202\/q:mauto\/f:best\/https:\/\/www.maliyontem.com.tr\/wp-content\/uploads\/2025\/12\/aile-sirketleri1.jpg\" alt=\"aile sirketleri1\" width=\"300\" height=\"202\" srcset=\"https:\/\/ml1xqiethand.i.optimole.com\/w:547\/h:368\/q:mauto\/f:best\/https:\/\/www.maliyontem.com.tr\/wp-content\/uploads\/2025\/12\/aile-sirketleri1.jpg 547w, https:\/\/ml1xqiethand.i.optimole.com\/w:300\/h:202\/q:mauto\/f:best\/https:\/\/www.maliyontem.com.tr\/wp-content\/uploads\/2025\/12\/aile-sirketleri1.jpg 300w\" sizes=\"(max-width: 300px) 100vw, 300px\" \/><\/p><p>COMPANY\u2013FAMILY CONCEPT<br \/>What is a company\/business?<br \/>What is a family?<br \/>What is a family business?<br \/>What are the strengths and weaknesses of family businesses?<br \/>What is the lifespan of a family business \/ how long does it last?<br \/>Why do family businesses tend to have short lifespans?<br \/>What are the reasons for the closure or transfer of family businesses?<br \/>What are the problems experienced in family businesses?<\/p><p>INSTITUTIONALIZATION \u2013 INSTITUTIONALIZATION IN FAMILY BUSINESSES<br \/>What is institutionalization?<br \/>Why is institutionalization needed?<br \/>Institutionalization in family businesses<br \/>FAMILY CONSTITUTION \u2013 FAMILY COUNCIL<br \/>What does a family business constitution mean?<br \/>Why a Family Constitution?<br \/>What is the legal binding nature of the Family Constitution?<br \/>What is the Family Assembly (Council)?<br \/>Family Plan \u2013 Succession Plan \u2013 Inheritance Plan<br \/>What does preparing the 3rd generation mean?<br \/>How will we transfer the company? What are the transfer-related problems?<\/p>\t\t\t\t\t\t\t\t<\/div>\n\t\t\t\t<\/div>\n\t\t\t\t\t<\/div>\n\t\t\t\t<\/div>\n\t\t\t\t<\/div>","protected":false},"excerpt":{"rendered":"<p>Kurumsalla\u015fma E\u011fitimleri Aile \u015eirketlerinde Nesiller Boyu Ba\u015far\u0131 S\u00fcre:\u00a01 G\u00fcn Kat\u0131l\u0131mc\u0131lar: E\u011fitim Konular\u0131 Aile \u015firketi nedir? Aile \u015firketlerinin \u00f6zellikleri Aile \u015firketlerindeki profesyonellerin s\u0131k\u0131nt\u0131lar\u0131 ve kendilerini g\u00fc\u00e7l\u00fc hissettikleri hususlar\/yanlar Y\u00f6netim stratejileri ve ara\u00e7lar\u0131 Kurumsalla\u015fmada kar\u015f\u0131la\u015f\u0131lan zorluklar ve \u00e7\u00f6z\u00fcm \u00f6nerileri Kontrol ortam\u0131n\u0131n, i\u00e7 denetimin, b\u00fct\u00e7e ve raporlaman\u0131n \u00f6nemi ve fonksiyonu Denetim fonksiyonunun y\u00f6netime ve \u015firketlerin kredibilitesine olan katk\u0131s\u0131 [&hellip;]<\/p>","protected":false},"author":1,"featured_media":0,"parent":0,"menu_order":0,"comment_status":"closed","ping_status":"closed","template":"","meta":{"site-sidebar-layout":"no-sidebar","site-content-layout":"page-builder","ast-site-content-layout":"full-width-container","site-content-style":"default","site-sidebar-style":"default","ast-global-header-display":"","ast-banner-title-visibility":"","ast-main-header-display":"","ast-hfb-above-header-display":"","ast-hfb-below-header-display":"","ast-hfb-mobile-header-display":"","site-post-title":"disabled","ast-breadcrumbs-content":"","ast-featured-img":"disabled","footer-sml-layout":"","ast-disable-related-posts":"","theme-transparent-header-meta":"","adv-header-id-meta":"","stick-header-meta":"","header-above-stick-meta":"","header-main-stick-meta":"","header-below-stick-meta":"","astra-migrate-meta-layouts":"set","ast-page-background-enabled":"default","ast-page-background-meta":{"desktop":{"background-color":"","background-image":"","background-repeat":"repeat","background-position":"center center","background-size":"auto","background-attachment":"scroll","background-type":"","background-media":"","overlay-type":"","overlay-color":"","overlay-opacity":"","overlay-gradient":""},"tablet":{"background-color":"","background-image":"","background-repeat":"repeat","background-position":"center center","background-size":"auto","background-attachment":"scroll","background-type":"","background-media":"","overlay-type":"","overlay-color":"","overlay-opacity":"","overlay-gradient":""},"mobile":{"background-color":"","background-image":"","background-repeat":"repeat","background-position":"center center","background-size":"auto","background-attachment":"scroll","background-type":"","background-media":"","overlay-type":"","overlay-color":"","overlay-opacity":"","overlay-gradient":""}},"ast-content-background-meta":{"desktop":{"background-color":"var(--ast-global-color-5)","background-image":"","background-repeat":"repeat","background-position":"center center","background-size":"auto","background-attachment":"scroll","background-type":"","background-media":"","overlay-type":"","overlay-color":"","overlay-opacity":"","overlay-gradient":""},"tablet":{"background-color":"var(--ast-global-color-5)","background-image":"","background-repeat":"repeat","background-position":"center center","background-size":"auto","background-attachment":"scroll","background-type":"","background-media":"","overlay-type":"","overlay-color":"","overlay-opacity":"","overlay-gradient":""},"mobile":{"background-color":"var(--ast-global-color-5)","background-image":"","background-repeat":"repeat","background-position":"center center","background-size":"auto","background-attachment":"scroll","background-type":"","background-media":"","overlay-type":"","overlay-color":"","overlay-opacity":"","overlay-gradient":""}},"footnotes":""},"class_list":["post-3101","page","type-page","status-publish","hentry"],"yoast_head":"<!-- This site is optimized with the Yoast SEO plugin v26.6 - https:\/\/yoast.com\/wordpress\/plugins\/seo\/ -->\n<title>Kurumsalla\u015fma E\u011fitimleri - Mali Y\u00f6ntem<\/title>\n<meta name=\"robots\" content=\"index, follow, max-snippet:-1, max-image-preview:large, max-video-preview:-1\" \/>\n<link rel=\"canonical\" href=\"https:\/\/www.maliyontem.com.tr\/en\/kurumsallasma-egitimleri\/\" \/>\n<meta property=\"og:locale\" content=\"en_US\" \/>\n<meta property=\"og:type\" content=\"article\" \/>\n<meta property=\"og:title\" content=\"Kurumsalla\u015fma E\u011fitimleri - Mali Y\u00f6ntem\" \/>\n<meta property=\"og:description\" content=\"Kurumsalla\u015fma E\u011fitimleri Aile \u015eirketlerinde Nesiller Boyu Ba\u015far\u0131 S\u00fcre:\u00a01 G\u00fcn Kat\u0131l\u0131mc\u0131lar: E\u011fitim Konular\u0131 Aile \u015firketi nedir? Aile \u015firketlerinin \u00f6zellikleri Aile \u015firketlerindeki profesyonellerin s\u0131k\u0131nt\u0131lar\u0131 ve kendilerini g\u00fc\u00e7l\u00fc hissettikleri hususlar\/yanlar Y\u00f6netim stratejileri ve ara\u00e7lar\u0131 Kurumsalla\u015fmada kar\u015f\u0131la\u015f\u0131lan zorluklar ve \u00e7\u00f6z\u00fcm \u00f6nerileri Kontrol ortam\u0131n\u0131n, i\u00e7 denetimin, b\u00fct\u00e7e ve raporlaman\u0131n \u00f6nemi ve fonksiyonu Denetim fonksiyonunun y\u00f6netime ve \u015firketlerin kredibilitesine olan katk\u0131s\u0131 [&hellip;]\" \/>\n<meta property=\"og:url\" content=\"https:\/\/www.maliyontem.com.tr\/en\/kurumsallasma-egitimleri\/\" \/>\n<meta property=\"og:site_name\" content=\"Mali Y\u00f6ntem\" \/>\n<meta property=\"article:modified_time\" content=\"2025-12-30T13:01:33+00:00\" \/>\n<meta property=\"og:image\" content=\"https:\/\/ml1xqiethand.i.optimole.com\/w:300\/h:202\/q:mauto\/f:best\/https:\/\/www.maliyontem.com.tr\/wp-content\/uploads\/2025\/12\/aile-sirketleri1.jpg\" \/>\n<meta name=\"twitter:card\" content=\"summary_large_image\" \/>\n<meta name=\"twitter:label1\" content=\"Est. reading time\" \/>\n\t<meta name=\"twitter:data1\" content=\"2 minutes\" \/>\n<script type=\"application\/ld+json\" class=\"yoast-schema-graph\">{\"@context\":\"https:\/\/schema.org\",\"@graph\":[{\"@type\":\"WebPage\",\"@id\":\"https:\/\/www.maliyontem.com.tr\/kurumsallasma-egitimleri\/\",\"url\":\"https:\/\/www.maliyontem.com.tr\/kurumsallasma-egitimleri\/\",\"name\":\"Kurumsalla\u015fma E\u011fitimleri - Mali Y\u00f6ntem\",\"isPartOf\":{\"@id\":\"https:\/\/www.maliyontem.com.tr\/#website\"},\"primaryImageOfPage\":{\"@id\":\"https:\/\/www.maliyontem.com.tr\/kurumsallasma-egitimleri\/#primaryimage\"},\"image\":{\"@id\":\"https:\/\/www.maliyontem.com.tr\/kurumsallasma-egitimleri\/#primaryimage\"},\"thumbnailUrl\":\"https:\/\/ml1xqiethand.i.optimole.com\/w:300\/h:202\/q:mauto\/f:best\/https:\/\/www.maliyontem.com.tr\/wp-content\/uploads\/2025\/12\/aile-sirketleri1.jpg\",\"datePublished\":\"2025-12-27T19:35:34+00:00\",\"dateModified\":\"2025-12-30T13:01:33+00:00\",\"breadcrumb\":{\"@id\":\"https:\/\/www.maliyontem.com.tr\/kurumsallasma-egitimleri\/#breadcrumb\"},\"inLanguage\":\"en-US\",\"potentialAction\":[{\"@type\":\"ReadAction\",\"target\":[\"https:\/\/www.maliyontem.com.tr\/kurumsallasma-egitimleri\/\"]}]},{\"@type\":\"ImageObject\",\"inLanguage\":\"en-US\",\"@id\":\"https:\/\/www.maliyontem.com.tr\/kurumsallasma-egitimleri\/#primaryimage\",\"url\":\"https:\/\/ml1xqiethand.i.optimole.com\/w:300\/h:202\/q:mauto\/f:best\/https:\/\/www.maliyontem.com.tr\/wp-content\/uploads\/2025\/12\/aile-sirketleri1.jpg\",\"contentUrl\":\"https:\/\/ml1xqiethand.i.optimole.com\/w:300\/h:202\/q:mauto\/f:best\/https:\/\/www.maliyontem.com.tr\/wp-content\/uploads\/2025\/12\/aile-sirketleri1.jpg\"},{\"@type\":\"BreadcrumbList\",\"@id\":\"https:\/\/www.maliyontem.com.tr\/kurumsallasma-egitimleri\/#breadcrumb\",\"itemListElement\":[{\"@type\":\"ListItem\",\"position\":1,\"name\":\"Anasayfa\",\"item\":\"https:\/\/www.maliyontem.com.tr\/\"},{\"@type\":\"ListItem\",\"position\":2,\"name\":\"Kurumsalla\u015fma E\u011fitimleri\"}]},{\"@type\":\"WebSite\",\"@id\":\"https:\/\/www.maliyontem.com.tr\/#website\",\"url\":\"https:\/\/www.maliyontem.com.tr\/\",\"name\":\"Mali Y\u00f6ntem\",\"description\":\"Mali Y&ouml;ntem \",\"publisher\":{\"@id\":\"https:\/\/www.maliyontem.com.tr\/#organization\"},\"potentialAction\":[{\"@type\":\"SearchAction\",\"target\":{\"@type\":\"EntryPoint\",\"urlTemplate\":\"https:\/\/www.maliyontem.com.tr\/?s={search_term_string}\"},\"query-input\":{\"@type\":\"PropertyValueSpecification\",\"valueRequired\":true,\"valueName\":\"search_term_string\"}}],\"inLanguage\":\"en-US\"},{\"@type\":\"Organization\",\"@id\":\"https:\/\/www.maliyontem.com.tr\/#organization\",\"name\":\"Mali Y\u00f6ntem\",\"url\":\"https:\/\/www.maliyontem.com.tr\/\",\"logo\":{\"@type\":\"ImageObject\",\"inLanguage\":\"en-US\",\"@id\":\"https:\/\/www.maliyontem.com.tr\/#\/schema\/logo\/image\/\",\"url\":\"https:\/\/ml1xqiethand.i.optimole.com\/w:auto\/h:auto\/q:mauto\/f:best\/https:\/\/www.maliyontem.com.tr\/wp-content\/uploads\/2025\/12\/maliyontem2-Photoroom.png\",\"contentUrl\":\"https:\/\/ml1xqiethand.i.optimole.com\/w:auto\/h:auto\/q:mauto\/f:best\/https:\/\/www.maliyontem.com.tr\/wp-content\/uploads\/2025\/12\/maliyontem2-Photoroom.png\",\"width\":1280,\"height\":444,\"caption\":\"Mali Y\u00f6ntem\"},\"image\":{\"@id\":\"https:\/\/www.maliyontem.com.tr\/#\/schema\/logo\/image\/\"}}]}<\/script>\n<!-- \/ Yoast SEO plugin. -->","yoast_head_json":{"title":"Kurumsalla\u015fma E\u011fitimleri - Mali Y\u00f6ntem","robots":{"index":"index","follow":"follow","max-snippet":"max-snippet:-1","max-image-preview":"max-image-preview:large","max-video-preview":"max-video-preview:-1"},"canonical":"https:\/\/www.maliyontem.com.tr\/en\/kurumsallasma-egitimleri\/","og_locale":"en_US","og_type":"article","og_title":"Kurumsalla\u015fma E\u011fitimleri - Mali Y\u00f6ntem","og_description":"Kurumsalla\u015fma E\u011fitimleri Aile \u015eirketlerinde Nesiller Boyu Ba\u015far\u0131 S\u00fcre:\u00a01 G\u00fcn Kat\u0131l\u0131mc\u0131lar: E\u011fitim Konular\u0131 Aile \u015firketi nedir? Aile \u015firketlerinin \u00f6zellikleri Aile \u015firketlerindeki profesyonellerin s\u0131k\u0131nt\u0131lar\u0131 ve kendilerini g\u00fc\u00e7l\u00fc hissettikleri hususlar\/yanlar Y\u00f6netim stratejileri ve ara\u00e7lar\u0131 Kurumsalla\u015fmada kar\u015f\u0131la\u015f\u0131lan zorluklar ve \u00e7\u00f6z\u00fcm \u00f6nerileri Kontrol ortam\u0131n\u0131n, i\u00e7 denetimin, b\u00fct\u00e7e ve raporlaman\u0131n \u00f6nemi ve fonksiyonu Denetim fonksiyonunun y\u00f6netime ve \u015firketlerin kredibilitesine olan katk\u0131s\u0131 [&hellip;]","og_url":"https:\/\/www.maliyontem.com.tr\/en\/kurumsallasma-egitimleri\/","og_site_name":"Mali Y\u00f6ntem","article_modified_time":"2025-12-30T13:01:33+00:00","og_image":[{"url":"https:\/\/ml1xqiethand.i.optimole.com\/w:300\/h:202\/q:mauto\/f:best\/https:\/\/www.maliyontem.com.tr\/wp-content\/uploads\/2025\/12\/aile-sirketleri1.jpg","type":"","width":"","height":""}],"twitter_card":"summary_large_image","twitter_misc":{"Est. reading time":"2 minutes"},"schema":{"@context":"https:\/\/schema.org","@graph":[{"@type":"WebPage","@id":"https:\/\/www.maliyontem.com.tr\/kurumsallasma-egitimleri\/","url":"https:\/\/www.maliyontem.com.tr\/kurumsallasma-egitimleri\/","name":"Kurumsalla\u015fma E\u011fitimleri - Mali Y\u00f6ntem","isPartOf":{"@id":"https:\/\/www.maliyontem.com.tr\/#website"},"primaryImageOfPage":{"@id":"https:\/\/www.maliyontem.com.tr\/kurumsallasma-egitimleri\/#primaryimage"},"image":{"@id":"https:\/\/www.maliyontem.com.tr\/kurumsallasma-egitimleri\/#primaryimage"},"thumbnailUrl":"https:\/\/ml1xqiethand.i.optimole.com\/w:300\/h:202\/q:mauto\/f:best\/https:\/\/www.maliyontem.com.tr\/wp-content\/uploads\/2025\/12\/aile-sirketleri1.jpg","datePublished":"2025-12-27T19:35:34+00:00","dateModified":"2025-12-30T13:01:33+00:00","breadcrumb":{"@id":"https:\/\/www.maliyontem.com.tr\/kurumsallasma-egitimleri\/#breadcrumb"},"inLanguage":"en-US","potentialAction":[{"@type":"ReadAction","target":["https:\/\/www.maliyontem.com.tr\/kurumsallasma-egitimleri\/"]}]},{"@type":"ImageObject","inLanguage":"en-US","@id":"https:\/\/www.maliyontem.com.tr\/kurumsallasma-egitimleri\/#primaryimage","url":"https:\/\/ml1xqiethand.i.optimole.com\/w:300\/h:202\/q:mauto\/f:best\/https:\/\/www.maliyontem.com.tr\/wp-content\/uploads\/2025\/12\/aile-sirketleri1.jpg","contentUrl":"https:\/\/ml1xqiethand.i.optimole.com\/w:300\/h:202\/q:mauto\/f:best\/https:\/\/www.maliyontem.com.tr\/wp-content\/uploads\/2025\/12\/aile-sirketleri1.jpg"},{"@type":"BreadcrumbList","@id":"https:\/\/www.maliyontem.com.tr\/kurumsallasma-egitimleri\/#breadcrumb","itemListElement":[{"@type":"ListItem","position":1,"name":"Anasayfa","item":"https:\/\/www.maliyontem.com.tr\/"},{"@type":"ListItem","position":2,"name":"Kurumsalla\u015fma E\u011fitimleri"}]},{"@type":"WebSite","@id":"https:\/\/www.maliyontem.com.tr\/#website","url":"https:\/\/www.maliyontem.com.tr\/","name":"Mali Y\u00f6ntem","description":"Mali Y&ouml;ntem","publisher":{"@id":"https:\/\/www.maliyontem.com.tr\/#organization"},"potentialAction":[{"@type":"SearchAction","target":{"@type":"EntryPoint","urlTemplate":"https:\/\/www.maliyontem.com.tr\/?s={search_term_string}"},"query-input":{"@type":"PropertyValueSpecification","valueRequired":true,"valueName":"search_term_string"}}],"inLanguage":"en-US"},{"@type":"Organization","@id":"https:\/\/www.maliyontem.com.tr\/#organization","name":"Mali Y\u00f6ntem","url":"https:\/\/www.maliyontem.com.tr\/","logo":{"@type":"ImageObject","inLanguage":"en-US","@id":"https:\/\/www.maliyontem.com.tr\/#\/schema\/logo\/image\/","url":"https:\/\/ml1xqiethand.i.optimole.com\/w:auto\/h:auto\/q:mauto\/f:best\/https:\/\/www.maliyontem.com.tr\/wp-content\/uploads\/2025\/12\/maliyontem2-Photoroom.png","contentUrl":"https:\/\/ml1xqiethand.i.optimole.com\/w:auto\/h:auto\/q:mauto\/f:best\/https:\/\/www.maliyontem.com.tr\/wp-content\/uploads\/2025\/12\/maliyontem2-Photoroom.png","width":1280,"height":444,"caption":"Mali Y\u00f6ntem"},"image":{"@id":"https:\/\/www.maliyontem.com.tr\/#\/schema\/logo\/image\/"}}]}},"_links":{"self":[{"href":"https:\/\/www.maliyontem.com.tr\/en\/wp-json\/wp\/v2\/pages\/3101","targetHints":{"allow":["GET"]}}],"collection":[{"href":"https:\/\/www.maliyontem.com.tr\/en\/wp-json\/wp\/v2\/pages"}],"about":[{"href":"https:\/\/www.maliyontem.com.tr\/en\/wp-json\/wp\/v2\/types\/page"}],"author":[{"embeddable":true,"href":"https:\/\/www.maliyontem.com.tr\/en\/wp-json\/wp\/v2\/users\/1"}],"replies":[{"embeddable":true,"href":"https:\/\/www.maliyontem.com.tr\/en\/wp-json\/wp\/v2\/comments?post=3101"}],"version-history":[{"count":7,"href":"https:\/\/www.maliyontem.com.tr\/en\/wp-json\/wp\/v2\/pages\/3101\/revisions"}],"predecessor-version":[{"id":3285,"href":"https:\/\/www.maliyontem.com.tr\/en\/wp-json\/wp\/v2\/pages\/3101\/revisions\/3285"}],"wp:attachment":[{"href":"https:\/\/www.maliyontem.com.tr\/en\/wp-json\/wp\/v2\/media?parent=3101"}],"curies":[{"name":"wp","href":"https:\/\/api.w.org\/{rel}","templated":true}]}}