{"id":2947,"date":"2025-12-27T10:05:50","date_gmt":"2025-12-27T10:05:50","guid":{"rendered":"https:\/\/www.maliyontem.com.tr\/?page_id=2947"},"modified":"2025-12-30T13:48:38","modified_gmt":"2025-12-30T13:48:38","slug":"iletisim","status":"publish","type":"page","link":"https:\/\/www.maliyontem.com.tr\/en\/iletisim\/","title":{"rendered":"Contact"},"content":{"rendered":"<div data-elementor-type=\"wp-page\" data-elementor-id=\"2947\" class=\"elementor elementor-2947\">\n\t\t\t\t<div class=\"elementor-element elementor-element-0194d41 e-flex e-con-boxed e-con e-parent\" data-id=\"0194d41\" data-element_type=\"container\">\n\t\t\t\t\t<div class=\"e-con-inner\">\n\t\t\t\t<div class=\"elementor-element elementor-element-1651e06 elementor-widget__width-inherit elementor-widget elementor-widget-heading\" data-id=\"1651e06\" data-element_type=\"widget\" data-widget_type=\"heading.default\">\n\t\t\t\t<div class=\"elementor-widget-container\">\n\t\t\t\t\t<h2 class=\"elementor-heading-title elementor-size-default\">Contact Us<\/h2>\t\t\t\t<\/div>\n\t\t\t\t<\/div>\n\t\t\t\t\t<\/div>\n\t\t\t\t<\/div>\n\t\t<div class=\"elementor-element elementor-element-575459d e-flex e-con-boxed e-con e-child\" data-id=\"575459d\" data-element_type=\"container\">\n\t\t\t\t\t<div class=\"e-con-inner\">\n\t\t<div class=\"elementor-element elementor-element-75c692a e-con-full e-flex e-con e-child\" data-id=\"75c692a\" data-element_type=\"container\" data-settings=\"{&quot;background_background&quot;:&quot;classic&quot;}\">\n\t\t\t\t<div class=\"elementor-element elementor-element-ab89951 elementor-view-stacked elementor-shape-circle elementor-position-block-start elementor-mobile-position-block-start elementor-widget elementor-widget-icon-box\" data-id=\"ab89951\" data-element_type=\"widget\" data-widget_type=\"icon-box.default\">\n\t\t\t\t<div class=\"elementor-widget-container\">\n\t\t\t\t\t\t\t<div class=\"elementor-icon-box-wrapper\">\n\n\t\t\t\t\t\t<div class=\"elementor-icon-box-icon\">\n\t\t\t\t<span  class=\"elementor-icon\">\n\t\t\t\t<i aria-hidden=\"true\" class=\"fas fa-map-marker-alt\"><\/i>\t\t\t\t<\/span>\n\t\t\t<\/div>\n\t\t\t\n\t\t\t\t\t\t<div class=\"elementor-icon-box-content\">\n\n\t\t\t\t\t\t\t\t\t<h4 class=\"elementor-icon-box-title\">\n\t\t\t\t\t\t<span  >\n\t\t\t\t\t\t\tAddress\t\t\t\t\t\t<\/span>\n\t\t\t\t\t<\/h4>\n\t\t\t\t\n\t\t\t\t\t\t\t\t\t<p class=\"elementor-icon-box-description\">\n\t\t\t\t\t\tOru\u00e7 Reis Neighborhood, Tekstilkent Street, Koza Plaza\nBlock A, Floor: 26, No: 12B, Inner Door: 262\nEsenler \/ ISTANBUL\t\t\t\t\t<\/p>\n\t\t\t\t\n\t\t\t<\/div>\n\t\t\t\n\t\t<\/div>\n\t\t\t\t\t\t<\/div>\n\t\t\t\t<\/div>\n\t\t\t\t<\/div>\n\t\t<div class=\"elementor-element elementor-element-bcbb80c e-con-full e-flex e-con e-child\" data-id=\"bcbb80c\" data-element_type=\"container\" data-settings=\"{&quot;background_background&quot;:&quot;classic&quot;}\">\n\t\t\t\t<div class=\"elementor-element elementor-element-b08cd14 elementor-view-stacked elementor-shape-circle elementor-position-block-start elementor-mobile-position-block-start elementor-widget elementor-widget-icon-box\" data-id=\"b08cd14\" data-element_type=\"widget\" data-widget_type=\"icon-box.default\">\n\t\t\t\t<div class=\"elementor-widget-container\">\n\t\t\t\t\t\t\t<div class=\"elementor-icon-box-wrapper\">\n\n\t\t\t\t\t\t<div class=\"elementor-icon-box-icon\">\n\t\t\t\t<span  class=\"elementor-icon\">\n\t\t\t\t<i aria-hidden=\"true\" class=\"fas fa-phone\"><\/i>\t\t\t\t<\/span>\n\t\t\t<\/div>\n\t\t\t\n\t\t\t\t\t\t<div class=\"elementor-icon-box-content\">\n\n\t\t\t\t\t\t\t\t\t<h4 class=\"elementor-icon-box-title\">\n\t\t\t\t\t\t<span  >\n\t\t\t\t\t\t\tPhone\t\t\t\t\t\t<\/span>\n\t\t\t\t\t<\/h4>\n\t\t\t\t\n\t\t\t\t\n\t\t\t<\/div>\n\t\t\t\n\t\t<\/div>\n\t\t\t\t\t\t<\/div>\n\t\t\t\t<\/div>\n\t\t\t\t<div class=\"elementor-element elementor-element-ce47858 elementor-icon-list--layout-traditional elementor-list-item-link-full_width elementor-widget elementor-widget-icon-list\" data-id=\"ce47858\" data-element_type=\"widget\" data-widget_type=\"icon-list.default\">\n\t\t\t\t<div class=\"elementor-widget-container\">\n\t\t\t\t\t\t\t<ul class=\"elementor-icon-list-items\">\n\t\t\t\t\t\t\t<li class=\"elementor-icon-list-item\">\n\t\t\t\t\t\t\t\t\t\t<span class=\"elementor-icon-list-text\">0212 438 80 10<\/span>\n\t\t\t\t\t\t\t\t\t<\/li>\n\t\t\t\t\t\t\t\t<li class=\"elementor-icon-list-item\">\n\t\t\t\t\t\t\t\t\t\t<span class=\"elementor-icon-list-text\"> 0501 186 34 21<\/span>\n\t\t\t\t\t\t\t\t\t<\/li>\n\t\t\t\t\t\t<\/ul>\n\t\t\t\t\t\t<\/div>\n\t\t\t\t<\/div>\n\t\t\t\t<\/div>\n\t\t<div class=\"elementor-element elementor-element-d4e4e15 e-con-full e-flex e-con e-child\" data-id=\"d4e4e15\" data-element_type=\"container\" data-settings=\"{&quot;background_background&quot;:&quot;classic&quot;}\">\n\t\t\t\t<div class=\"elementor-element elementor-element-2b98406 elementor-view-stacked elementor-shape-circle elementor-position-block-start elementor-mobile-position-block-start elementor-widget elementor-widget-icon-box\" data-id=\"2b98406\" data-element_type=\"widget\" data-widget_type=\"icon-box.default\">\n\t\t\t\t<div class=\"elementor-widget-container\">\n\t\t\t\t\t\t\t<div class=\"elementor-icon-box-wrapper\">\n\n\t\t\t\t\t\t<div class=\"elementor-icon-box-icon\">\n\t\t\t\t<span  class=\"elementor-icon\">\n\t\t\t\t<i aria-hidden=\"true\" class=\"fas fa-mail-bulk\"><\/i>\t\t\t\t<\/span>\n\t\t\t<\/div>\n\t\t\t\n\t\t\t\t\t\t<div class=\"elementor-icon-box-content\">\n\n\t\t\t\t\t\t\t\t\t<h4 class=\"elementor-icon-box-title\">\n\t\t\t\t\t\t<span  >\n\t\t\t\t\t\t\tEmail\t\t\t\t\t\t<\/span>\n\t\t\t\t\t<\/h4>\n\t\t\t\t\n\t\t\t\t\n\t\t\t<\/div>\n\t\t\t\n\t\t<\/div>\n\t\t\t\t\t\t<\/div>\n\t\t\t\t<\/div>\n\t\t\t\t<div class=\"elementor-element elementor-element-63d8553 elementor-icon-list--layout-traditional elementor-list-item-link-full_width elementor-widget elementor-widget-icon-list\" data-id=\"63d8553\" data-element_type=\"widget\" data-widget_type=\"icon-list.default\">\n\t\t\t\t<div class=\"elementor-widget-container\">\n\t\t\t\t\t\t\t<ul class=\"elementor-icon-list-items\">\n\t\t\t\t\t\t\t<li class=\"elementor-icon-list-item\">\n\t\t\t\t\t\t\t\t\t\t<span class=\"elementor-icon-list-text\">info@maliyontem.com.tr<\/span>\n\t\t\t\t\t\t\t\t\t<\/li>\n\t\t\t\t\t\t\t\t<li class=\"elementor-icon-list-item\">\n\t\t\t\t\t\t\t\t\t\t<span class=\"elementor-icon-list-text\"><\/span>\n\t\t\t\t\t\t\t\t\t<\/li>\n\t\t\t\t\t\t<\/ul>\n\t\t\t\t\t\t<\/div>\n\t\t\t\t<\/div>\n\t\t\t\t<\/div>\n\t\t\t\t\t<\/div>\n\t\t\t\t<\/div>\n\t\t<div class=\"elementor-element elementor-element-051ee1c e-flex e-con-boxed e-con e-parent\" data-id=\"051ee1c\" data-element_type=\"container\">\n\t\t\t\t\t<div class=\"e-con-inner\">\n\t\t<div class=\"elementor-element elementor-element-bb2fdf2 e-con-full e-flex e-con e-child\" data-id=\"bb2fdf2\" data-element_type=\"container\">\n\t\t<div class=\"elementor-element elementor-element-f92dec5 e-con-full e-flex e-con e-child\" data-id=\"f92dec5\" data-element_type=\"container\">\n\t\t\t\t<div class=\"elementor-element elementor-element-2e7c0ad elementor-widget elementor-widget-google_maps\" data-id=\"2e7c0ad\" data-element_type=\"widget\" data-widget_type=\"google_maps.default\">\n\t\t\t\t<div class=\"elementor-widget-container\">\n\t\t\t\t\t\t\t<div class=\"elementor-custom-embed\">\n\t\t\t<iframe loading=\"lazy\"\n\t\t\t\t\tsrc=\"https:\/\/maps.google.com\/maps?q=Oru%C3%A7%20Reis%20Mahallesi%20Tekstilkent%20Caddesi%20Koza%20Plaza%20A%20Blok%20Kat%3A26%20Esenler%2F%C4%B0STANBUL&#038;t=m&#038;z=10&#038;output=embed&#038;iwloc=near\"\n\t\t\t\t\ttitle=\"Oru\u00e7 Reis Mahallesi Tekstilkent Caddesi Koza Plaza A Blok Kat:26 Esenler\/\u0130STANBUL\"\n\t\t\t\t\taria-label=\"Oru\u00e7 Reis Mahallesi Tekstilkent Caddesi Koza Plaza A Blok Kat:26 Esenler\/\u0130STANBUL\"\n\t\t\t><\/iframe>\n\t\t<\/div>\n\t\t\t\t\t\t<\/div>\n\t\t\t\t<\/div>\n\t\t\t\t<\/div>\n\t\t<div class=\"elementor-element elementor-element-7814175 e-con-full e-flex e-con e-child\" data-id=\"7814175\" data-element_type=\"container\">\n\t\t<div class=\"elementor-element elementor-element-8bacddb e-con-full e-flex e-con e-child\" data-id=\"8bacddb\" data-element_type=\"container\">\n\t\t\t\t<div class=\"elementor-element elementor-element-60e9df2 elementor-widget elementor-widget-heading\" data-id=\"60e9df2\" data-element_type=\"widget\" data-widget_type=\"heading.default\">\n\t\t\t\t<div class=\"elementor-widget-container\">\n\t\t\t\t\t<h2 class=\"elementor-heading-title elementor-size-default\">Send a Message<\/h2>\t\t\t\t<\/div>\n\t\t\t\t<\/div>\n\t\t\t\t<div class=\"elementor-element elementor-element-eade420 elementor-widget elementor-widget-shortcode\" data-id=\"eade420\" data-element_type=\"widget\" data-widget_type=\"shortcode.default\">\n\t\t\t\t<div class=\"elementor-widget-container\">\n\t\t\t\t\t\t\t<div class=\"elementor-shortcode\"><div class=\"wpforms-container\" id=\"wpforms-7\"><form id=\"wpforms-form-7\" class=\"wpforms-validate wpforms-form\" data-formid=\"7\" method=\"post\" enctype=\"multipart\/form-data\" action=\"\/en\/wp-json\/wp\/v2\/pages\/2947\" data-token=\"059e7fb02c0f5b277119de1ce3f70469\" data-token-time=\"1776313209\" data-trp-original-action=\"\/en\/wp-json\/wp\/v2\/pages\/2947\"><noscript class=\"wpforms-error-noscript\">Please enable JavaScript in your browser to complete this form.<\/noscript><div class=\"wpforms-field-container\"><div id=\"wpforms-7-field_0-container\" class=\"wpforms-field wpforms-field-name\" data-field-id=\"0\"><label class=\"wpforms-field-label wpforms-label-hide\" for=\"wpforms-7-field_0\">Full Name <span class=\"wpforms-required-label\">*<\/span><\/label><input type=\"text\" id=\"wpforms-7-field_0\" class=\"wpforms-field-large wpforms-field-required\" name=\"wpforms[fields][0]\" placeholder=\"Full Name\" required><\/div><div id=\"wpforms-7-field_1-container\" class=\"wpforms-field wpforms-field-email\" data-field-id=\"1\"><label class=\"wpforms-field-label wpforms-label-hide\" for=\"wpforms-7-field_1\">Email <span class=\"wpforms-required-label\">*<\/span><\/label><input type=\"email\" id=\"wpforms-7-field_1\" class=\"wpforms-field-large wpforms-field-required\" name=\"wpforms[fields][1]\" placeholder=\"Email\" spellcheck=\"false\" required><\/div><div id=\"wpforms-7-field_3-container\" class=\"wpforms-field wpforms-field-text\" data-field-id=\"3\"><label class=\"wpforms-field-label wpforms-label-hide\" for=\"wpforms-7-field_3\">Subject <span class=\"wpforms-required-label\">*<\/span><\/label><input type=\"text\" id=\"wpforms-7-field_3\" class=\"wpforms-field-large wpforms-field-required\" name=\"wpforms[fields][3]\" placeholder=\"Subject\" required><\/div><div id=\"wpforms-7-field_2-container\" class=\"wpforms-field wpforms-field-textarea\" data-field-id=\"2\"><label class=\"wpforms-field-label wpforms-label-hide\" for=\"wpforms-7-field_2\">Message <span class=\"wpforms-required-label\">*<\/span><\/label><textarea id=\"wpforms-7-field_2\" class=\"wpforms-field-medium wpforms-field-required\" name=\"wpforms[fields][2]\" placeholder=\"Message\" required><\/textarea><\/div><\/div><!-- .wpforms-field-container --><div class=\"wpforms-field wpforms-field-hp\"><label for=\"wpforms-7-field-hp\" class=\"wpforms-field-label\">Name<\/label><input type=\"text\" name=\"wpforms[hp]\" id=\"wpforms-7-field-hp\" class=\"wpforms-field-medium\"><\/div><div class=\"wpforms-submit-container\" ><input type=\"hidden\" name=\"wpforms[id]\" value=\"7\"><input type=\"hidden\" name=\"page_title\" value=\"\"><input type=\"hidden\" name=\"page_url\" value=\"https:\/\/www.maliyontem.com.tr\/en\/wp-json\/wp\/v2\/pages\/2947\"><input type=\"hidden\" name=\"url_referer\" value=\"\"><button type=\"submit\" name=\"wpforms[submit]\" id=\"wpforms-submit-7\" class=\"wpforms-submit\" data-alt-text=\"G\u00f6nderiliyor...\" data-submit-text=\"G\u00f6nder\" aria-live=\"assertive\" value=\"wpforms-submit\">SEND<\/button><\/div><input type=\"hidden\" name=\"trp-form-language\" value=\"en\"\/><\/form><\/div>  <!-- .wpforms-container -->\n\n<\/div>\n\t\t\t\t\t\t<\/div>\n\t\t\t\t<\/div>\n\t\t\t\t<\/div>\n\t\t\t\t<\/div>\n\t\t\t\t<\/div>\n\t\t\t\t\t<\/div>\n\t\t\t\t<\/div>\n\t\t\t\t<\/div>","protected":false},"excerpt":{"rendered":"<p>Bizimle \u0130leti\u015fime Ge\u00e7in Adres Oru\u00e7 Reis Mah. Tekstilkent Cad. Koza Plaza A Blok Kat:26 NO:12B \u0130\u00e7 Kap\u0131:262 Esenler\/\u0130STANBUL Telefon 0212 438 80 10 0501 186 34 21 E Posta info@maliyontem.com.tr Mesaj G\u00f6nder<\/p>","protected":false},"author":1,"featured_media":0,"parent":0,"menu_order":0,"comment_status":"closed","ping_status":"closed","template":"","meta":{"site-sidebar-layout":"no-sidebar","site-content-layout":"page-builder","ast-site-content-layout":"full-width-container","site-content-style":"default","site-sidebar-style":"default","ast-global-header-display":"","ast-banner-title-visibility":"","ast-main-header-display":"","ast-hfb-above-header-display":"","ast-hfb-below-header-display":"","ast-hfb-mobile-header-display":"","site-post-title":"disabled","ast-breadcrumbs-content":"","ast-featured-img":"disabled","footer-sml-layout":"","ast-disable-related-posts":"","theme-transparent-header-meta":"","adv-header-id-meta":"","stick-header-meta":"","header-above-stick-meta":"","header-main-stick-meta":"","header-below-stick-meta":"","astra-migrate-meta-layouts":"set","ast-page-background-enabled":"default","ast-page-background-meta":{"desktop":{"background-color":"","background-image":"","background-repeat":"repeat","background-position":"center center","background-size":"auto","background-attachment":"scroll","background-type":"","background-media":"","overlay-type":"","overlay-color":"","overlay-opacity":"","overlay-gradient":""},"tablet":{"background-color":"","background-image":"","background-repeat":"repeat","background-position":"center center","background-size":"auto","background-attachment":"scroll","background-type":"","background-media":"","overlay-type":"","overlay-color":"","overlay-opacity":"","overlay-gradient":""},"mobile":{"background-color":"","background-image":"","background-repeat":"repeat","background-position":"center center","background-size":"auto","background-attachment":"scroll","background-type":"","background-media":"","overlay-type":"","overlay-color":"","overlay-opacity":"","overlay-gradient":""}},"ast-content-background-meta":{"desktop":{"background-color":"var(--ast-global-color-5)","background-image":"","background-repeat":"repeat","background-position":"center center","background-size":"auto","background-attachment":"scroll","background-type":"","background-media":"","overlay-type":"","overlay-color":"","overlay-opacity":"","overlay-gradient":""},"tablet":{"background-color":"var(--ast-global-color-5)","background-image":"","background-repeat":"repeat","background-position":"center center","background-size":"auto","background-attachment":"scroll","background-type":"","background-media":"","overlay-type":"","overlay-color":"","overlay-opacity":"","overlay-gradient":""},"mobile":{"background-color":"var(--ast-global-color-5)","background-image":"","background-repeat":"repeat","background-position":"center center","background-size":"auto","background-attachment":"scroll","background-type":"","background-media":"","overlay-type":"","overlay-color":"","overlay-opacity":"","overlay-gradient":""}},"footnotes":""},"class_list":["post-2947","page","type-page","status-publish","hentry"],"yoast_head":"<!-- This site is optimized with the Yoast SEO plugin v26.6 - https:\/\/yoast.com\/wordpress\/plugins\/seo\/ -->\n<title>\u0130leti\u015fim - Mali Y\u00f6ntem<\/title>\n<meta name=\"robots\" content=\"index, follow, max-snippet:-1, max-image-preview:large, max-video-preview:-1\" \/>\n<link rel=\"canonical\" href=\"https:\/\/www.maliyontem.com.tr\/en\/iletisim\/\" \/>\n<meta property=\"og:locale\" content=\"en_US\" \/>\n<meta property=\"og:type\" content=\"article\" \/>\n<meta property=\"og:title\" content=\"\u0130leti\u015fim - Mali Y\u00f6ntem\" \/>\n<meta property=\"og:description\" content=\"Bizimle \u0130leti\u015fime Ge\u00e7in Adres Oru\u00e7 Reis Mah. Tekstilkent Cad. Koza Plaza A Blok Kat:26 NO:12B \u0130\u00e7 Kap\u0131:262 Esenler\/\u0130STANBUL Telefon 0212 438 80 10 0501 186 34 21 E Posta info@maliyontem.com.tr Mesaj G\u00f6nder\" \/>\n<meta property=\"og:url\" content=\"https:\/\/www.maliyontem.com.tr\/en\/iletisim\/\" \/>\n<meta property=\"og:site_name\" content=\"Mali Y\u00f6ntem\" \/>\n<meta property=\"article:modified_time\" content=\"2025-12-30T13:48:38+00:00\" \/>\n<meta name=\"twitter:card\" content=\"summary_large_image\" \/>\n<meta name=\"twitter:label1\" content=\"Est. reading time\" \/>\n\t<meta name=\"twitter:data1\" content=\"1 minute\" \/>\n<script type=\"application\/ld+json\" class=\"yoast-schema-graph\">{\"@context\":\"https:\/\/schema.org\",\"@graph\":[{\"@type\":\"WebPage\",\"@id\":\"https:\/\/www.maliyontem.com.tr\/iletisim\/\",\"url\":\"https:\/\/www.maliyontem.com.tr\/iletisim\/\",\"name\":\"\u0130leti\u015fim - Mali Y\u00f6ntem\",\"isPartOf\":{\"@id\":\"https:\/\/www.maliyontem.com.tr\/#website\"},\"datePublished\":\"2025-12-27T10:05:50+00:00\",\"dateModified\":\"2025-12-30T13:48:38+00:00\",\"breadcrumb\":{\"@id\":\"https:\/\/www.maliyontem.com.tr\/iletisim\/#breadcrumb\"},\"inLanguage\":\"en-US\",\"potentialAction\":[{\"@type\":\"ReadAction\",\"target\":[\"https:\/\/www.maliyontem.com.tr\/iletisim\/\"]}]},{\"@type\":\"BreadcrumbList\",\"@id\":\"https:\/\/www.maliyontem.com.tr\/iletisim\/#breadcrumb\",\"itemListElement\":[{\"@type\":\"ListItem\",\"position\":1,\"name\":\"Anasayfa\",\"item\":\"https:\/\/www.maliyontem.com.tr\/\"},{\"@type\":\"ListItem\",\"position\":2,\"name\":\"\u0130leti\u015fim\"}]},{\"@type\":\"WebSite\",\"@id\":\"https:\/\/www.maliyontem.com.tr\/#website\",\"url\":\"https:\/\/www.maliyontem.com.tr\/\",\"name\":\"Mali Y\u00f6ntem\",\"description\":\"Mali Y&ouml;ntem \",\"publisher\":{\"@id\":\"https:\/\/www.maliyontem.com.tr\/#organization\"},\"potentialAction\":[{\"@type\":\"SearchAction\",\"target\":{\"@type\":\"EntryPoint\",\"urlTemplate\":\"https:\/\/www.maliyontem.com.tr\/?s={search_term_string}\"},\"query-input\":{\"@type\":\"PropertyValueSpecification\",\"valueRequired\":true,\"valueName\":\"search_term_string\"}}],\"inLanguage\":\"en-US\"},{\"@type\":\"Organization\",\"@id\":\"https:\/\/www.maliyontem.com.tr\/#organization\",\"name\":\"Mali Y\u00f6ntem\",\"url\":\"https:\/\/www.maliyontem.com.tr\/\",\"logo\":{\"@type\":\"ImageObject\",\"inLanguage\":\"en-US\",\"@id\":\"https:\/\/www.maliyontem.com.tr\/#\/schema\/logo\/image\/\",\"url\":\"https:\/\/ml1xqiethand.i.optimole.com\/w:auto\/h:auto\/q:mauto\/f:best\/https:\/\/www.maliyontem.com.tr\/wp-content\/uploads\/2025\/12\/maliyontem2-Photoroom.png\",\"contentUrl\":\"https:\/\/ml1xqiethand.i.optimole.com\/w:auto\/h:auto\/q:mauto\/f:best\/https:\/\/www.maliyontem.com.tr\/wp-content\/uploads\/2025\/12\/maliyontem2-Photoroom.png\",\"width\":1280,\"height\":444,\"caption\":\"Mali Y\u00f6ntem\"},\"image\":{\"@id\":\"https:\/\/www.maliyontem.com.tr\/#\/schema\/logo\/image\/\"}}]}<\/script>\n<!-- \/ Yoast SEO plugin. -->","yoast_head_json":{"title":"\u0130leti\u015fim - Mali Y\u00f6ntem","robots":{"index":"index","follow":"follow","max-snippet":"max-snippet:-1","max-image-preview":"max-image-preview:large","max-video-preview":"max-video-preview:-1"},"canonical":"https:\/\/www.maliyontem.com.tr\/en\/iletisim\/","og_locale":"en_US","og_type":"article","og_title":"\u0130leti\u015fim - Mali Y\u00f6ntem","og_description":"Bizimle \u0130leti\u015fime Ge\u00e7in Adres Oru\u00e7 Reis Mah. Tekstilkent Cad. Koza Plaza A Blok Kat:26 NO:12B \u0130\u00e7 Kap\u0131:262 Esenler\/\u0130STANBUL Telefon 0212 438 80 10 0501 186 34 21 E Posta info@maliyontem.com.tr Mesaj G\u00f6nder","og_url":"https:\/\/www.maliyontem.com.tr\/en\/iletisim\/","og_site_name":"Mali Y\u00f6ntem","article_modified_time":"2025-12-30T13:48:38+00:00","twitter_card":"summary_large_image","twitter_misc":{"Est. reading time":"1 minute"},"schema":{"@context":"https:\/\/schema.org","@graph":[{"@type":"WebPage","@id":"https:\/\/www.maliyontem.com.tr\/iletisim\/","url":"https:\/\/www.maliyontem.com.tr\/iletisim\/","name":"\u0130leti\u015fim - Mali Y\u00f6ntem","isPartOf":{"@id":"https:\/\/www.maliyontem.com.tr\/#website"},"datePublished":"2025-12-27T10:05:50+00:00","dateModified":"2025-12-30T13:48:38+00:00","breadcrumb":{"@id":"https:\/\/www.maliyontem.com.tr\/iletisim\/#breadcrumb"},"inLanguage":"en-US","potentialAction":[{"@type":"ReadAction","target":["https:\/\/www.maliyontem.com.tr\/iletisim\/"]}]},{"@type":"BreadcrumbList","@id":"https:\/\/www.maliyontem.com.tr\/iletisim\/#breadcrumb","itemListElement":[{"@type":"ListItem","position":1,"name":"Anasayfa","item":"https:\/\/www.maliyontem.com.tr\/"},{"@type":"ListItem","position":2,"name":"\u0130leti\u015fim"}]},{"@type":"WebSite","@id":"https:\/\/www.maliyontem.com.tr\/#website","url":"https:\/\/www.maliyontem.com.tr\/","name":"Mali Y\u00f6ntem","description":"Mali Y&ouml;ntem","publisher":{"@id":"https:\/\/www.maliyontem.com.tr\/#organization"},"potentialAction":[{"@type":"SearchAction","target":{"@type":"EntryPoint","urlTemplate":"https:\/\/www.maliyontem.com.tr\/?s={search_term_string}"},"query-input":{"@type":"PropertyValueSpecification","valueRequired":true,"valueName":"search_term_string"}}],"inLanguage":"en-US"},{"@type":"Organization","@id":"https:\/\/www.maliyontem.com.tr\/#organization","name":"Mali Y\u00f6ntem","url":"https:\/\/www.maliyontem.com.tr\/","logo":{"@type":"ImageObject","inLanguage":"en-US","@id":"https:\/\/www.maliyontem.com.tr\/#\/schema\/logo\/image\/","url":"https:\/\/ml1xqiethand.i.optimole.com\/w:auto\/h:auto\/q:mauto\/f:best\/https:\/\/www.maliyontem.com.tr\/wp-content\/uploads\/2025\/12\/maliyontem2-Photoroom.png","contentUrl":"https:\/\/ml1xqiethand.i.optimole.com\/w:auto\/h:auto\/q:mauto\/f:best\/https:\/\/www.maliyontem.com.tr\/wp-content\/uploads\/2025\/12\/maliyontem2-Photoroom.png","width":1280,"height":444,"caption":"Mali Y\u00f6ntem"},"image":{"@id":"https:\/\/www.maliyontem.com.tr\/#\/schema\/logo\/image\/"}}]}},"_links":{"self":[{"href":"https:\/\/www.maliyontem.com.tr\/en\/wp-json\/wp\/v2\/pages\/2947","targetHints":{"allow":["GET"]}}],"collection":[{"href":"https:\/\/www.maliyontem.com.tr\/en\/wp-json\/wp\/v2\/pages"}],"about":[{"href":"https:\/\/www.maliyontem.com.tr\/en\/wp-json\/wp\/v2\/types\/page"}],"author":[{"embeddable":true,"href":"https:\/\/www.maliyontem.com.tr\/en\/wp-json\/wp\/v2\/users\/1"}],"replies":[{"embeddable":true,"href":"https:\/\/www.maliyontem.com.tr\/en\/wp-json\/wp\/v2\/comments?post=2947"}],"version-history":[{"count":13,"href":"https:\/\/www.maliyontem.com.tr\/en\/wp-json\/wp\/v2\/pages\/2947\/revisions"}],"predecessor-version":[{"id":3308,"href":"https:\/\/www.maliyontem.com.tr\/en\/wp-json\/wp\/v2\/pages\/2947\/revisions\/3308"}],"wp:attachment":[{"href":"https:\/\/www.maliyontem.com.tr\/en\/wp-json\/wp\/v2\/media?parent=2947"}],"curies":[{"name":"wp","href":"https:\/\/api.w.org\/{rel}","templated":true}]}}