{"id":2937,"date":"2025-12-27T10:03:17","date_gmt":"2025-12-27T10:03:17","guid":{"rendered":"https:\/\/www.maliyontem.com.tr\/?page_id=2937"},"modified":"2025-12-27T10:04:31","modified_gmt":"2025-12-27T10:04:31","slug":"devlet-arazilerine-yatirim-tesvikleri","status":"publish","type":"page","link":"https:\/\/www.maliyontem.com.tr\/en\/hizmetlerimiz-2\/devlet-arazilerine-yatirim-tesvikleri\/","title":{"rendered":"Investment Incentives on Public Land"},"content":{"rendered":"<div data-elementor-type=\"wp-page\" data-elementor-id=\"2937\" class=\"elementor elementor-2937\">\n\t\t\t\t<div class=\"elementor-element elementor-element-0194d41 e-flex e-con-boxed e-con e-parent\" data-id=\"0194d41\" data-element_type=\"container\">\n\t\t\t\t\t<div class=\"e-con-inner\">\n\t\t\t\t<div class=\"elementor-element elementor-element-1651e06 elementor-widget__width-inherit elementor-widget elementor-widget-heading\" data-id=\"1651e06\" data-element_type=\"widget\" data-widget_type=\"heading.default\">\n\t\t\t\t<div class=\"elementor-widget-container\">\n\t\t\t\t\t<h2 class=\"elementor-heading-title elementor-size-default\">Investment Incentives on Public Land<\/h2>\t\t\t\t<\/div>\n\t\t\t\t<\/div>\n\t\t\t\t\t<\/div>\n\t\t\t\t<\/div>\n\t\t<div class=\"elementor-element elementor-element-fabb98b e-flex e-con-boxed e-con e-parent\" data-id=\"fabb98b\" data-element_type=\"container\">\n\t\t\t\t\t<div class=\"e-con-inner\">\n\t\t\t\t<div class=\"elementor-element elementor-element-d0e2d87 elementor-widget elementor-widget-text-editor\" data-id=\"d0e2d87\" data-element_type=\"widget\" data-widget_type=\"text-editor.default\">\n\t\t\t\t<div class=\"elementor-widget-container\">\n\t\t\t\t\t\t\t\t\t<div class=\"wpb_content_element block_title column_title inner-inline_border\"><p><img fetchpriority=\"high\" decoding=\"async\" data-opt-id=\"1517786725\" class=\"size-medium wp-image-2939 alignleft\"  src=\"https:\/\/ml1xqiethand.i.optimole.com\/w:300\/h:158\/q:mauto\/f:best\/https:\/\/www.maliyontem.com.tr\/wp-content\/uploads\/2025\/12\/hazine-arazisi-nasil-kiralanir_646x340.jpg\" alt=\"hazine arazisi nasil kiralanir 646x340\" width=\"300\" height=\"158\" srcset=\"https:\/\/ml1xqiethand.i.optimole.com\/w:646\/h:340\/q:mauto\/f:best\/https:\/\/www.maliyontem.com.tr\/wp-content\/uploads\/2025\/12\/hazine-arazisi-nasil-kiralanir_646x340.jpg 646w, https:\/\/ml1xqiethand.i.optimole.com\/w:300\/h:158\/q:mauto\/f:best\/https:\/\/www.maliyontem.com.tr\/wp-content\/uploads\/2025\/12\/hazine-arazisi-nasil-kiralanir_646x340.jpg 300w\" sizes=\"(max-width: 300px) 100vw, 300px\" \/>We support companies that are considering investing in Treasury-owned public lands. As long as you continue to produce for our country, you will have the support of our consultants by your side.<\/p><ul><li>Incentives granted for investments on public land for tourism, education, energy, livestock, and agricultural investments (Right of Easement):\nup to 4 years of preliminary permit, up to 80% discount on the fee;\nfollowing the preliminary permit, up to 30 years, with a 70% discount on the fee for the first 3 years.<\/li><li>Consultancy services for public land purchase tenders<\/li><li>Consultancy services for the establishment of easement rights on public land<\/li><li>Investment Incentive (Right of Easement):\nFor investments with an Incentive Certificate: 49-year period, free preliminary permit, annual fee equal to 2.5% of the property value, 70% discount for the first 3 years, and no revenue share collected.<\/li><li>In sales of public land:\ninstallment payment up to 2 years, VAT-exempt sale, 5-year exemption from property tax, title deed issued without fees.<\/li><li>Consultancy services for the purchase of 2\/B lands<\/li><li>Consultancy services for leasing public land: up to 10 years of lease term, VAT-exempt payment<\/li><li>Leasing of public land for afforestation purposes: 50% discount for the first 5 years<\/li><\/ul><\/div>\t\t\t\t\t\t\t\t<\/div>\n\t\t\t\t<\/div>\n\t\t\t\t\t<\/div>\n\t\t\t\t<\/div>\n\t\t\t\t<\/div>","protected":false},"excerpt":{"rendered":"<p>Devlet Arazilerine Yat\u0131r\u0131m Te\u015fvikleri Hazine arazilerine yat\u0131r\u0131m yapmay\u0131 d\u00fc\u015f\u00fcnen \u015firketlerimizin yan\u0131nday\u0131z. Siz \u00fclkemiz i\u00e7in \u00fcretmeye devam ettik\u00e7e yan\u0131n\u0131zda dan\u0131\u015fmanlar\u0131m\u0131z\u0131n deste\u011fini yan\u0131nda bulacaks\u0131n\u0131z. Devlet arazisine turizm, e\u011fitim, enerji, hayvanc\u0131l\u0131k, tar\u0131msal yat\u0131r\u0131m i\u00e7in verilen te\u015fviklerde(\u0130RT\u0130FAK); \u00f6n izinde 4 y\u0131la kadar s\u00fcre, % 80 bedele kadar indirim. \u00d6n izin sonras\u0131 30 y\u0131la kadar s\u00fcre, bedele ilk 3 y\u0131l [&hellip;]<\/p>","protected":false},"author":1,"featured_media":0,"parent":2715,"menu_order":0,"comment_status":"closed","ping_status":"closed","template":"","meta":{"site-sidebar-layout":"no-sidebar","site-content-layout":"page-builder","ast-site-content-layout":"full-width-container","site-content-style":"default","site-sidebar-style":"default","ast-global-header-display":"","ast-banner-title-visibility":"","ast-main-header-display":"","ast-hfb-above-header-display":"","ast-hfb-below-header-display":"","ast-hfb-mobile-header-display":"","site-post-title":"disabled","ast-breadcrumbs-content":"","ast-featured-img":"disabled","footer-sml-layout":"","ast-disable-related-posts":"","theme-transparent-header-meta":"","adv-header-id-meta":"","stick-header-meta":"","header-above-stick-meta":"","header-main-stick-meta":"","header-below-stick-meta":"","astra-migrate-meta-layouts":"set","ast-page-background-enabled":"default","ast-page-background-meta":{"desktop":{"background-color":"","background-image":"","background-repeat":"repeat","background-position":"center center","background-size":"auto","background-attachment":"scroll","background-type":"","background-media":"","overlay-type":"","overlay-color":"","overlay-opacity":"","overlay-gradient":""},"tablet":{"background-color":"","background-image":"","background-repeat":"repeat","background-position":"center center","background-size":"auto","background-attachment":"scroll","background-type":"","background-media":"","overlay-type":"","overlay-color":"","overlay-opacity":"","overlay-gradient":""},"mobile":{"background-color":"","background-image":"","background-repeat":"repeat","background-position":"center center","background-size":"auto","background-attachment":"scroll","background-type":"","background-media":"","overlay-type":"","overlay-color":"","overlay-opacity":"","overlay-gradient":""}},"ast-content-background-meta":{"desktop":{"background-color":"var(--ast-global-color-5)","background-image":"","background-repeat":"repeat","background-position":"center center","background-size":"auto","background-attachment":"scroll","background-type":"","background-media":"","overlay-type":"","overlay-color":"","overlay-opacity":"","overlay-gradient":""},"tablet":{"background-color":"var(--ast-global-color-5)","background-image":"","background-repeat":"repeat","background-position":"center center","background-size":"auto","background-attachment":"scroll","background-type":"","background-media":"","overlay-type":"","overlay-color":"","overlay-opacity":"","overlay-gradient":""},"mobile":{"background-color":"var(--ast-global-color-5)","background-image":"","background-repeat":"repeat","background-position":"center center","background-size":"auto","background-attachment":"scroll","background-type":"","background-media":"","overlay-type":"","overlay-color":"","overlay-opacity":"","overlay-gradient":""}},"footnotes":""},"class_list":["post-2937","page","type-page","status-publish","hentry"],"yoast_head":"<!-- This site is optimized with the Yoast SEO plugin v26.6 - https:\/\/yoast.com\/wordpress\/plugins\/seo\/ -->\n<title>Devlet Arazilerine Yat\u0131r\u0131m Te\u015fvikleri - Mali Y\u00f6ntem<\/title>\n<meta name=\"robots\" content=\"index, follow, max-snippet:-1, max-image-preview:large, max-video-preview:-1\" \/>\n<link rel=\"canonical\" href=\"https:\/\/www.maliyontem.com.tr\/en\/hizmetlerimiz-2\/devlet-arazilerine-yatirim-tesvikleri\/\" \/>\n<meta property=\"og:locale\" content=\"en_US\" \/>\n<meta property=\"og:type\" content=\"article\" \/>\n<meta property=\"og:title\" content=\"Devlet Arazilerine Yat\u0131r\u0131m Te\u015fvikleri - Mali Y\u00f6ntem\" \/>\n<meta property=\"og:description\" content=\"Devlet Arazilerine Yat\u0131r\u0131m Te\u015fvikleri Hazine arazilerine yat\u0131r\u0131m yapmay\u0131 d\u00fc\u015f\u00fcnen \u015firketlerimizin yan\u0131nday\u0131z. Siz \u00fclkemiz i\u00e7in \u00fcretmeye devam ettik\u00e7e yan\u0131n\u0131zda dan\u0131\u015fmanlar\u0131m\u0131z\u0131n deste\u011fini yan\u0131nda bulacaks\u0131n\u0131z. Devlet arazisine turizm, e\u011fitim, enerji, hayvanc\u0131l\u0131k, tar\u0131msal yat\u0131r\u0131m i\u00e7in verilen te\u015fviklerde(\u0130RT\u0130FAK); \u00f6n izinde 4 y\u0131la kadar s\u00fcre, % 80 bedele kadar indirim. \u00d6n izin sonras\u0131 30 y\u0131la kadar s\u00fcre, bedele ilk 3 y\u0131l [&hellip;]\" \/>\n<meta property=\"og:url\" content=\"https:\/\/www.maliyontem.com.tr\/en\/hizmetlerimiz-2\/devlet-arazilerine-yatirim-tesvikleri\/\" \/>\n<meta property=\"og:site_name\" content=\"Mali Y\u00f6ntem\" \/>\n<meta property=\"article:modified_time\" content=\"2025-12-27T10:04:31+00:00\" \/>\n<meta property=\"og:image\" content=\"https:\/\/ml1xqiethand.i.optimole.com\/w:300\/h:158\/q:mauto\/f:best\/https:\/\/www.maliyontem.com.tr\/wp-content\/uploads\/2025\/12\/hazine-arazisi-nasil-kiralanir_646x340.jpg\" \/>\n<meta name=\"twitter:card\" content=\"summary_large_image\" \/>\n<meta name=\"twitter:label1\" content=\"Est. reading time\" \/>\n\t<meta name=\"twitter:data1\" content=\"1 minute\" \/>\n<script type=\"application\/ld+json\" class=\"yoast-schema-graph\">{\"@context\":\"https:\/\/schema.org\",\"@graph\":[{\"@type\":\"WebPage\",\"@id\":\"https:\/\/www.maliyontem.com.tr\/hizmetlerimiz-2\/devlet-arazilerine-yatirim-tesvikleri\/\",\"url\":\"https:\/\/www.maliyontem.com.tr\/hizmetlerimiz-2\/devlet-arazilerine-yatirim-tesvikleri\/\",\"name\":\"Devlet Arazilerine Yat\u0131r\u0131m Te\u015fvikleri - Mali Y\u00f6ntem\",\"isPartOf\":{\"@id\":\"https:\/\/www.maliyontem.com.tr\/#website\"},\"primaryImageOfPage\":{\"@id\":\"https:\/\/www.maliyontem.com.tr\/hizmetlerimiz-2\/devlet-arazilerine-yatirim-tesvikleri\/#primaryimage\"},\"image\":{\"@id\":\"https:\/\/www.maliyontem.com.tr\/hizmetlerimiz-2\/devlet-arazilerine-yatirim-tesvikleri\/#primaryimage\"},\"thumbnailUrl\":\"https:\/\/ml1xqiethand.i.optimole.com\/w:300\/h:158\/q:mauto\/f:best\/https:\/\/www.maliyontem.com.tr\/wp-content\/uploads\/2025\/12\/hazine-arazisi-nasil-kiralanir_646x340.jpg\",\"datePublished\":\"2025-12-27T10:03:17+00:00\",\"dateModified\":\"2025-12-27T10:04:31+00:00\",\"breadcrumb\":{\"@id\":\"https:\/\/www.maliyontem.com.tr\/hizmetlerimiz-2\/devlet-arazilerine-yatirim-tesvikleri\/#breadcrumb\"},\"inLanguage\":\"en-US\",\"potentialAction\":[{\"@type\":\"ReadAction\",\"target\":[\"https:\/\/www.maliyontem.com.tr\/hizmetlerimiz-2\/devlet-arazilerine-yatirim-tesvikleri\/\"]}]},{\"@type\":\"ImageObject\",\"inLanguage\":\"en-US\",\"@id\":\"https:\/\/www.maliyontem.com.tr\/hizmetlerimiz-2\/devlet-arazilerine-yatirim-tesvikleri\/#primaryimage\",\"url\":\"https:\/\/ml1xqiethand.i.optimole.com\/w:300\/h:158\/q:mauto\/f:best\/https:\/\/www.maliyontem.com.tr\/wp-content\/uploads\/2025\/12\/hazine-arazisi-nasil-kiralanir_646x340.jpg\",\"contentUrl\":\"https:\/\/ml1xqiethand.i.optimole.com\/w:300\/h:158\/q:mauto\/f:best\/https:\/\/www.maliyontem.com.tr\/wp-content\/uploads\/2025\/12\/hazine-arazisi-nasil-kiralanir_646x340.jpg\"},{\"@type\":\"BreadcrumbList\",\"@id\":\"https:\/\/www.maliyontem.com.tr\/hizmetlerimiz-2\/devlet-arazilerine-yatirim-tesvikleri\/#breadcrumb\",\"itemListElement\":[{\"@type\":\"ListItem\",\"position\":1,\"name\":\"Anasayfa\",\"item\":\"https:\/\/www.maliyontem.com.tr\/\"},{\"@type\":\"ListItem\",\"position\":2,\"name\":\"Hizmetlerimiz\",\"item\":\"https:\/\/www.maliyontem.com.tr\/hizmetlerimiz-2\/\"},{\"@type\":\"ListItem\",\"position\":3,\"name\":\"Devlet Arazilerine Yat\u0131r\u0131m Te\u015fvikleri\"}]},{\"@type\":\"WebSite\",\"@id\":\"https:\/\/www.maliyontem.com.tr\/#website\",\"url\":\"https:\/\/www.maliyontem.com.tr\/\",\"name\":\"Mali Y\u00f6ntem\",\"description\":\"Mali Y&ouml;ntem \",\"publisher\":{\"@id\":\"https:\/\/www.maliyontem.com.tr\/#organization\"},\"potentialAction\":[{\"@type\":\"SearchAction\",\"target\":{\"@type\":\"EntryPoint\",\"urlTemplate\":\"https:\/\/www.maliyontem.com.tr\/?s={search_term_string}\"},\"query-input\":{\"@type\":\"PropertyValueSpecification\",\"valueRequired\":true,\"valueName\":\"search_term_string\"}}],\"inLanguage\":\"en-US\"},{\"@type\":\"Organization\",\"@id\":\"https:\/\/www.maliyontem.com.tr\/#organization\",\"name\":\"Mali Y\u00f6ntem\",\"url\":\"https:\/\/www.maliyontem.com.tr\/\",\"logo\":{\"@type\":\"ImageObject\",\"inLanguage\":\"en-US\",\"@id\":\"https:\/\/www.maliyontem.com.tr\/#\/schema\/logo\/image\/\",\"url\":\"https:\/\/ml1xqiethand.i.optimole.com\/w:auto\/h:auto\/q:mauto\/f:best\/https:\/\/www.maliyontem.com.tr\/wp-content\/uploads\/2025\/12\/maliyontem2-Photoroom.png\",\"contentUrl\":\"https:\/\/ml1xqiethand.i.optimole.com\/w:auto\/h:auto\/q:mauto\/f:best\/https:\/\/www.maliyontem.com.tr\/wp-content\/uploads\/2025\/12\/maliyontem2-Photoroom.png\",\"width\":1280,\"height\":444,\"caption\":\"Mali Y\u00f6ntem\"},\"image\":{\"@id\":\"https:\/\/www.maliyontem.com.tr\/#\/schema\/logo\/image\/\"}}]}<\/script>\n<!-- \/ Yoast SEO plugin. -->","yoast_head_json":{"title":"Devlet Arazilerine Yat\u0131r\u0131m Te\u015fvikleri - Mali Y\u00f6ntem","robots":{"index":"index","follow":"follow","max-snippet":"max-snippet:-1","max-image-preview":"max-image-preview:large","max-video-preview":"max-video-preview:-1"},"canonical":"https:\/\/www.maliyontem.com.tr\/en\/hizmetlerimiz-2\/devlet-arazilerine-yatirim-tesvikleri\/","og_locale":"en_US","og_type":"article","og_title":"Devlet Arazilerine Yat\u0131r\u0131m Te\u015fvikleri - Mali Y\u00f6ntem","og_description":"Devlet Arazilerine Yat\u0131r\u0131m Te\u015fvikleri Hazine arazilerine yat\u0131r\u0131m yapmay\u0131 d\u00fc\u015f\u00fcnen \u015firketlerimizin yan\u0131nday\u0131z. Siz \u00fclkemiz i\u00e7in \u00fcretmeye devam ettik\u00e7e yan\u0131n\u0131zda dan\u0131\u015fmanlar\u0131m\u0131z\u0131n deste\u011fini yan\u0131nda bulacaks\u0131n\u0131z. Devlet arazisine turizm, e\u011fitim, enerji, hayvanc\u0131l\u0131k, tar\u0131msal yat\u0131r\u0131m i\u00e7in verilen te\u015fviklerde(\u0130RT\u0130FAK); \u00f6n izinde 4 y\u0131la kadar s\u00fcre, % 80 bedele kadar indirim. \u00d6n izin sonras\u0131 30 y\u0131la kadar s\u00fcre, bedele ilk 3 y\u0131l [&hellip;]","og_url":"https:\/\/www.maliyontem.com.tr\/en\/hizmetlerimiz-2\/devlet-arazilerine-yatirim-tesvikleri\/","og_site_name":"Mali Y\u00f6ntem","article_modified_time":"2025-12-27T10:04:31+00:00","og_image":[{"url":"https:\/\/ml1xqiethand.i.optimole.com\/w:300\/h:158\/q:mauto\/f:best\/https:\/\/www.maliyontem.com.tr\/wp-content\/uploads\/2025\/12\/hazine-arazisi-nasil-kiralanir_646x340.jpg","type":"","width":"","height":""}],"twitter_card":"summary_large_image","twitter_misc":{"Est. reading time":"1 minute"},"schema":{"@context":"https:\/\/schema.org","@graph":[{"@type":"WebPage","@id":"https:\/\/www.maliyontem.com.tr\/hizmetlerimiz-2\/devlet-arazilerine-yatirim-tesvikleri\/","url":"https:\/\/www.maliyontem.com.tr\/hizmetlerimiz-2\/devlet-arazilerine-yatirim-tesvikleri\/","name":"Devlet Arazilerine Yat\u0131r\u0131m Te\u015fvikleri - Mali Y\u00f6ntem","isPartOf":{"@id":"https:\/\/www.maliyontem.com.tr\/#website"},"primaryImageOfPage":{"@id":"https:\/\/www.maliyontem.com.tr\/hizmetlerimiz-2\/devlet-arazilerine-yatirim-tesvikleri\/#primaryimage"},"image":{"@id":"https:\/\/www.maliyontem.com.tr\/hizmetlerimiz-2\/devlet-arazilerine-yatirim-tesvikleri\/#primaryimage"},"thumbnailUrl":"https:\/\/ml1xqiethand.i.optimole.com\/w:300\/h:158\/q:mauto\/f:best\/https:\/\/www.maliyontem.com.tr\/wp-content\/uploads\/2025\/12\/hazine-arazisi-nasil-kiralanir_646x340.jpg","datePublished":"2025-12-27T10:03:17+00:00","dateModified":"2025-12-27T10:04:31+00:00","breadcrumb":{"@id":"https:\/\/www.maliyontem.com.tr\/hizmetlerimiz-2\/devlet-arazilerine-yatirim-tesvikleri\/#breadcrumb"},"inLanguage":"en-US","potentialAction":[{"@type":"ReadAction","target":["https:\/\/www.maliyontem.com.tr\/hizmetlerimiz-2\/devlet-arazilerine-yatirim-tesvikleri\/"]}]},{"@type":"ImageObject","inLanguage":"en-US","@id":"https:\/\/www.maliyontem.com.tr\/hizmetlerimiz-2\/devlet-arazilerine-yatirim-tesvikleri\/#primaryimage","url":"https:\/\/ml1xqiethand.i.optimole.com\/w:300\/h:158\/q:mauto\/f:best\/https:\/\/www.maliyontem.com.tr\/wp-content\/uploads\/2025\/12\/hazine-arazisi-nasil-kiralanir_646x340.jpg","contentUrl":"https:\/\/ml1xqiethand.i.optimole.com\/w:300\/h:158\/q:mauto\/f:best\/https:\/\/www.maliyontem.com.tr\/wp-content\/uploads\/2025\/12\/hazine-arazisi-nasil-kiralanir_646x340.jpg"},{"@type":"BreadcrumbList","@id":"https:\/\/www.maliyontem.com.tr\/hizmetlerimiz-2\/devlet-arazilerine-yatirim-tesvikleri\/#breadcrumb","itemListElement":[{"@type":"ListItem","position":1,"name":"Anasayfa","item":"https:\/\/www.maliyontem.com.tr\/"},{"@type":"ListItem","position":2,"name":"Hizmetlerimiz","item":"https:\/\/www.maliyontem.com.tr\/hizmetlerimiz-2\/"},{"@type":"ListItem","position":3,"name":"Devlet Arazilerine Yat\u0131r\u0131m Te\u015fvikleri"}]},{"@type":"WebSite","@id":"https:\/\/www.maliyontem.com.tr\/#website","url":"https:\/\/www.maliyontem.com.tr\/","name":"Mali Y\u00f6ntem","description":"Mali Y&ouml;ntem","publisher":{"@id":"https:\/\/www.maliyontem.com.tr\/#organization"},"potentialAction":[{"@type":"SearchAction","target":{"@type":"EntryPoint","urlTemplate":"https:\/\/www.maliyontem.com.tr\/?s={search_term_string}"},"query-input":{"@type":"PropertyValueSpecification","valueRequired":true,"valueName":"search_term_string"}}],"inLanguage":"en-US"},{"@type":"Organization","@id":"https:\/\/www.maliyontem.com.tr\/#organization","name":"Mali Y\u00f6ntem","url":"https:\/\/www.maliyontem.com.tr\/","logo":{"@type":"ImageObject","inLanguage":"en-US","@id":"https:\/\/www.maliyontem.com.tr\/#\/schema\/logo\/image\/","url":"https:\/\/ml1xqiethand.i.optimole.com\/w:auto\/h:auto\/q:mauto\/f:best\/https:\/\/www.maliyontem.com.tr\/wp-content\/uploads\/2025\/12\/maliyontem2-Photoroom.png","contentUrl":"https:\/\/ml1xqiethand.i.optimole.com\/w:auto\/h:auto\/q:mauto\/f:best\/https:\/\/www.maliyontem.com.tr\/wp-content\/uploads\/2025\/12\/maliyontem2-Photoroom.png","width":1280,"height":444,"caption":"Mali Y\u00f6ntem"},"image":{"@id":"https:\/\/www.maliyontem.com.tr\/#\/schema\/logo\/image\/"}}]}},"_links":{"self":[{"href":"https:\/\/www.maliyontem.com.tr\/en\/wp-json\/wp\/v2\/pages\/2937","targetHints":{"allow":["GET"]}}],"collection":[{"href":"https:\/\/www.maliyontem.com.tr\/en\/wp-json\/wp\/v2\/pages"}],"about":[{"href":"https:\/\/www.maliyontem.com.tr\/en\/wp-json\/wp\/v2\/types\/page"}],"author":[{"embeddable":true,"href":"https:\/\/www.maliyontem.com.tr\/en\/wp-json\/wp\/v2\/users\/1"}],"replies":[{"embeddable":true,"href":"https:\/\/www.maliyontem.com.tr\/en\/wp-json\/wp\/v2\/comments?post=2937"}],"version-history":[{"count":7,"href":"https:\/\/www.maliyontem.com.tr\/en\/wp-json\/wp\/v2\/pages\/2937\/revisions"}],"predecessor-version":[{"id":2945,"href":"https:\/\/www.maliyontem.com.tr\/en\/wp-json\/wp\/v2\/pages\/2937\/revisions\/2945"}],"up":[{"embeddable":true,"href":"https:\/\/www.maliyontem.com.tr\/en\/wp-json\/wp\/v2\/pages\/2715"}],"wp:attachment":[{"href":"https:\/\/www.maliyontem.com.tr\/en\/wp-json\/wp\/v2\/media?parent=2937"}],"curies":[{"name":"wp","href":"https:\/\/api.w.org\/{rel}","templated":true}]}}