{"id":2898,"date":"2025-12-27T07:56:14","date_gmt":"2025-12-27T07:56:14","guid":{"rendered":"https:\/\/www.maliyontem.com.tr\/?page_id=2898"},"modified":"2025-12-27T13:25:14","modified_gmt":"2025-12-27T13:25:14","slug":"kdv-iade-hizmetleri","status":"publish","type":"page","link":"https:\/\/www.maliyontem.com.tr\/en\/hizmetlerimiz-2\/kdv-iade-hizmetleri\/","title":{"rendered":"VAT Refund Services"},"content":{"rendered":"<div data-elementor-type=\"wp-page\" data-elementor-id=\"2898\" class=\"elementor elementor-2898\">\n\t\t\t\t<div class=\"elementor-element elementor-element-0194d41 e-flex e-con-boxed e-con e-parent\" data-id=\"0194d41\" data-element_type=\"container\">\n\t\t\t\t\t<div class=\"e-con-inner\">\n\t\t\t\t<div class=\"elementor-element elementor-element-1651e06 elementor-widget__width-inherit elementor-widget elementor-widget-heading\" data-id=\"1651e06\" data-element_type=\"widget\" data-widget_type=\"heading.default\">\n\t\t\t\t<div class=\"elementor-widget-container\">\n\t\t\t\t\t<h2 class=\"elementor-heading-title elementor-size-default\">VAT Refund Services<\/h2>\t\t\t\t<\/div>\n\t\t\t\t<\/div>\n\t\t\t\t\t<\/div>\n\t\t\t\t<\/div>\n\t\t<div class=\"elementor-element elementor-element-fabb98b e-flex e-con-boxed e-con e-parent\" data-id=\"fabb98b\" data-element_type=\"container\">\n\t\t\t\t\t<div class=\"e-con-inner\">\n\t\t\t\t<div class=\"elementor-element elementor-element-d0e2d87 elementor-widget elementor-widget-text-editor\" data-id=\"d0e2d87\" data-element_type=\"widget\" data-widget_type=\"text-editor.default\">\n\t\t\t\t<div class=\"elementor-widget-container\">\n\t\t\t\t\t\t\t\t\t<p>At Mali Y\u00f6ntem Certified Public Accountancy Inc., our VAT refund consultancy and reporting services are provided by an independent tax department composed of highly experienced and specialized professionals. Our VAT department adopts a quality-driven, effective, participatory, and solution-oriented approach, prioritizing client satisfaction throughout all stages of VAT refund consultancy and report preparation.<\/p><p>Within the scope of VAT refund services, Mali Y\u00f6ntem Certified Public Accountancy Inc. provides the following services:<\/p><ul><li>Consultancy services related to VAT refunds<\/li><li>Support and consultancy for the establishment of VAT refund systems<\/li><li>Determination of VAT amounts eligible for refund arising from refundable transactions<\/li><li>Preparation of all required lists and supporting documents for VAT refunds and provision of team support for data entry into the Internet Tax Office System<\/li><li>Preparation of CPA (YMM) certification reports related to VAT refund transactions<\/li><li>Preparation of CPA certification reports for refunds or offset\/clearance transactions within the scope of Inward Processing Certificates (IPC \/ D\u0130\u0130B)<\/li><li>Preparation of \u201cspecial-purpose reports\u201d requested by the tax authorities<\/li><li>Consultancy and support services aimed at finalizing VAT refund processes within the optimal timeframe<\/li><li>Provision of team support for the elimination of deficiencies identified in VAT refund risk analysis reports<\/li><li>Analysis of issues encountered in VAT refund processes and development of alternative solution proposals<\/li><li>Conducting counter-audits within the scope of VAT refunds<\/li><li>Sharing up-to-date information on current legislation and implementation practices<\/li><\/ul>\t\t\t\t\t\t\t\t<\/div>\n\t\t\t\t<\/div>\n\t\t\t\t\t<\/div>\n\t\t\t\t<\/div>\n\t\t\t\t<\/div>","protected":false},"excerpt":{"rendered":"<p>KDV \u0130ade Hizmetleri Mali Y\u00f6ntem Yeminli Mali M\u00fc\u015favirlik KDV iade dan\u0131\u015fmanl\u0131k ve raporlama hizmetlerimiz vergi b\u00f6l\u00fcm\u00fcm\u00fczden ba\u011f\u0131ms\u0131z olu\u015fturulmu\u015f, konusunda uzman ve deneyimli kadromuzla sunulmaktad\u0131r. KDV b\u00f6l\u00fcm\u00fcm\u00fcz, KDV \u0130ade konusundaki her t\u00fcrl\u00fc dan\u0131\u015fmanl\u0131k ve raporlar\u0131n haz\u0131rlanmas\u0131 a\u015famas\u0131nda m\u00fc\u015fteri memnuniyetini \u00f6n planda tutan, kaliteli, etkin, kat\u0131l\u0131mc\u0131 yakla\u015f\u0131m\u0131yla \u00e7\u00f6z\u00fcm orta\u011f\u0131 ve sonu\u00e7 odakl\u0131 hizmet sunmay\u0131 hedef edinmi\u015ftir. Mali [&hellip;]<\/p>","protected":false},"author":1,"featured_media":0,"parent":2715,"menu_order":0,"comment_status":"closed","ping_status":"closed","template":"","meta":{"site-sidebar-layout":"no-sidebar","site-content-layout":"page-builder","ast-site-content-layout":"full-width-container","site-content-style":"default","site-sidebar-style":"default","ast-global-header-display":"","ast-banner-title-visibility":"","ast-main-header-display":"","ast-hfb-above-header-display":"","ast-hfb-below-header-display":"","ast-hfb-mobile-header-display":"","site-post-title":"disabled","ast-breadcrumbs-content":"","ast-featured-img":"disabled","footer-sml-layout":"","ast-disable-related-posts":"","theme-transparent-header-meta":"","adv-header-id-meta":"","stick-header-meta":"","header-above-stick-meta":"","header-main-stick-meta":"","header-below-stick-meta":"","astra-migrate-meta-layouts":"set","ast-page-background-enabled":"default","ast-page-background-meta":{"desktop":{"background-color":"","background-image":"","background-repeat":"repeat","background-position":"center center","background-size":"auto","background-attachment":"scroll","background-type":"","background-media":"","overlay-type":"","overlay-color":"","overlay-opacity":"","overlay-gradient":""},"tablet":{"background-color":"","background-image":"","background-repeat":"repeat","background-position":"center center","background-size":"auto","background-attachment":"scroll","background-type":"","background-media":"","overlay-type":"","overlay-color":"","overlay-opacity":"","overlay-gradient":""},"mobile":{"background-color":"","background-image":"","background-repeat":"repeat","background-position":"center center","background-size":"auto","background-attachment":"scroll","background-type":"","background-media":"","overlay-type":"","overlay-color":"","overlay-opacity":"","overlay-gradient":""}},"ast-content-background-meta":{"desktop":{"background-color":"var(--ast-global-color-5)","background-image":"","background-repeat":"repeat","background-position":"center center","background-size":"auto","background-attachment":"scroll","background-type":"","background-media":"","overlay-type":"","overlay-color":"","overlay-opacity":"","overlay-gradient":""},"tablet":{"background-color":"var(--ast-global-color-5)","background-image":"","background-repeat":"repeat","background-position":"center center","background-size":"auto","background-attachment":"scroll","background-type":"","background-media":"","overlay-type":"","overlay-color":"","overlay-opacity":"","overlay-gradient":""},"mobile":{"background-color":"var(--ast-global-color-5)","background-image":"","background-repeat":"repeat","background-position":"center center","background-size":"auto","background-attachment":"scroll","background-type":"","background-media":"","overlay-type":"","overlay-color":"","overlay-opacity":"","overlay-gradient":""}},"footnotes":""},"class_list":["post-2898","page","type-page","status-publish","hentry"],"yoast_head":"<!-- This site is optimized with the Yoast SEO plugin v26.6 - https:\/\/yoast.com\/wordpress\/plugins\/seo\/ -->\n<title>KDV \u0130ade Hizmetleri - Mali Y\u00f6ntem<\/title>\n<meta name=\"robots\" content=\"index, follow, max-snippet:-1, max-image-preview:large, max-video-preview:-1\" \/>\n<link rel=\"canonical\" href=\"https:\/\/www.maliyontem.com.tr\/en\/hizmetlerimiz-2\/kdv-iade-hizmetleri\/\" \/>\n<meta property=\"og:locale\" content=\"en_US\" \/>\n<meta property=\"og:type\" content=\"article\" \/>\n<meta property=\"og:title\" content=\"KDV \u0130ade Hizmetleri - Mali Y\u00f6ntem\" \/>\n<meta property=\"og:description\" content=\"KDV \u0130ade Hizmetleri Mali Y\u00f6ntem Yeminli Mali M\u00fc\u015favirlik KDV iade dan\u0131\u015fmanl\u0131k ve raporlama hizmetlerimiz vergi b\u00f6l\u00fcm\u00fcm\u00fczden ba\u011f\u0131ms\u0131z olu\u015fturulmu\u015f, konusunda uzman ve deneyimli kadromuzla sunulmaktad\u0131r. KDV b\u00f6l\u00fcm\u00fcm\u00fcz, KDV \u0130ade konusundaki her t\u00fcrl\u00fc dan\u0131\u015fmanl\u0131k ve raporlar\u0131n haz\u0131rlanmas\u0131 a\u015famas\u0131nda m\u00fc\u015fteri memnuniyetini \u00f6n planda tutan, kaliteli, etkin, kat\u0131l\u0131mc\u0131 yakla\u015f\u0131m\u0131yla \u00e7\u00f6z\u00fcm orta\u011f\u0131 ve sonu\u00e7 odakl\u0131 hizmet sunmay\u0131 hedef edinmi\u015ftir. Mali [&hellip;]\" \/>\n<meta property=\"og:url\" content=\"https:\/\/www.maliyontem.com.tr\/en\/hizmetlerimiz-2\/kdv-iade-hizmetleri\/\" \/>\n<meta property=\"og:site_name\" content=\"Mali Y\u00f6ntem\" \/>\n<meta property=\"article:modified_time\" content=\"2025-12-27T13:25:14+00:00\" \/>\n<meta name=\"twitter:card\" content=\"summary_large_image\" \/>\n<meta name=\"twitter:label1\" content=\"Est. reading time\" \/>\n\t<meta name=\"twitter:data1\" content=\"1 minute\" \/>\n<script type=\"application\/ld+json\" class=\"yoast-schema-graph\">{\"@context\":\"https:\/\/schema.org\",\"@graph\":[{\"@type\":\"WebPage\",\"@id\":\"https:\/\/www.maliyontem.com.tr\/hizmetlerimiz-2\/kdv-iade-hizmetleri\/\",\"url\":\"https:\/\/www.maliyontem.com.tr\/hizmetlerimiz-2\/kdv-iade-hizmetleri\/\",\"name\":\"KDV \u0130ade Hizmetleri - Mali Y\u00f6ntem\",\"isPartOf\":{\"@id\":\"https:\/\/www.maliyontem.com.tr\/#website\"},\"datePublished\":\"2025-12-27T07:56:14+00:00\",\"dateModified\":\"2025-12-27T13:25:14+00:00\",\"breadcrumb\":{\"@id\":\"https:\/\/www.maliyontem.com.tr\/hizmetlerimiz-2\/kdv-iade-hizmetleri\/#breadcrumb\"},\"inLanguage\":\"en-US\",\"potentialAction\":[{\"@type\":\"ReadAction\",\"target\":[\"https:\/\/www.maliyontem.com.tr\/hizmetlerimiz-2\/kdv-iade-hizmetleri\/\"]}]},{\"@type\":\"BreadcrumbList\",\"@id\":\"https:\/\/www.maliyontem.com.tr\/hizmetlerimiz-2\/kdv-iade-hizmetleri\/#breadcrumb\",\"itemListElement\":[{\"@type\":\"ListItem\",\"position\":1,\"name\":\"Anasayfa\",\"item\":\"https:\/\/www.maliyontem.com.tr\/\"},{\"@type\":\"ListItem\",\"position\":2,\"name\":\"Hizmetlerimiz\",\"item\":\"https:\/\/www.maliyontem.com.tr\/hizmetlerimiz-2\/\"},{\"@type\":\"ListItem\",\"position\":3,\"name\":\"KDV \u0130ade Hizmetleri\"}]},{\"@type\":\"WebSite\",\"@id\":\"https:\/\/www.maliyontem.com.tr\/#website\",\"url\":\"https:\/\/www.maliyontem.com.tr\/\",\"name\":\"Mali Y\u00f6ntem\",\"description\":\"Mali Y&ouml;ntem \",\"publisher\":{\"@id\":\"https:\/\/www.maliyontem.com.tr\/#organization\"},\"potentialAction\":[{\"@type\":\"SearchAction\",\"target\":{\"@type\":\"EntryPoint\",\"urlTemplate\":\"https:\/\/www.maliyontem.com.tr\/?s={search_term_string}\"},\"query-input\":{\"@type\":\"PropertyValueSpecification\",\"valueRequired\":true,\"valueName\":\"search_term_string\"}}],\"inLanguage\":\"en-US\"},{\"@type\":\"Organization\",\"@id\":\"https:\/\/www.maliyontem.com.tr\/#organization\",\"name\":\"Mali Y\u00f6ntem\",\"url\":\"https:\/\/www.maliyontem.com.tr\/\",\"logo\":{\"@type\":\"ImageObject\",\"inLanguage\":\"en-US\",\"@id\":\"https:\/\/www.maliyontem.com.tr\/#\/schema\/logo\/image\/\",\"url\":\"https:\/\/ml1xqiethand.i.optimole.com\/w:auto\/h:auto\/q:mauto\/f:best\/https:\/\/www.maliyontem.com.tr\/wp-content\/uploads\/2025\/12\/maliyontem2-Photoroom.png\",\"contentUrl\":\"https:\/\/ml1xqiethand.i.optimole.com\/w:auto\/h:auto\/q:mauto\/f:best\/https:\/\/www.maliyontem.com.tr\/wp-content\/uploads\/2025\/12\/maliyontem2-Photoroom.png\",\"width\":1280,\"height\":444,\"caption\":\"Mali Y\u00f6ntem\"},\"image\":{\"@id\":\"https:\/\/www.maliyontem.com.tr\/#\/schema\/logo\/image\/\"}}]}<\/script>\n<!-- \/ Yoast SEO plugin. -->","yoast_head_json":{"title":"KDV \u0130ade Hizmetleri - Mali Y\u00f6ntem","robots":{"index":"index","follow":"follow","max-snippet":"max-snippet:-1","max-image-preview":"max-image-preview:large","max-video-preview":"max-video-preview:-1"},"canonical":"https:\/\/www.maliyontem.com.tr\/en\/hizmetlerimiz-2\/kdv-iade-hizmetleri\/","og_locale":"en_US","og_type":"article","og_title":"KDV \u0130ade Hizmetleri - Mali Y\u00f6ntem","og_description":"KDV \u0130ade Hizmetleri Mali Y\u00f6ntem Yeminli Mali M\u00fc\u015favirlik KDV iade dan\u0131\u015fmanl\u0131k ve raporlama hizmetlerimiz vergi b\u00f6l\u00fcm\u00fcm\u00fczden ba\u011f\u0131ms\u0131z olu\u015fturulmu\u015f, konusunda uzman ve deneyimli kadromuzla sunulmaktad\u0131r. KDV b\u00f6l\u00fcm\u00fcm\u00fcz, KDV \u0130ade konusundaki her t\u00fcrl\u00fc dan\u0131\u015fmanl\u0131k ve raporlar\u0131n haz\u0131rlanmas\u0131 a\u015famas\u0131nda m\u00fc\u015fteri memnuniyetini \u00f6n planda tutan, kaliteli, etkin, kat\u0131l\u0131mc\u0131 yakla\u015f\u0131m\u0131yla \u00e7\u00f6z\u00fcm orta\u011f\u0131 ve sonu\u00e7 odakl\u0131 hizmet sunmay\u0131 hedef edinmi\u015ftir. Mali [&hellip;]","og_url":"https:\/\/www.maliyontem.com.tr\/en\/hizmetlerimiz-2\/kdv-iade-hizmetleri\/","og_site_name":"Mali Y\u00f6ntem","article_modified_time":"2025-12-27T13:25:14+00:00","twitter_card":"summary_large_image","twitter_misc":{"Est. reading time":"1 minute"},"schema":{"@context":"https:\/\/schema.org","@graph":[{"@type":"WebPage","@id":"https:\/\/www.maliyontem.com.tr\/hizmetlerimiz-2\/kdv-iade-hizmetleri\/","url":"https:\/\/www.maliyontem.com.tr\/hizmetlerimiz-2\/kdv-iade-hizmetleri\/","name":"KDV \u0130ade Hizmetleri - Mali Y\u00f6ntem","isPartOf":{"@id":"https:\/\/www.maliyontem.com.tr\/#website"},"datePublished":"2025-12-27T07:56:14+00:00","dateModified":"2025-12-27T13:25:14+00:00","breadcrumb":{"@id":"https:\/\/www.maliyontem.com.tr\/hizmetlerimiz-2\/kdv-iade-hizmetleri\/#breadcrumb"},"inLanguage":"en-US","potentialAction":[{"@type":"ReadAction","target":["https:\/\/www.maliyontem.com.tr\/hizmetlerimiz-2\/kdv-iade-hizmetleri\/"]}]},{"@type":"BreadcrumbList","@id":"https:\/\/www.maliyontem.com.tr\/hizmetlerimiz-2\/kdv-iade-hizmetleri\/#breadcrumb","itemListElement":[{"@type":"ListItem","position":1,"name":"Anasayfa","item":"https:\/\/www.maliyontem.com.tr\/"},{"@type":"ListItem","position":2,"name":"Hizmetlerimiz","item":"https:\/\/www.maliyontem.com.tr\/hizmetlerimiz-2\/"},{"@type":"ListItem","position":3,"name":"KDV \u0130ade Hizmetleri"}]},{"@type":"WebSite","@id":"https:\/\/www.maliyontem.com.tr\/#website","url":"https:\/\/www.maliyontem.com.tr\/","name":"Mali Y\u00f6ntem","description":"Mali Y&ouml;ntem","publisher":{"@id":"https:\/\/www.maliyontem.com.tr\/#organization"},"potentialAction":[{"@type":"SearchAction","target":{"@type":"EntryPoint","urlTemplate":"https:\/\/www.maliyontem.com.tr\/?s={search_term_string}"},"query-input":{"@type":"PropertyValueSpecification","valueRequired":true,"valueName":"search_term_string"}}],"inLanguage":"en-US"},{"@type":"Organization","@id":"https:\/\/www.maliyontem.com.tr\/#organization","name":"Mali Y\u00f6ntem","url":"https:\/\/www.maliyontem.com.tr\/","logo":{"@type":"ImageObject","inLanguage":"en-US","@id":"https:\/\/www.maliyontem.com.tr\/#\/schema\/logo\/image\/","url":"https:\/\/ml1xqiethand.i.optimole.com\/w:auto\/h:auto\/q:mauto\/f:best\/https:\/\/www.maliyontem.com.tr\/wp-content\/uploads\/2025\/12\/maliyontem2-Photoroom.png","contentUrl":"https:\/\/ml1xqiethand.i.optimole.com\/w:auto\/h:auto\/q:mauto\/f:best\/https:\/\/www.maliyontem.com.tr\/wp-content\/uploads\/2025\/12\/maliyontem2-Photoroom.png","width":1280,"height":444,"caption":"Mali Y\u00f6ntem"},"image":{"@id":"https:\/\/www.maliyontem.com.tr\/#\/schema\/logo\/image\/"}}]}},"_links":{"self":[{"href":"https:\/\/www.maliyontem.com.tr\/en\/wp-json\/wp\/v2\/pages\/2898","targetHints":{"allow":["GET"]}}],"collection":[{"href":"https:\/\/www.maliyontem.com.tr\/en\/wp-json\/wp\/v2\/pages"}],"about":[{"href":"https:\/\/www.maliyontem.com.tr\/en\/wp-json\/wp\/v2\/types\/page"}],"author":[{"embeddable":true,"href":"https:\/\/www.maliyontem.com.tr\/en\/wp-json\/wp\/v2\/users\/1"}],"replies":[{"embeddable":true,"href":"https:\/\/www.maliyontem.com.tr\/en\/wp-json\/wp\/v2\/comments?post=2898"}],"version-history":[{"count":10,"href":"https:\/\/www.maliyontem.com.tr\/en\/wp-json\/wp\/v2\/pages\/2898\/revisions"}],"predecessor-version":[{"id":2975,"href":"https:\/\/www.maliyontem.com.tr\/en\/wp-json\/wp\/v2\/pages\/2898\/revisions\/2975"}],"up":[{"embeddable":true,"href":"https:\/\/www.maliyontem.com.tr\/en\/wp-json\/wp\/v2\/pages\/2715"}],"wp:attachment":[{"href":"https:\/\/www.maliyontem.com.tr\/en\/wp-json\/wp\/v2\/media?parent=2898"}],"curies":[{"name":"wp","href":"https:\/\/api.w.org\/{rel}","templated":true}]}}