{"id":2893,"date":"2025-12-27T07:53:29","date_gmt":"2025-12-27T07:53:29","guid":{"rendered":"https:\/\/www.maliyontem.com.tr\/?page_id=2893"},"modified":"2025-12-27T18:48:28","modified_gmt":"2025-12-27T18:48:28","slug":"tam-tasdik-hizmetleri","status":"publish","type":"page","link":"https:\/\/www.maliyontem.com.tr\/en\/hizmetlerimiz-2\/tam-tasdik-hizmetleri\/","title":{"rendered":"Full Tax Certification Services"},"content":{"rendered":"<div data-elementor-type=\"wp-page\" data-elementor-id=\"2893\" class=\"elementor elementor-2893\">\n\t\t\t\t<div class=\"elementor-element elementor-element-0194d41 e-flex e-con-boxed e-con e-parent\" data-id=\"0194d41\" data-element_type=\"container\">\n\t\t\t\t\t<div class=\"e-con-inner\">\n\t\t\t\t<div class=\"elementor-element elementor-element-1651e06 elementor-widget__width-inherit elementor-widget elementor-widget-heading\" data-id=\"1651e06\" data-element_type=\"widget\" data-widget_type=\"heading.default\">\n\t\t\t\t<div class=\"elementor-widget-container\">\n\t\t\t\t\t<h2 class=\"elementor-heading-title elementor-size-default\">Full Tax Certification Services<\/h2>\t\t\t\t<\/div>\n\t\t\t\t<\/div>\n\t\t\t\t\t<\/div>\n\t\t\t\t<\/div>\n\t\t<div class=\"elementor-element elementor-element-fabb98b e-flex e-con-boxed e-con e-parent\" data-id=\"fabb98b\" data-element_type=\"container\">\n\t\t\t\t\t<div class=\"e-con-inner\">\n\t\t\t\t<div class=\"elementor-element elementor-element-d0e2d87 elementor-widget elementor-widget-text-editor\" data-id=\"d0e2d87\" data-element_type=\"widget\" data-widget_type=\"text-editor.default\">\n\t\t\t\t<div class=\"elementor-widget-container\">\n\t\t\t\t\t\t\t\t\t<p>A Full Tax Certification Audit is a type of audit conducted to ensure the accurate determination of businesses\u2019 annual income or corporate tax bases.<\/p><p>At Mali Y\u00f6ntem, full tax certification audits are carried out throughout the year. In this way, potential errors and deficiencies can be identified and corrected during the year. The results of the completed fiscal year are reported to the Ministry of Treasury and Finance by the Certified Public Accountant (CPA) no later than the end of the sixth month of the following year.<\/p><p>As long as there is no denunciation or complaint regarding the relevant taxpayer, the Ministry of Treasury and Finance does not primarily initiate an additional audit based on the submitted Full Tax Certification Audit Report.<\/p><p class=\"cursor-default-hover\">Full Tax Certification Audit is also an important tool for effective tax planning.<\/p><p class=\"cursor-default-hover\"><strong>Is Full Tax Certification Audit Mandatory?<\/strong><\/p><p>Pursuant to General Communiqu\u00e9 No. 4, taxpayers whose total assets exceeded TRY 6,999,180 and whose net sales exceeded TRY 13,994,210 in 2016 are required to have their 2017 tax returns certified and signed by a Certified Public Accountant (CPA).<\/p><p><img fetchpriority=\"high\" decoding=\"async\" data-opt-id=\"166901019\" class=\"wp-image-2726 alignleft\"  src=\"https:\/\/ml1xqiethand.i.optimole.com\/w:300\/h:200\/q:mauto\/f:best\/https:\/\/www.maliyontem.com.tr\/wp-content\/uploads\/2025\/12\/pexels-mikhail-nilov-8296977-scaled-1.jpg\" alt=\"pexels mikhail nilov 8296977 scaled.jpg\" width=\"406\" height=\"270\" srcset=\"https:\/\/ml1xqiethand.i.optimole.com\/w:1920\/h:1280\/q:mauto\/f:best\/https:\/\/www.maliyontem.com.tr\/wp-content\/uploads\/2025\/12\/pexels-mikhail-nilov-8296977-scaled-1.jpg 2560w, https:\/\/ml1xqiethand.i.optimole.com\/w:300\/h:200\/q:mauto\/f:best\/https:\/\/www.maliyontem.com.tr\/wp-content\/uploads\/2025\/12\/pexels-mikhail-nilov-8296977-scaled-1.jpg 300w, https:\/\/ml1xqiethand.i.optimole.com\/w:1024\/h:683\/q:mauto\/f:best\/https:\/\/www.maliyontem.com.tr\/wp-content\/uploads\/2025\/12\/pexels-mikhail-nilov-8296977-scaled-1.jpg 1024w, https:\/\/ml1xqiethand.i.optimole.com\/w:768\/h:512\/q:mauto\/f:best\/https:\/\/www.maliyontem.com.tr\/wp-content\/uploads\/2025\/12\/pexels-mikhail-nilov-8296977-scaled-1.jpg 768w, https:\/\/ml1xqiethand.i.optimole.com\/w:1536\/h:1024\/q:mauto\/f:best\/https:\/\/www.maliyontem.com.tr\/wp-content\/uploads\/2025\/12\/pexels-mikhail-nilov-8296977-scaled-1.jpg 1536w, https:\/\/ml1xqiethand.i.optimole.com\/w:1920\/h:1280\/q:mauto\/f:best\/https:\/\/www.maliyontem.com.tr\/wp-content\/uploads\/2025\/12\/pexels-mikhail-nilov-8296977-scaled-1.jpg 2048w\" sizes=\"(max-width: 406px) 100vw, 406px\" \/><\/p><p class=\"cursor-default-hover\">If a decision is made to conduct a full tax certification audit, it is mandatory to execute a written contract with a CPA. This contract must be completed within the month of January. Tax returns certified by CPAs and the related financial statements are considered audited documents by authorized public officials (tax inspection authorities).<br \/>In addition, taxpayers who sign a full tax certification agreement may, in principle, benefit from VAT refunds based on the CPA certification report without any limitation.<\/p><p>Contracts to be executed in January (within the prescribed period) must be electronically submitted to the Internet Tax Office by the end of February, in accordance with Communiqu\u00e9 No. 1 related to Law No. 3568 (Official Gazette dated 06.02.2008, No. 26779). Furthermore, a copy of the relevant contract must be attached to the certification reports submitted by CPAs to the tax office.<\/p><p class=\"cursor-default-hover\">As a result of reviewing the accounting records made in the statutory books and documents kept during the current fiscal year, it is examined whether the records have been posted to the correct accounts, whether they result in any tax loss, and erroneous records are corrected. In addition, the accuracy of monthly tax returns and declarations is verified.<\/p><p>The most important feature of our audit approach is the thorough analysis of our clients\u2019 sectors and business activities before and during the audit process. Through this approach, we are able to provide our clients with constructive recommendations not only in accounting matters but also in management-related issues.<\/p><p><strong>Mali Y\u00f6ntem Certified Public Accountancy Inc. also ensures that:<\/strong><\/p><p>The company\u2019s activities are evaluated more effectively by focusing on risk-prone areas.<\/p><p>In addition to the audit report, a management recommendation report, prepared based on observations obtained during the audit process, adds value to the audit engagement and increases its return.<\/p><p>Continuous and regular communication is maintained with management throughout the audit process to avoid any unexpected issues at the conclusion of the audit.<\/p><p class=\"cursor-default-hover\">Furthermore, sub-examinations are conducted on companies issuing invoices for goods and services purchased during the period to determine whether such invoices qualify as forged or misleading documents, whether the issuing entities are involved in such practices, and to prevent the company from facing any issues arising from the failure of sub-suppliers to fulfill their VAT obligations.<\/p><p>In the event of counter-audit requests, companies that have entered into a full tax certification agreement with a CPA may respond to such requests through CPAs in the form of information provision, in accordance with Communiqu\u00e9 No. 29.<\/p>\t\t\t\t\t\t\t\t<\/div>\n\t\t\t\t<\/div>\n\t\t\t\t\t<\/div>\n\t\t\t\t<\/div>\n\t\t\t\t<\/div>","protected":false},"excerpt":{"rendered":"<p>Tam Tasdik Hizmletleri Tam Tasdik denetimi i\u015fletmelerin y\u0131ll\u0131k gelir veya kurumlar vergisi matrahlar\u0131n\u0131n do\u011fru saptanabilmesi i\u00e7in yap\u0131lan bir denetim t\u00fcr\u00fcd\u00fcr. Mali Y\u00f6ntem tam tasdik denetimleri y\u0131l boyunca s\u00fcrer. Bu sayede olas\u0131 hata ve noksanlar y\u0131l i\u00e7inde d\u00fczeltilir. Biten y\u0131l\u0131n sonu\u00e7lar\u0131, Yeminli Mali M\u00fc\u015favir taraf\u0131ndan ertesi y\u0131l\u0131n 6. ay\u0131n\u0131n sonuna kadar Maliye Bakanl\u0131\u011f\u0131na raporlan\u0131r. Maliye Bakanl\u0131\u011f\u0131 [&hellip;]<\/p>","protected":false},"author":1,"featured_media":0,"parent":2715,"menu_order":0,"comment_status":"closed","ping_status":"closed","template":"","meta":{"site-sidebar-layout":"no-sidebar","site-content-layout":"page-builder","ast-site-content-layout":"full-width-container","site-content-style":"default","site-sidebar-style":"default","ast-global-header-display":"","ast-banner-title-visibility":"","ast-main-header-display":"","ast-hfb-above-header-display":"","ast-hfb-below-header-display":"","ast-hfb-mobile-header-display":"","site-post-title":"disabled","ast-breadcrumbs-content":"","ast-featured-img":"disabled","footer-sml-layout":"","ast-disable-related-posts":"","theme-transparent-header-meta":"","adv-header-id-meta":"","stick-header-meta":"","header-above-stick-meta":"","header-main-stick-meta":"","header-below-stick-meta":"","astra-migrate-meta-layouts":"set","ast-page-background-enabled":"default","ast-page-background-meta":{"desktop":{"background-color":"","background-image":"","background-repeat":"repeat","background-position":"center center","background-size":"auto","background-attachment":"scroll","background-type":"","background-media":"","overlay-type":"","overlay-color":"","overlay-opacity":"","overlay-gradient":""},"tablet":{"background-color":"","background-image":"","background-repeat":"repeat","background-position":"center center","background-size":"auto","background-attachment":"scroll","background-type":"","background-media":"","overlay-type":"","overlay-color":"","overlay-opacity":"","overlay-gradient":""},"mobile":{"background-color":"","background-image":"","background-repeat":"repeat","background-position":"center center","background-size":"auto","background-attachment":"scroll","background-type":"","background-media":"","overlay-type":"","overlay-color":"","overlay-opacity":"","overlay-gradient":""}},"ast-content-background-meta":{"desktop":{"background-color":"var(--ast-global-color-5)","background-image":"","background-repeat":"repeat","background-position":"center center","background-size":"auto","background-attachment":"scroll","background-type":"","background-media":"","overlay-type":"","overlay-color":"","overlay-opacity":"","overlay-gradient":""},"tablet":{"background-color":"var(--ast-global-color-5)","background-image":"","background-repeat":"repeat","background-position":"center center","background-size":"auto","background-attachment":"scroll","background-type":"","background-media":"","overlay-type":"","overlay-color":"","overlay-opacity":"","overlay-gradient":""},"mobile":{"background-color":"var(--ast-global-color-5)","background-image":"","background-repeat":"repeat","background-position":"center center","background-size":"auto","background-attachment":"scroll","background-type":"","background-media":"","overlay-type":"","overlay-color":"","overlay-opacity":"","overlay-gradient":""}},"footnotes":""},"class_list":["post-2893","page","type-page","status-publish","hentry"],"yoast_head":"<!-- This site is optimized with the Yoast SEO plugin v26.6 - https:\/\/yoast.com\/wordpress\/plugins\/seo\/ -->\n<title>Tam Tasdik Hizmetleri - Mali Y\u00f6ntem<\/title>\n<meta name=\"robots\" content=\"index, follow, max-snippet:-1, max-image-preview:large, max-video-preview:-1\" \/>\n<link rel=\"canonical\" href=\"https:\/\/www.maliyontem.com.tr\/en\/hizmetlerimiz-2\/tam-tasdik-hizmetleri\/\" \/>\n<meta property=\"og:locale\" content=\"en_US\" \/>\n<meta property=\"og:type\" content=\"article\" \/>\n<meta property=\"og:title\" content=\"Tam Tasdik Hizmetleri - Mali Y\u00f6ntem\" \/>\n<meta property=\"og:description\" content=\"Tam Tasdik Hizmletleri Tam Tasdik denetimi i\u015fletmelerin y\u0131ll\u0131k gelir veya kurumlar vergisi matrahlar\u0131n\u0131n do\u011fru saptanabilmesi i\u00e7in yap\u0131lan bir denetim t\u00fcr\u00fcd\u00fcr. Mali Y\u00f6ntem tam tasdik denetimleri y\u0131l boyunca s\u00fcrer. Bu sayede olas\u0131 hata ve noksanlar y\u0131l i\u00e7inde d\u00fczeltilir. Biten y\u0131l\u0131n sonu\u00e7lar\u0131, Yeminli Mali M\u00fc\u015favir taraf\u0131ndan ertesi y\u0131l\u0131n 6. ay\u0131n\u0131n sonuna kadar Maliye Bakanl\u0131\u011f\u0131na raporlan\u0131r. Maliye Bakanl\u0131\u011f\u0131 [&hellip;]\" \/>\n<meta property=\"og:url\" content=\"https:\/\/www.maliyontem.com.tr\/en\/hizmetlerimiz-2\/tam-tasdik-hizmetleri\/\" \/>\n<meta property=\"og:site_name\" content=\"Mali Y\u00f6ntem\" \/>\n<meta property=\"article:modified_time\" content=\"2025-12-27T18:48:28+00:00\" \/>\n<meta property=\"og:image\" content=\"https:\/\/ml1xqiethand.i.optimole.com\/w:300\/h:200\/q:mauto\/f:best\/https:\/\/www.maliyontem.com.tr\/wp-content\/uploads\/2025\/12\/pexels-mikhail-nilov-8296977-scaled-1.jpg\" \/>\n<meta name=\"twitter:card\" content=\"summary_large_image\" \/>\n<meta name=\"twitter:label1\" content=\"Est. reading time\" \/>\n\t<meta name=\"twitter:data1\" content=\"3 minutes\" \/>\n<script type=\"application\/ld+json\" class=\"yoast-schema-graph\">{\"@context\":\"https:\/\/schema.org\",\"@graph\":[{\"@type\":\"WebPage\",\"@id\":\"https:\/\/www.maliyontem.com.tr\/hizmetlerimiz-2\/tam-tasdik-hizmetleri\/\",\"url\":\"https:\/\/www.maliyontem.com.tr\/hizmetlerimiz-2\/tam-tasdik-hizmetleri\/\",\"name\":\"Tam Tasdik Hizmetleri - Mali Y\u00f6ntem\",\"isPartOf\":{\"@id\":\"https:\/\/www.maliyontem.com.tr\/#website\"},\"primaryImageOfPage\":{\"@id\":\"https:\/\/www.maliyontem.com.tr\/hizmetlerimiz-2\/tam-tasdik-hizmetleri\/#primaryimage\"},\"image\":{\"@id\":\"https:\/\/www.maliyontem.com.tr\/hizmetlerimiz-2\/tam-tasdik-hizmetleri\/#primaryimage\"},\"thumbnailUrl\":\"https:\/\/ml1xqiethand.i.optimole.com\/w:300\/h:200\/q:mauto\/f:best\/https:\/\/www.maliyontem.com.tr\/wp-content\/uploads\/2025\/12\/pexels-mikhail-nilov-8296977-scaled-1.jpg\",\"datePublished\":\"2025-12-27T07:53:29+00:00\",\"dateModified\":\"2025-12-27T18:48:28+00:00\",\"breadcrumb\":{\"@id\":\"https:\/\/www.maliyontem.com.tr\/hizmetlerimiz-2\/tam-tasdik-hizmetleri\/#breadcrumb\"},\"inLanguage\":\"en-US\",\"potentialAction\":[{\"@type\":\"ReadAction\",\"target\":[\"https:\/\/www.maliyontem.com.tr\/hizmetlerimiz-2\/tam-tasdik-hizmetleri\/\"]}]},{\"@type\":\"ImageObject\",\"inLanguage\":\"en-US\",\"@id\":\"https:\/\/www.maliyontem.com.tr\/hizmetlerimiz-2\/tam-tasdik-hizmetleri\/#primaryimage\",\"url\":\"https:\/\/ml1xqiethand.i.optimole.com\/w:300\/h:200\/q:mauto\/f:best\/https:\/\/www.maliyontem.com.tr\/wp-content\/uploads\/2025\/12\/pexels-mikhail-nilov-8296977-scaled-1.jpg\",\"contentUrl\":\"https:\/\/ml1xqiethand.i.optimole.com\/w:300\/h:200\/q:mauto\/f:best\/https:\/\/www.maliyontem.com.tr\/wp-content\/uploads\/2025\/12\/pexels-mikhail-nilov-8296977-scaled-1.jpg\"},{\"@type\":\"BreadcrumbList\",\"@id\":\"https:\/\/www.maliyontem.com.tr\/hizmetlerimiz-2\/tam-tasdik-hizmetleri\/#breadcrumb\",\"itemListElement\":[{\"@type\":\"ListItem\",\"position\":1,\"name\":\"Anasayfa\",\"item\":\"https:\/\/www.maliyontem.com.tr\/\"},{\"@type\":\"ListItem\",\"position\":2,\"name\":\"Hizmetlerimiz\",\"item\":\"https:\/\/www.maliyontem.com.tr\/hizmetlerimiz-2\/\"},{\"@type\":\"ListItem\",\"position\":3,\"name\":\"Tam Tasdik Hizmetleri\"}]},{\"@type\":\"WebSite\",\"@id\":\"https:\/\/www.maliyontem.com.tr\/#website\",\"url\":\"https:\/\/www.maliyontem.com.tr\/\",\"name\":\"Mali Y\u00f6ntem\",\"description\":\"Mali Y&ouml;ntem \",\"publisher\":{\"@id\":\"https:\/\/www.maliyontem.com.tr\/#organization\"},\"potentialAction\":[{\"@type\":\"SearchAction\",\"target\":{\"@type\":\"EntryPoint\",\"urlTemplate\":\"https:\/\/www.maliyontem.com.tr\/?s={search_term_string}\"},\"query-input\":{\"@type\":\"PropertyValueSpecification\",\"valueRequired\":true,\"valueName\":\"search_term_string\"}}],\"inLanguage\":\"en-US\"},{\"@type\":\"Organization\",\"@id\":\"https:\/\/www.maliyontem.com.tr\/#organization\",\"name\":\"Mali Y\u00f6ntem\",\"url\":\"https:\/\/www.maliyontem.com.tr\/\",\"logo\":{\"@type\":\"ImageObject\",\"inLanguage\":\"en-US\",\"@id\":\"https:\/\/www.maliyontem.com.tr\/#\/schema\/logo\/image\/\",\"url\":\"https:\/\/ml1xqiethand.i.optimole.com\/w:auto\/h:auto\/q:mauto\/f:best\/https:\/\/www.maliyontem.com.tr\/wp-content\/uploads\/2025\/12\/maliyontem2-Photoroom.png\",\"contentUrl\":\"https:\/\/ml1xqiethand.i.optimole.com\/w:auto\/h:auto\/q:mauto\/f:best\/https:\/\/www.maliyontem.com.tr\/wp-content\/uploads\/2025\/12\/maliyontem2-Photoroom.png\",\"width\":1280,\"height\":444,\"caption\":\"Mali Y\u00f6ntem\"},\"image\":{\"@id\":\"https:\/\/www.maliyontem.com.tr\/#\/schema\/logo\/image\/\"}}]}<\/script>\n<!-- \/ Yoast SEO plugin. -->","yoast_head_json":{"title":"Tam Tasdik Hizmetleri - Mali Y\u00f6ntem","robots":{"index":"index","follow":"follow","max-snippet":"max-snippet:-1","max-image-preview":"max-image-preview:large","max-video-preview":"max-video-preview:-1"},"canonical":"https:\/\/www.maliyontem.com.tr\/en\/hizmetlerimiz-2\/tam-tasdik-hizmetleri\/","og_locale":"en_US","og_type":"article","og_title":"Tam Tasdik Hizmetleri - Mali Y\u00f6ntem","og_description":"Tam Tasdik Hizmletleri Tam Tasdik denetimi i\u015fletmelerin y\u0131ll\u0131k gelir veya kurumlar vergisi matrahlar\u0131n\u0131n do\u011fru saptanabilmesi i\u00e7in yap\u0131lan bir denetim t\u00fcr\u00fcd\u00fcr. Mali Y\u00f6ntem tam tasdik denetimleri y\u0131l boyunca s\u00fcrer. Bu sayede olas\u0131 hata ve noksanlar y\u0131l i\u00e7inde d\u00fczeltilir. Biten y\u0131l\u0131n sonu\u00e7lar\u0131, Yeminli Mali M\u00fc\u015favir taraf\u0131ndan ertesi y\u0131l\u0131n 6. ay\u0131n\u0131n sonuna kadar Maliye Bakanl\u0131\u011f\u0131na raporlan\u0131r. Maliye Bakanl\u0131\u011f\u0131 [&hellip;]","og_url":"https:\/\/www.maliyontem.com.tr\/en\/hizmetlerimiz-2\/tam-tasdik-hizmetleri\/","og_site_name":"Mali Y\u00f6ntem","article_modified_time":"2025-12-27T18:48:28+00:00","og_image":[{"url":"https:\/\/ml1xqiethand.i.optimole.com\/w:300\/h:200\/q:mauto\/f:best\/https:\/\/www.maliyontem.com.tr\/wp-content\/uploads\/2025\/12\/pexels-mikhail-nilov-8296977-scaled-1.jpg","type":"","width":"","height":""}],"twitter_card":"summary_large_image","twitter_misc":{"Est. reading time":"3 minutes"},"schema":{"@context":"https:\/\/schema.org","@graph":[{"@type":"WebPage","@id":"https:\/\/www.maliyontem.com.tr\/hizmetlerimiz-2\/tam-tasdik-hizmetleri\/","url":"https:\/\/www.maliyontem.com.tr\/hizmetlerimiz-2\/tam-tasdik-hizmetleri\/","name":"Tam Tasdik Hizmetleri - Mali Y\u00f6ntem","isPartOf":{"@id":"https:\/\/www.maliyontem.com.tr\/#website"},"primaryImageOfPage":{"@id":"https:\/\/www.maliyontem.com.tr\/hizmetlerimiz-2\/tam-tasdik-hizmetleri\/#primaryimage"},"image":{"@id":"https:\/\/www.maliyontem.com.tr\/hizmetlerimiz-2\/tam-tasdik-hizmetleri\/#primaryimage"},"thumbnailUrl":"https:\/\/ml1xqiethand.i.optimole.com\/w:300\/h:200\/q:mauto\/f:best\/https:\/\/www.maliyontem.com.tr\/wp-content\/uploads\/2025\/12\/pexels-mikhail-nilov-8296977-scaled-1.jpg","datePublished":"2025-12-27T07:53:29+00:00","dateModified":"2025-12-27T18:48:28+00:00","breadcrumb":{"@id":"https:\/\/www.maliyontem.com.tr\/hizmetlerimiz-2\/tam-tasdik-hizmetleri\/#breadcrumb"},"inLanguage":"en-US","potentialAction":[{"@type":"ReadAction","target":["https:\/\/www.maliyontem.com.tr\/hizmetlerimiz-2\/tam-tasdik-hizmetleri\/"]}]},{"@type":"ImageObject","inLanguage":"en-US","@id":"https:\/\/www.maliyontem.com.tr\/hizmetlerimiz-2\/tam-tasdik-hizmetleri\/#primaryimage","url":"https:\/\/ml1xqiethand.i.optimole.com\/w:300\/h:200\/q:mauto\/f:best\/https:\/\/www.maliyontem.com.tr\/wp-content\/uploads\/2025\/12\/pexels-mikhail-nilov-8296977-scaled-1.jpg","contentUrl":"https:\/\/ml1xqiethand.i.optimole.com\/w:300\/h:200\/q:mauto\/f:best\/https:\/\/www.maliyontem.com.tr\/wp-content\/uploads\/2025\/12\/pexels-mikhail-nilov-8296977-scaled-1.jpg"},{"@type":"BreadcrumbList","@id":"https:\/\/www.maliyontem.com.tr\/hizmetlerimiz-2\/tam-tasdik-hizmetleri\/#breadcrumb","itemListElement":[{"@type":"ListItem","position":1,"name":"Anasayfa","item":"https:\/\/www.maliyontem.com.tr\/"},{"@type":"ListItem","position":2,"name":"Hizmetlerimiz","item":"https:\/\/www.maliyontem.com.tr\/hizmetlerimiz-2\/"},{"@type":"ListItem","position":3,"name":"Tam Tasdik Hizmetleri"}]},{"@type":"WebSite","@id":"https:\/\/www.maliyontem.com.tr\/#website","url":"https:\/\/www.maliyontem.com.tr\/","name":"Mali Y\u00f6ntem","description":"Mali Y&ouml;ntem","publisher":{"@id":"https:\/\/www.maliyontem.com.tr\/#organization"},"potentialAction":[{"@type":"SearchAction","target":{"@type":"EntryPoint","urlTemplate":"https:\/\/www.maliyontem.com.tr\/?s={search_term_string}"},"query-input":{"@type":"PropertyValueSpecification","valueRequired":true,"valueName":"search_term_string"}}],"inLanguage":"en-US"},{"@type":"Organization","@id":"https:\/\/www.maliyontem.com.tr\/#organization","name":"Mali Y\u00f6ntem","url":"https:\/\/www.maliyontem.com.tr\/","logo":{"@type":"ImageObject","inLanguage":"en-US","@id":"https:\/\/www.maliyontem.com.tr\/#\/schema\/logo\/image\/","url":"https:\/\/ml1xqiethand.i.optimole.com\/w:auto\/h:auto\/q:mauto\/f:best\/https:\/\/www.maliyontem.com.tr\/wp-content\/uploads\/2025\/12\/maliyontem2-Photoroom.png","contentUrl":"https:\/\/ml1xqiethand.i.optimole.com\/w:auto\/h:auto\/q:mauto\/f:best\/https:\/\/www.maliyontem.com.tr\/wp-content\/uploads\/2025\/12\/maliyontem2-Photoroom.png","width":1280,"height":444,"caption":"Mali Y\u00f6ntem"},"image":{"@id":"https:\/\/www.maliyontem.com.tr\/#\/schema\/logo\/image\/"}}]}},"_links":{"self":[{"href":"https:\/\/www.maliyontem.com.tr\/en\/wp-json\/wp\/v2\/pages\/2893","targetHints":{"allow":["GET"]}}],"collection":[{"href":"https:\/\/www.maliyontem.com.tr\/en\/wp-json\/wp\/v2\/pages"}],"about":[{"href":"https:\/\/www.maliyontem.com.tr\/en\/wp-json\/wp\/v2\/types\/page"}],"author":[{"embeddable":true,"href":"https:\/\/www.maliyontem.com.tr\/en\/wp-json\/wp\/v2\/users\/1"}],"replies":[{"embeddable":true,"href":"https:\/\/www.maliyontem.com.tr\/en\/wp-json\/wp\/v2\/comments?post=2893"}],"version-history":[{"count":19,"href":"https:\/\/www.maliyontem.com.tr\/en\/wp-json\/wp\/v2\/pages\/2893\/revisions"}],"predecessor-version":[{"id":3063,"href":"https:\/\/www.maliyontem.com.tr\/en\/wp-json\/wp\/v2\/pages\/2893\/revisions\/3063"}],"up":[{"embeddable":true,"href":"https:\/\/www.maliyontem.com.tr\/en\/wp-json\/wp\/v2\/pages\/2715"}],"wp:attachment":[{"href":"https:\/\/www.maliyontem.com.tr\/en\/wp-json\/wp\/v2\/media?parent=2893"}],"curies":[{"name":"wp","href":"https:\/\/api.w.org\/{rel}","templated":true}]}}