{"id":2797,"date":"2025-12-26T19:25:13","date_gmt":"2025-12-26T19:25:13","guid":{"rendered":"https:\/\/www.maliyontem.com.tr\/?page_id=2797"},"modified":"2025-12-30T12:56:46","modified_gmt":"2025-12-30T12:56:46","slug":"vergi-muhasebe-check-up-hizmetleri","status":"publish","type":"page","link":"https:\/\/www.maliyontem.com.tr\/en\/hizmetlerimiz-2\/vergi-muhasebe-check-up-hizmetleri\/","title":{"rendered":"Tax &amp; Accounting Check-Up Services"},"content":{"rendered":"<div data-elementor-type=\"wp-page\" data-elementor-id=\"2797\" class=\"elementor elementor-2797\">\n\t\t\t\t<div class=\"elementor-element elementor-element-0194d41 e-flex e-con-boxed e-con e-parent\" data-id=\"0194d41\" data-element_type=\"container\">\n\t\t\t\t\t<div class=\"e-con-inner\">\n\t\t\t\t<div class=\"elementor-element elementor-element-1651e06 elementor-widget__width-inherit elementor-widget elementor-widget-heading\" data-id=\"1651e06\" data-element_type=\"widget\" data-widget_type=\"heading.default\">\n\t\t\t\t<div class=\"elementor-widget-container\">\n\t\t\t\t\t<h2 class=\"elementor-heading-title elementor-size-default\">Tax Audit Services<\/h2>\t\t\t\t<\/div>\n\t\t\t\t<\/div>\n\t\t\t\t\t<\/div>\n\t\t\t\t<\/div>\n\t\t<div class=\"elementor-element elementor-element-fabb98b e-flex e-con-boxed e-con e-parent\" data-id=\"fabb98b\" data-element_type=\"container\">\n\t\t\t\t\t<div class=\"e-con-inner\">\n\t\t\t\t<div class=\"elementor-element elementor-element-d0e2d87 elementor-widget elementor-widget-text-editor\" data-id=\"d0e2d87\" data-element_type=\"widget\" data-widget_type=\"text-editor.default\">\n\t\t\t\t<div class=\"elementor-widget-container\">\n\t\t\t\t\t\t\t\t\t<div class=\"wpb_content_element block_title column_title inner-inline_border\"><p>\u00a0<\/p><h4><strong>Tax Check-Up Services<\/strong><\/h4><p><img fetchpriority=\"high\" decoding=\"async\" data-opt-id=\"931268645\" class=\"size-medium wp-image-2744 alignleft\"  src=\"https:\/\/ml1xqiethand.i.optimole.com\/w:300\/h:188\/q:mauto\/f:best\/https:\/\/www.maliyontem.com.tr\/wp-content\/uploads\/2025\/12\/IRS-tax-audit-768x480-1.jpg\" alt=\"irs tax audit 768x480\" width=\"300\" height=\"188\" srcset=\"https:\/\/ml1xqiethand.i.optimole.com\/w:768\/h:480\/q:mauto\/f:best\/https:\/\/www.maliyontem.com.tr\/wp-content\/uploads\/2025\/12\/IRS-tax-audit-768x480-1.jpg 768w, https:\/\/ml1xqiethand.i.optimole.com\/w:300\/h:188\/q:mauto\/f:best\/https:\/\/www.maliyontem.com.tr\/wp-content\/uploads\/2025\/12\/IRS-tax-audit-768x480-1.jpg 300w\" sizes=\"(max-width: 300px) 100vw, 300px\" \/><\/p><p>Through the special audit we conduct at the taxpayer company level, we identify potential audit issues in advance in case your company is subject to a tax inspection by the Ministry of Treasury and Finance Tax Inspectors, and determine deficiencies beforehand. This enables the timely implementation of necessary precautions against potential tax penalties. With this special audit, we review and test your company across 60 different areas.<\/p><\/div><div class=\"wpb_text_column wpb_content_element\"><div class=\"wpb_wrapper\"><p>Our tax consultancy services cover the examination and reporting of Corporate Income Tax, Personal Income Tax, Value Added Tax (VAT), Special Consumption Tax (SCT), and other tax returns, as well as the records and transactions forming the basis of these returns, from the perspective of applicable tax legislation.<\/p><p>Through this service, our primary objective is to prevent non-compliant practices before any potential public audit, thereby enabling our clients to protect themselves against financial, legal, and penal risks, and to make sound decisions to benefit from statutory tax advantages.<\/p><p>In addition, as a result of the reviews and reports prepared within the scope of this service, we go beyond traditional tax consultancy by offering strategic tax planning, thereby creating additional value for our clients.<\/p><p>For Tax &amp; Accounting Check-Up Services and other related matters, please feel free to contact us.<\/p><\/div><\/div><h4><strong>Stamp Duty Risk Analysis<\/strong><\/h4><p>This service covers check-up, ongoing audit, and consultancy services aimed at reviewing documents\u2014primarily contracts\u2014executed within the company or between companies and their business counterparts, from a stamp duty perspective, taking into account the current approach of the tax authorities and tax courts. The objective is to identify tax-related risk areas and to eliminate or minimize stamp duty risks.<\/p>\t\t\t\t\t\t\t\t<\/div>\n\t\t\t\t<\/div>\n\t\t\t\t\t<\/div>\n\t\t\t\t<\/div>\n\t\t\t\t<\/div>","protected":false},"excerpt":{"rendered":"<p>Vergi Denetim Hizmetleri \u00a0 Vergi Check-Up Hizmetleri M\u00fckellef kurum nezdinde ger\u00e7ekle\u015ftirece\u011fimiz \u00f6zel denetim ile \u015firketinizi Maliye Bakanl\u0131\u011f\u0131 Vergi M\u00fcfetti\u015fleri taraf\u0131ndan vergi incelemesine al\u0131nd\u0131\u011f\u0131n\u0131zda olas\u0131 inceleme konular\u0131 \u00fczerinden denetim yaparak eksikliklerin \u00f6nceden tespit edilmesidir. Olas\u0131 vergi cezalar\u0131na kar\u015f\u0131 \u00f6nceden gerekli tedbirlerin al\u0131nmas\u0131 ve eksikliklerin zaman\u0131nda tespitine imkan sa\u011flanm\u0131\u015f olur. Bu \u00f6zel denetim ile \u015eirketinizi 60 konuda [&hellip;]<\/p>","protected":false},"author":1,"featured_media":0,"parent":2715,"menu_order":0,"comment_status":"closed","ping_status":"closed","template":"","meta":{"site-sidebar-layout":"no-sidebar","site-content-layout":"page-builder","ast-site-content-layout":"full-width-container","site-content-style":"default","site-sidebar-style":"default","ast-global-header-display":"","ast-banner-title-visibility":"","ast-main-header-display":"","ast-hfb-above-header-display":"","ast-hfb-below-header-display":"","ast-hfb-mobile-header-display":"","site-post-title":"disabled","ast-breadcrumbs-content":"","ast-featured-img":"disabled","footer-sml-layout":"","ast-disable-related-posts":"","theme-transparent-header-meta":"","adv-header-id-meta":"","stick-header-meta":"","header-above-stick-meta":"","header-main-stick-meta":"","header-below-stick-meta":"","astra-migrate-meta-layouts":"set","ast-page-background-enabled":"default","ast-page-background-meta":{"desktop":{"background-color":"","background-image":"","background-repeat":"repeat","background-position":"center center","background-size":"auto","background-attachment":"scroll","background-type":"","background-media":"","overlay-type":"","overlay-color":"","overlay-opacity":"","overlay-gradient":""},"tablet":{"background-color":"","background-image":"","background-repeat":"repeat","background-position":"center center","background-size":"auto","background-attachment":"scroll","background-type":"","background-media":"","overlay-type":"","overlay-color":"","overlay-opacity":"","overlay-gradient":""},"mobile":{"background-color":"","background-image":"","background-repeat":"repeat","background-position":"center center","background-size":"auto","background-attachment":"scroll","background-type":"","background-media":"","overlay-type":"","overlay-color":"","overlay-opacity":"","overlay-gradient":""}},"ast-content-background-meta":{"desktop":{"background-color":"var(--ast-global-color-5)","background-image":"","background-repeat":"repeat","background-position":"center center","background-size":"auto","background-attachment":"scroll","background-type":"","background-media":"","overlay-type":"","overlay-color":"","overlay-opacity":"","overlay-gradient":""},"tablet":{"background-color":"var(--ast-global-color-5)","background-image":"","background-repeat":"repeat","background-position":"center center","background-size":"auto","background-attachment":"scroll","background-type":"","background-media":"","overlay-type":"","overlay-color":"","overlay-opacity":"","overlay-gradient":""},"mobile":{"background-color":"var(--ast-global-color-5)","background-image":"","background-repeat":"repeat","background-position":"center center","background-size":"auto","background-attachment":"scroll","background-type":"","background-media":"","overlay-type":"","overlay-color":"","overlay-opacity":"","overlay-gradient":""}},"footnotes":""},"class_list":["post-2797","page","type-page","status-publish","hentry"],"yoast_head":"<!-- This site is optimized with the Yoast SEO plugin v26.6 - https:\/\/yoast.com\/wordpress\/plugins\/seo\/ -->\n<title>Vergi-Muhasebe Check-Up Hizmetleri - Mali Y\u00f6ntem<\/title>\n<meta name=\"robots\" content=\"index, follow, max-snippet:-1, max-image-preview:large, max-video-preview:-1\" \/>\n<link rel=\"canonical\" href=\"https:\/\/www.maliyontem.com.tr\/en\/hizmetlerimiz-2\/vergi-muhasebe-check-up-hizmetleri\/\" \/>\n<meta property=\"og:locale\" content=\"en_US\" \/>\n<meta property=\"og:type\" content=\"article\" \/>\n<meta property=\"og:title\" content=\"Vergi-Muhasebe Check-Up Hizmetleri - Mali Y\u00f6ntem\" \/>\n<meta property=\"og:description\" content=\"Vergi Denetim Hizmetleri \u00a0 Vergi Check-Up Hizmetleri M\u00fckellef kurum nezdinde ger\u00e7ekle\u015ftirece\u011fimiz \u00f6zel denetim ile \u015firketinizi Maliye Bakanl\u0131\u011f\u0131 Vergi M\u00fcfetti\u015fleri taraf\u0131ndan vergi incelemesine al\u0131nd\u0131\u011f\u0131n\u0131zda olas\u0131 inceleme konular\u0131 \u00fczerinden denetim yaparak eksikliklerin \u00f6nceden tespit edilmesidir. Olas\u0131 vergi cezalar\u0131na kar\u015f\u0131 \u00f6nceden gerekli tedbirlerin al\u0131nmas\u0131 ve eksikliklerin zaman\u0131nda tespitine imkan sa\u011flanm\u0131\u015f olur. Bu \u00f6zel denetim ile \u015eirketinizi 60 konuda [&hellip;]\" \/>\n<meta property=\"og:url\" content=\"https:\/\/www.maliyontem.com.tr\/en\/hizmetlerimiz-2\/vergi-muhasebe-check-up-hizmetleri\/\" \/>\n<meta property=\"og:site_name\" content=\"Mali Y\u00f6ntem\" \/>\n<meta property=\"article:modified_time\" content=\"2025-12-30T12:56:46+00:00\" \/>\n<meta property=\"og:image\" content=\"https:\/\/ml1xqiethand.i.optimole.com\/w:300\/h:188\/q:mauto\/f:best\/https:\/\/www.maliyontem.com.tr\/wp-content\/uploads\/2025\/12\/IRS-tax-audit-768x480-1.jpg\" \/>\n<meta name=\"twitter:card\" content=\"summary_large_image\" \/>\n<meta name=\"twitter:label1\" content=\"Est. reading time\" \/>\n\t<meta name=\"twitter:data1\" content=\"2 minutes\" \/>\n<script type=\"application\/ld+json\" class=\"yoast-schema-graph\">{\"@context\":\"https:\/\/schema.org\",\"@graph\":[{\"@type\":\"WebPage\",\"@id\":\"https:\/\/www.maliyontem.com.tr\/hizmetlerimiz-2\/vergi-muhasebe-check-up-hizmetleri\/\",\"url\":\"https:\/\/www.maliyontem.com.tr\/hizmetlerimiz-2\/vergi-muhasebe-check-up-hizmetleri\/\",\"name\":\"Vergi-Muhasebe Check-Up Hizmetleri - Mali Y\u00f6ntem\",\"isPartOf\":{\"@id\":\"https:\/\/www.maliyontem.com.tr\/#website\"},\"primaryImageOfPage\":{\"@id\":\"https:\/\/www.maliyontem.com.tr\/hizmetlerimiz-2\/vergi-muhasebe-check-up-hizmetleri\/#primaryimage\"},\"image\":{\"@id\":\"https:\/\/www.maliyontem.com.tr\/hizmetlerimiz-2\/vergi-muhasebe-check-up-hizmetleri\/#primaryimage\"},\"thumbnailUrl\":\"https:\/\/ml1xqiethand.i.optimole.com\/w:300\/h:188\/q:mauto\/f:best\/https:\/\/www.maliyontem.com.tr\/wp-content\/uploads\/2025\/12\/IRS-tax-audit-768x480-1.jpg\",\"datePublished\":\"2025-12-26T19:25:13+00:00\",\"dateModified\":\"2025-12-30T12:56:46+00:00\",\"breadcrumb\":{\"@id\":\"https:\/\/www.maliyontem.com.tr\/hizmetlerimiz-2\/vergi-muhasebe-check-up-hizmetleri\/#breadcrumb\"},\"inLanguage\":\"en-US\",\"potentialAction\":[{\"@type\":\"ReadAction\",\"target\":[\"https:\/\/www.maliyontem.com.tr\/hizmetlerimiz-2\/vergi-muhasebe-check-up-hizmetleri\/\"]}]},{\"@type\":\"ImageObject\",\"inLanguage\":\"en-US\",\"@id\":\"https:\/\/www.maliyontem.com.tr\/hizmetlerimiz-2\/vergi-muhasebe-check-up-hizmetleri\/#primaryimage\",\"url\":\"https:\/\/ml1xqiethand.i.optimole.com\/w:300\/h:188\/q:mauto\/f:best\/https:\/\/www.maliyontem.com.tr\/wp-content\/uploads\/2025\/12\/IRS-tax-audit-768x480-1.jpg\",\"contentUrl\":\"https:\/\/ml1xqiethand.i.optimole.com\/w:300\/h:188\/q:mauto\/f:best\/https:\/\/www.maliyontem.com.tr\/wp-content\/uploads\/2025\/12\/IRS-tax-audit-768x480-1.jpg\"},{\"@type\":\"BreadcrumbList\",\"@id\":\"https:\/\/www.maliyontem.com.tr\/hizmetlerimiz-2\/vergi-muhasebe-check-up-hizmetleri\/#breadcrumb\",\"itemListElement\":[{\"@type\":\"ListItem\",\"position\":1,\"name\":\"Anasayfa\",\"item\":\"https:\/\/www.maliyontem.com.tr\/\"},{\"@type\":\"ListItem\",\"position\":2,\"name\":\"Hizmetlerimiz\",\"item\":\"https:\/\/www.maliyontem.com.tr\/hizmetlerimiz-2\/\"},{\"@type\":\"ListItem\",\"position\":3,\"name\":\"Vergi-Muhasebe Check-Up Hizmetleri\"}]},{\"@type\":\"WebSite\",\"@id\":\"https:\/\/www.maliyontem.com.tr\/#website\",\"url\":\"https:\/\/www.maliyontem.com.tr\/\",\"name\":\"Mali Y\u00f6ntem\",\"description\":\"Mali Y&ouml;ntem \",\"publisher\":{\"@id\":\"https:\/\/www.maliyontem.com.tr\/#organization\"},\"potentialAction\":[{\"@type\":\"SearchAction\",\"target\":{\"@type\":\"EntryPoint\",\"urlTemplate\":\"https:\/\/www.maliyontem.com.tr\/?s={search_term_string}\"},\"query-input\":{\"@type\":\"PropertyValueSpecification\",\"valueRequired\":true,\"valueName\":\"search_term_string\"}}],\"inLanguage\":\"en-US\"},{\"@type\":\"Organization\",\"@id\":\"https:\/\/www.maliyontem.com.tr\/#organization\",\"name\":\"Mali Y\u00f6ntem\",\"url\":\"https:\/\/www.maliyontem.com.tr\/\",\"logo\":{\"@type\":\"ImageObject\",\"inLanguage\":\"en-US\",\"@id\":\"https:\/\/www.maliyontem.com.tr\/#\/schema\/logo\/image\/\",\"url\":\"https:\/\/ml1xqiethand.i.optimole.com\/w:auto\/h:auto\/q:mauto\/f:best\/https:\/\/www.maliyontem.com.tr\/wp-content\/uploads\/2025\/12\/maliyontem2-Photoroom.png\",\"contentUrl\":\"https:\/\/ml1xqiethand.i.optimole.com\/w:auto\/h:auto\/q:mauto\/f:best\/https:\/\/www.maliyontem.com.tr\/wp-content\/uploads\/2025\/12\/maliyontem2-Photoroom.png\",\"width\":1280,\"height\":444,\"caption\":\"Mali Y\u00f6ntem\"},\"image\":{\"@id\":\"https:\/\/www.maliyontem.com.tr\/#\/schema\/logo\/image\/\"}}]}<\/script>\n<!-- \/ Yoast SEO plugin. -->","yoast_head_json":{"title":"Vergi-Muhasebe Check-Up Hizmetleri - Mali Y\u00f6ntem","robots":{"index":"index","follow":"follow","max-snippet":"max-snippet:-1","max-image-preview":"max-image-preview:large","max-video-preview":"max-video-preview:-1"},"canonical":"https:\/\/www.maliyontem.com.tr\/en\/hizmetlerimiz-2\/vergi-muhasebe-check-up-hizmetleri\/","og_locale":"en_US","og_type":"article","og_title":"Vergi-Muhasebe Check-Up Hizmetleri - Mali Y\u00f6ntem","og_description":"Vergi Denetim Hizmetleri \u00a0 Vergi Check-Up Hizmetleri M\u00fckellef kurum nezdinde ger\u00e7ekle\u015ftirece\u011fimiz \u00f6zel denetim ile \u015firketinizi Maliye Bakanl\u0131\u011f\u0131 Vergi M\u00fcfetti\u015fleri taraf\u0131ndan vergi incelemesine al\u0131nd\u0131\u011f\u0131n\u0131zda olas\u0131 inceleme konular\u0131 \u00fczerinden denetim yaparak eksikliklerin \u00f6nceden tespit edilmesidir. Olas\u0131 vergi cezalar\u0131na kar\u015f\u0131 \u00f6nceden gerekli tedbirlerin al\u0131nmas\u0131 ve eksikliklerin zaman\u0131nda tespitine imkan sa\u011flanm\u0131\u015f olur. Bu \u00f6zel denetim ile \u015eirketinizi 60 konuda [&hellip;]","og_url":"https:\/\/www.maliyontem.com.tr\/en\/hizmetlerimiz-2\/vergi-muhasebe-check-up-hizmetleri\/","og_site_name":"Mali Y\u00f6ntem","article_modified_time":"2025-12-30T12:56:46+00:00","og_image":[{"url":"https:\/\/ml1xqiethand.i.optimole.com\/w:300\/h:188\/q:mauto\/f:best\/https:\/\/www.maliyontem.com.tr\/wp-content\/uploads\/2025\/12\/IRS-tax-audit-768x480-1.jpg","type":"","width":"","height":""}],"twitter_card":"summary_large_image","twitter_misc":{"Est. reading time":"2 minutes"},"schema":{"@context":"https:\/\/schema.org","@graph":[{"@type":"WebPage","@id":"https:\/\/www.maliyontem.com.tr\/hizmetlerimiz-2\/vergi-muhasebe-check-up-hizmetleri\/","url":"https:\/\/www.maliyontem.com.tr\/hizmetlerimiz-2\/vergi-muhasebe-check-up-hizmetleri\/","name":"Vergi-Muhasebe Check-Up Hizmetleri - Mali Y\u00f6ntem","isPartOf":{"@id":"https:\/\/www.maliyontem.com.tr\/#website"},"primaryImageOfPage":{"@id":"https:\/\/www.maliyontem.com.tr\/hizmetlerimiz-2\/vergi-muhasebe-check-up-hizmetleri\/#primaryimage"},"image":{"@id":"https:\/\/www.maliyontem.com.tr\/hizmetlerimiz-2\/vergi-muhasebe-check-up-hizmetleri\/#primaryimage"},"thumbnailUrl":"https:\/\/ml1xqiethand.i.optimole.com\/w:300\/h:188\/q:mauto\/f:best\/https:\/\/www.maliyontem.com.tr\/wp-content\/uploads\/2025\/12\/IRS-tax-audit-768x480-1.jpg","datePublished":"2025-12-26T19:25:13+00:00","dateModified":"2025-12-30T12:56:46+00:00","breadcrumb":{"@id":"https:\/\/www.maliyontem.com.tr\/hizmetlerimiz-2\/vergi-muhasebe-check-up-hizmetleri\/#breadcrumb"},"inLanguage":"en-US","potentialAction":[{"@type":"ReadAction","target":["https:\/\/www.maliyontem.com.tr\/hizmetlerimiz-2\/vergi-muhasebe-check-up-hizmetleri\/"]}]},{"@type":"ImageObject","inLanguage":"en-US","@id":"https:\/\/www.maliyontem.com.tr\/hizmetlerimiz-2\/vergi-muhasebe-check-up-hizmetleri\/#primaryimage","url":"https:\/\/ml1xqiethand.i.optimole.com\/w:300\/h:188\/q:mauto\/f:best\/https:\/\/www.maliyontem.com.tr\/wp-content\/uploads\/2025\/12\/IRS-tax-audit-768x480-1.jpg","contentUrl":"https:\/\/ml1xqiethand.i.optimole.com\/w:300\/h:188\/q:mauto\/f:best\/https:\/\/www.maliyontem.com.tr\/wp-content\/uploads\/2025\/12\/IRS-tax-audit-768x480-1.jpg"},{"@type":"BreadcrumbList","@id":"https:\/\/www.maliyontem.com.tr\/hizmetlerimiz-2\/vergi-muhasebe-check-up-hizmetleri\/#breadcrumb","itemListElement":[{"@type":"ListItem","position":1,"name":"Anasayfa","item":"https:\/\/www.maliyontem.com.tr\/"},{"@type":"ListItem","position":2,"name":"Hizmetlerimiz","item":"https:\/\/www.maliyontem.com.tr\/hizmetlerimiz-2\/"},{"@type":"ListItem","position":3,"name":"Vergi-Muhasebe Check-Up Hizmetleri"}]},{"@type":"WebSite","@id":"https:\/\/www.maliyontem.com.tr\/#website","url":"https:\/\/www.maliyontem.com.tr\/","name":"Mali Y\u00f6ntem","description":"Mali Y&ouml;ntem","publisher":{"@id":"https:\/\/www.maliyontem.com.tr\/#organization"},"potentialAction":[{"@type":"SearchAction","target":{"@type":"EntryPoint","urlTemplate":"https:\/\/www.maliyontem.com.tr\/?s={search_term_string}"},"query-input":{"@type":"PropertyValueSpecification","valueRequired":true,"valueName":"search_term_string"}}],"inLanguage":"en-US"},{"@type":"Organization","@id":"https:\/\/www.maliyontem.com.tr\/#organization","name":"Mali Y\u00f6ntem","url":"https:\/\/www.maliyontem.com.tr\/","logo":{"@type":"ImageObject","inLanguage":"en-US","@id":"https:\/\/www.maliyontem.com.tr\/#\/schema\/logo\/image\/","url":"https:\/\/ml1xqiethand.i.optimole.com\/w:auto\/h:auto\/q:mauto\/f:best\/https:\/\/www.maliyontem.com.tr\/wp-content\/uploads\/2025\/12\/maliyontem2-Photoroom.png","contentUrl":"https:\/\/ml1xqiethand.i.optimole.com\/w:auto\/h:auto\/q:mauto\/f:best\/https:\/\/www.maliyontem.com.tr\/wp-content\/uploads\/2025\/12\/maliyontem2-Photoroom.png","width":1280,"height":444,"caption":"Mali Y\u00f6ntem"},"image":{"@id":"https:\/\/www.maliyontem.com.tr\/#\/schema\/logo\/image\/"}}]}},"_links":{"self":[{"href":"https:\/\/www.maliyontem.com.tr\/en\/wp-json\/wp\/v2\/pages\/2797","targetHints":{"allow":["GET"]}}],"collection":[{"href":"https:\/\/www.maliyontem.com.tr\/en\/wp-json\/wp\/v2\/pages"}],"about":[{"href":"https:\/\/www.maliyontem.com.tr\/en\/wp-json\/wp\/v2\/types\/page"}],"author":[{"embeddable":true,"href":"https:\/\/www.maliyontem.com.tr\/en\/wp-json\/wp\/v2\/users\/1"}],"replies":[{"embeddable":true,"href":"https:\/\/www.maliyontem.com.tr\/en\/wp-json\/wp\/v2\/comments?post=2797"}],"version-history":[{"count":7,"href":"https:\/\/www.maliyontem.com.tr\/en\/wp-json\/wp\/v2\/pages\/2797\/revisions"}],"predecessor-version":[{"id":3277,"href":"https:\/\/www.maliyontem.com.tr\/en\/wp-json\/wp\/v2\/pages\/2797\/revisions\/3277"}],"up":[{"embeddable":true,"href":"https:\/\/www.maliyontem.com.tr\/en\/wp-json\/wp\/v2\/pages\/2715"}],"wp:attachment":[{"href":"https:\/\/www.maliyontem.com.tr\/en\/wp-json\/wp\/v2\/media?parent=2797"}],"curies":[{"name":"wp","href":"https:\/\/api.w.org\/{rel}","templated":true}]}}