{"id":2787,"date":"2025-12-26T19:21:58","date_gmt":"2025-12-26T19:21:58","guid":{"rendered":"https:\/\/www.maliyontem.com.tr\/?page_id=2787"},"modified":"2025-12-26T19:23:14","modified_gmt":"2025-12-26T19:23:14","slug":"hile-denetimi","status":"publish","type":"page","link":"https:\/\/www.maliyontem.com.tr\/en\/hizmetlerimiz-2\/hile-denetimi\/","title":{"rendered":"Fraud Audit"},"content":{"rendered":"<div data-elementor-type=\"wp-page\" data-elementor-id=\"2787\" class=\"elementor elementor-2787\">\n\t\t\t\t<div class=\"elementor-element elementor-element-0194d41 e-flex e-con-boxed e-con e-parent\" data-id=\"0194d41\" data-element_type=\"container\">\n\t\t\t\t\t<div class=\"e-con-inner\">\n\t\t\t\t<div class=\"elementor-element elementor-element-1651e06 elementor-widget__width-inherit elementor-widget elementor-widget-heading\" data-id=\"1651e06\" data-element_type=\"widget\" data-widget_type=\"heading.default\">\n\t\t\t\t<div class=\"elementor-widget-container\">\n\t\t\t\t\t<h2 class=\"elementor-heading-title elementor-size-default\">Accounting Irregularities and Fraud Audit<\/h2>\t\t\t\t<\/div>\n\t\t\t\t<\/div>\n\t\t\t\t\t<\/div>\n\t\t\t\t<\/div>\n\t\t<div class=\"elementor-element elementor-element-fabb98b e-flex e-con-boxed e-con e-parent\" data-id=\"fabb98b\" data-element_type=\"container\">\n\t\t\t\t\t<div class=\"e-con-inner\">\n\t\t\t\t<div class=\"elementor-element elementor-element-d0e2d87 elementor-widget elementor-widget-text-editor\" data-id=\"d0e2d87\" data-element_type=\"widget\" data-widget_type=\"text-editor.default\">\n\t\t\t\t<div class=\"elementor-widget-container\">\n\t\t\t\t\t\t\t\t\t<p><img fetchpriority=\"high\" decoding=\"async\" data-opt-id=\"816350058\" class=\"wp-image-2742 size-medium alignleft\"  src=\"https:\/\/ml1xqiethand.i.optimole.com\/w:300\/h:200\/q:mauto\/f:best\/https:\/\/www.maliyontem.com.tr\/wp-content\/uploads\/2025\/12\/hile-denetimi-1.jpg\" alt=\"hile denetimi 1\" width=\"300\" height=\"200\" srcset=\"https:\/\/ml1xqiethand.i.optimole.com\/w:600\/h:400\/q:mauto\/f:best\/https:\/\/www.maliyontem.com.tr\/wp-content\/uploads\/2025\/12\/hile-denetimi-1.jpg 600w, https:\/\/ml1xqiethand.i.optimole.com\/w:300\/h:200\/q:mauto\/f:best\/https:\/\/www.maliyontem.com.tr\/wp-content\/uploads\/2025\/12\/hile-denetimi-1.jpg 300w\" sizes=\"(max-width: 300px) 100vw, 300px\" \/><\/p><div id=\"fws_59e3d38e2aaed\" class=\"wpb_row vc_row-fluid animate_onoffset row-dynamic-el standard_section\"><div class=\"container dark\"><div class=\"section_clear\"><div class=\"vc_col-sm-12 wpb_column column_container\" data-animation=\"\" data-delay=\"0\"><div class=\"wpb_wrapper\"><div class=\"wpb_text_column wpb_content_element\"><p>Possible transaction and accounting irregularities in companies not only lead to penal sanctions but also cause damage to parties such as company shareholders, the state, creditors, and business counterparts. In addition, financial statements prepared in violation of legally prescribed accounting principles may misrepresent the company\u2019s actual financial position, resulting in significant losses.<\/p><p>It is of critical importance that audits aimed at determining whether there are reductions in company assets due to irregularities are carried out by independent and impartial professionals with sufficient knowledge and experience in this field.<\/p><p>In this context, we conduct audit activities by examining companies\u2019 statutory accounting records and documents, interviewing employees, third parties, and other relevant stakeholders, and performing data analyses and comparative controls based on the information obtained.<\/p><p>Our main audit services in this area can be summarized as follows:<\/p><ul><li>Accounting irregularities and fraud audits<\/li><li>Executive and employee abuse investigations<\/li><li>Litigation and dispute advisory services<\/li><\/ul><h5 class=\"vc_custom_heading\">Stages of Fraud Audit<\/h5><ul><li>Understanding the business culture<\/li><li>Identifying risks within companies (Opportunity, Pressure, Incentive, Rationalization) and preparing red flag lists<\/li><li>Completion of working papers<\/li><li>Reporting fraud audit results to senior management and providing recommendations to prevent fraudulent activities<\/li><\/ul><h4 class=\"vc_custom_heading\">Benefits of Fraud Audit for Companies<\/h4><ul><li>Supporting the protection of company assets<\/li><li>Reducing and eliminating the tendency of management and employees to commit fraud and irregularities<\/li><li>The existence of a strong fraud prevention system in a company increases the confidence of the State, investors, and society as a whole in the company, its financial statements, and its shareholders<\/li><\/ul><\/div><\/div><\/div><\/div><\/div><\/div>\t\t\t\t\t\t\t\t<\/div>\n\t\t\t\t<\/div>\n\t\t\t\t\t<\/div>\n\t\t\t\t<\/div>\n\t\t\t\t<\/div>","protected":false},"excerpt":{"rendered":"<p>Muhasebe Usuls\u00fczl\u00fckleri ve Hile Denetimi \u015eirketlerdeki\u00a0olas\u0131 i\u015flem ve muhasebe usuls\u00fczl\u00fckleri cezai yapt\u0131r\u0131mlar do\u011furman\u0131n \u00f6tesinde, ba\u015fta \u015firket ortaklar\u0131 olmak \u00fczere; devlet, kredi verenler ve i\u015fletmeyle ticari ili\u015fkide olan taraflar\u0131n zarar g\u00f6rmesine de sebep olmaktad\u0131r. Ayr\u0131ca finansal tablolar\u0131n yasalarla belirlenmi\u015f muhasebe usullerine uygun haz\u0131rlanmayarak i\u015fletmenin ger\u00e7ek finansal durumundan farkl\u0131 g\u00f6sterilmesi \u00f6nemli zararlar do\u011furabilmektedir. Usuls\u00fczl\u00fcklerden dolay\u0131 \u015firket varl\u0131klar\u0131nda [&hellip;]<\/p>","protected":false},"author":1,"featured_media":0,"parent":2715,"menu_order":0,"comment_status":"closed","ping_status":"closed","template":"","meta":{"site-sidebar-layout":"no-sidebar","site-content-layout":"page-builder","ast-site-content-layout":"full-width-container","site-content-style":"default","site-sidebar-style":"default","ast-global-header-display":"","ast-banner-title-visibility":"","ast-main-header-display":"","ast-hfb-above-header-display":"","ast-hfb-below-header-display":"","ast-hfb-mobile-header-display":"","site-post-title":"disabled","ast-breadcrumbs-content":"","ast-featured-img":"disabled","footer-sml-layout":"","ast-disable-related-posts":"","theme-transparent-header-meta":"","adv-header-id-meta":"","stick-header-meta":"","header-above-stick-meta":"","header-main-stick-meta":"","header-below-stick-meta":"","astra-migrate-meta-layouts":"set","ast-page-background-enabled":"default","ast-page-background-meta":{"desktop":{"background-color":"","background-image":"","background-repeat":"repeat","background-position":"center center","background-size":"auto","background-attachment":"scroll","background-type":"","background-media":"","overlay-type":"","overlay-color":"","overlay-opacity":"","overlay-gradient":""},"tablet":{"background-color":"","background-image":"","background-repeat":"repeat","background-position":"center center","background-size":"auto","background-attachment":"scroll","background-type":"","background-media":"","overlay-type":"","overlay-color":"","overlay-opacity":"","overlay-gradient":""},"mobile":{"background-color":"","background-image":"","background-repeat":"repeat","background-position":"center center","background-size":"auto","background-attachment":"scroll","background-type":"","background-media":"","overlay-type":"","overlay-color":"","overlay-opacity":"","overlay-gradient":""}},"ast-content-background-meta":{"desktop":{"background-color":"var(--ast-global-color-5)","background-image":"","background-repeat":"repeat","background-position":"center center","background-size":"auto","background-attachment":"scroll","background-type":"","background-media":"","overlay-type":"","overlay-color":"","overlay-opacity":"","overlay-gradient":""},"tablet":{"background-color":"var(--ast-global-color-5)","background-image":"","background-repeat":"repeat","background-position":"center center","background-size":"auto","background-attachment":"scroll","background-type":"","background-media":"","overlay-type":"","overlay-color":"","overlay-opacity":"","overlay-gradient":""},"mobile":{"background-color":"var(--ast-global-color-5)","background-image":"","background-repeat":"repeat","background-position":"center center","background-size":"auto","background-attachment":"scroll","background-type":"","background-media":"","overlay-type":"","overlay-color":"","overlay-opacity":"","overlay-gradient":""}},"footnotes":""},"class_list":["post-2787","page","type-page","status-publish","hentry"],"yoast_head":"<!-- This site is optimized with the Yoast SEO plugin v26.6 - https:\/\/yoast.com\/wordpress\/plugins\/seo\/ -->\n<title>Hile Denetimi - Mali Y\u00f6ntem<\/title>\n<meta name=\"robots\" content=\"index, follow, max-snippet:-1, max-image-preview:large, max-video-preview:-1\" \/>\n<link rel=\"canonical\" href=\"https:\/\/www.maliyontem.com.tr\/en\/hizmetlerimiz-2\/hile-denetimi\/\" \/>\n<meta property=\"og:locale\" content=\"en_US\" \/>\n<meta property=\"og:type\" content=\"article\" \/>\n<meta property=\"og:title\" content=\"Hile Denetimi - Mali Y\u00f6ntem\" \/>\n<meta property=\"og:description\" content=\"Muhasebe Usuls\u00fczl\u00fckleri ve Hile Denetimi \u015eirketlerdeki\u00a0olas\u0131 i\u015flem ve muhasebe usuls\u00fczl\u00fckleri cezai yapt\u0131r\u0131mlar do\u011furman\u0131n \u00f6tesinde, ba\u015fta \u015firket ortaklar\u0131 olmak \u00fczere; devlet, kredi verenler ve i\u015fletmeyle ticari ili\u015fkide olan taraflar\u0131n zarar g\u00f6rmesine de sebep olmaktad\u0131r. Ayr\u0131ca finansal tablolar\u0131n yasalarla belirlenmi\u015f muhasebe usullerine uygun haz\u0131rlanmayarak i\u015fletmenin ger\u00e7ek finansal durumundan farkl\u0131 g\u00f6sterilmesi \u00f6nemli zararlar do\u011furabilmektedir. Usuls\u00fczl\u00fcklerden dolay\u0131 \u015firket varl\u0131klar\u0131nda [&hellip;]\" \/>\n<meta property=\"og:url\" content=\"https:\/\/www.maliyontem.com.tr\/en\/hizmetlerimiz-2\/hile-denetimi\/\" \/>\n<meta property=\"og:site_name\" content=\"Mali Y\u00f6ntem\" \/>\n<meta property=\"article:modified_time\" content=\"2025-12-26T19:23:14+00:00\" \/>\n<meta property=\"og:image\" content=\"https:\/\/ml1xqiethand.i.optimole.com\/w:300\/h:200\/q:mauto\/f:best\/https:\/\/www.maliyontem.com.tr\/wp-content\/uploads\/2025\/12\/hile-denetimi-1.jpg\" \/>\n<meta name=\"twitter:card\" content=\"summary_large_image\" \/>\n<meta name=\"twitter:label1\" content=\"Est. reading time\" \/>\n\t<meta name=\"twitter:data1\" content=\"2 minutes\" \/>\n<script type=\"application\/ld+json\" class=\"yoast-schema-graph\">{\"@context\":\"https:\/\/schema.org\",\"@graph\":[{\"@type\":\"WebPage\",\"@id\":\"https:\/\/www.maliyontem.com.tr\/hizmetlerimiz-2\/hile-denetimi\/\",\"url\":\"https:\/\/www.maliyontem.com.tr\/hizmetlerimiz-2\/hile-denetimi\/\",\"name\":\"Hile Denetimi - Mali Y\u00f6ntem\",\"isPartOf\":{\"@id\":\"https:\/\/www.maliyontem.com.tr\/#website\"},\"primaryImageOfPage\":{\"@id\":\"https:\/\/www.maliyontem.com.tr\/hizmetlerimiz-2\/hile-denetimi\/#primaryimage\"},\"image\":{\"@id\":\"https:\/\/www.maliyontem.com.tr\/hizmetlerimiz-2\/hile-denetimi\/#primaryimage\"},\"thumbnailUrl\":\"https:\/\/ml1xqiethand.i.optimole.com\/w:300\/h:200\/q:mauto\/f:best\/https:\/\/www.maliyontem.com.tr\/wp-content\/uploads\/2025\/12\/hile-denetimi-1.jpg\",\"datePublished\":\"2025-12-26T19:21:58+00:00\",\"dateModified\":\"2025-12-26T19:23:14+00:00\",\"breadcrumb\":{\"@id\":\"https:\/\/www.maliyontem.com.tr\/hizmetlerimiz-2\/hile-denetimi\/#breadcrumb\"},\"inLanguage\":\"en-US\",\"potentialAction\":[{\"@type\":\"ReadAction\",\"target\":[\"https:\/\/www.maliyontem.com.tr\/hizmetlerimiz-2\/hile-denetimi\/\"]}]},{\"@type\":\"ImageObject\",\"inLanguage\":\"en-US\",\"@id\":\"https:\/\/www.maliyontem.com.tr\/hizmetlerimiz-2\/hile-denetimi\/#primaryimage\",\"url\":\"https:\/\/ml1xqiethand.i.optimole.com\/w:300\/h:200\/q:mauto\/f:best\/https:\/\/www.maliyontem.com.tr\/wp-content\/uploads\/2025\/12\/hile-denetimi-1.jpg\",\"contentUrl\":\"https:\/\/ml1xqiethand.i.optimole.com\/w:300\/h:200\/q:mauto\/f:best\/https:\/\/www.maliyontem.com.tr\/wp-content\/uploads\/2025\/12\/hile-denetimi-1.jpg\"},{\"@type\":\"BreadcrumbList\",\"@id\":\"https:\/\/www.maliyontem.com.tr\/hizmetlerimiz-2\/hile-denetimi\/#breadcrumb\",\"itemListElement\":[{\"@type\":\"ListItem\",\"position\":1,\"name\":\"Anasayfa\",\"item\":\"https:\/\/www.maliyontem.com.tr\/\"},{\"@type\":\"ListItem\",\"position\":2,\"name\":\"Hizmetlerimiz\",\"item\":\"https:\/\/www.maliyontem.com.tr\/hizmetlerimiz-2\/\"},{\"@type\":\"ListItem\",\"position\":3,\"name\":\"Hile Denetimi\"}]},{\"@type\":\"WebSite\",\"@id\":\"https:\/\/www.maliyontem.com.tr\/#website\",\"url\":\"https:\/\/www.maliyontem.com.tr\/\",\"name\":\"Mali Y\u00f6ntem\",\"description\":\"Mali Y&ouml;ntem \",\"publisher\":{\"@id\":\"https:\/\/www.maliyontem.com.tr\/#organization\"},\"potentialAction\":[{\"@type\":\"SearchAction\",\"target\":{\"@type\":\"EntryPoint\",\"urlTemplate\":\"https:\/\/www.maliyontem.com.tr\/?s={search_term_string}\"},\"query-input\":{\"@type\":\"PropertyValueSpecification\",\"valueRequired\":true,\"valueName\":\"search_term_string\"}}],\"inLanguage\":\"en-US\"},{\"@type\":\"Organization\",\"@id\":\"https:\/\/www.maliyontem.com.tr\/#organization\",\"name\":\"Mali Y\u00f6ntem\",\"url\":\"https:\/\/www.maliyontem.com.tr\/\",\"logo\":{\"@type\":\"ImageObject\",\"inLanguage\":\"en-US\",\"@id\":\"https:\/\/www.maliyontem.com.tr\/#\/schema\/logo\/image\/\",\"url\":\"https:\/\/ml1xqiethand.i.optimole.com\/w:auto\/h:auto\/q:mauto\/f:best\/https:\/\/www.maliyontem.com.tr\/wp-content\/uploads\/2025\/12\/maliyontem2-Photoroom.png\",\"contentUrl\":\"https:\/\/ml1xqiethand.i.optimole.com\/w:auto\/h:auto\/q:mauto\/f:best\/https:\/\/www.maliyontem.com.tr\/wp-content\/uploads\/2025\/12\/maliyontem2-Photoroom.png\",\"width\":1280,\"height\":444,\"caption\":\"Mali Y\u00f6ntem\"},\"image\":{\"@id\":\"https:\/\/www.maliyontem.com.tr\/#\/schema\/logo\/image\/\"}}]}<\/script>\n<!-- \/ Yoast SEO plugin. -->","yoast_head_json":{"title":"Hile Denetimi - Mali Y\u00f6ntem","robots":{"index":"index","follow":"follow","max-snippet":"max-snippet:-1","max-image-preview":"max-image-preview:large","max-video-preview":"max-video-preview:-1"},"canonical":"https:\/\/www.maliyontem.com.tr\/en\/hizmetlerimiz-2\/hile-denetimi\/","og_locale":"en_US","og_type":"article","og_title":"Hile Denetimi - Mali Y\u00f6ntem","og_description":"Muhasebe Usuls\u00fczl\u00fckleri ve Hile Denetimi \u015eirketlerdeki\u00a0olas\u0131 i\u015flem ve muhasebe usuls\u00fczl\u00fckleri cezai yapt\u0131r\u0131mlar do\u011furman\u0131n \u00f6tesinde, ba\u015fta \u015firket ortaklar\u0131 olmak \u00fczere; devlet, kredi verenler ve i\u015fletmeyle ticari ili\u015fkide olan taraflar\u0131n zarar g\u00f6rmesine de sebep olmaktad\u0131r. Ayr\u0131ca finansal tablolar\u0131n yasalarla belirlenmi\u015f muhasebe usullerine uygun haz\u0131rlanmayarak i\u015fletmenin ger\u00e7ek finansal durumundan farkl\u0131 g\u00f6sterilmesi \u00f6nemli zararlar do\u011furabilmektedir. Usuls\u00fczl\u00fcklerden dolay\u0131 \u015firket varl\u0131klar\u0131nda [&hellip;]","og_url":"https:\/\/www.maliyontem.com.tr\/en\/hizmetlerimiz-2\/hile-denetimi\/","og_site_name":"Mali Y\u00f6ntem","article_modified_time":"2025-12-26T19:23:14+00:00","og_image":[{"url":"https:\/\/ml1xqiethand.i.optimole.com\/w:300\/h:200\/q:mauto\/f:best\/https:\/\/www.maliyontem.com.tr\/wp-content\/uploads\/2025\/12\/hile-denetimi-1.jpg","type":"","width":"","height":""}],"twitter_card":"summary_large_image","twitter_misc":{"Est. reading time":"2 minutes"},"schema":{"@context":"https:\/\/schema.org","@graph":[{"@type":"WebPage","@id":"https:\/\/www.maliyontem.com.tr\/hizmetlerimiz-2\/hile-denetimi\/","url":"https:\/\/www.maliyontem.com.tr\/hizmetlerimiz-2\/hile-denetimi\/","name":"Hile Denetimi - Mali Y\u00f6ntem","isPartOf":{"@id":"https:\/\/www.maliyontem.com.tr\/#website"},"primaryImageOfPage":{"@id":"https:\/\/www.maliyontem.com.tr\/hizmetlerimiz-2\/hile-denetimi\/#primaryimage"},"image":{"@id":"https:\/\/www.maliyontem.com.tr\/hizmetlerimiz-2\/hile-denetimi\/#primaryimage"},"thumbnailUrl":"https:\/\/ml1xqiethand.i.optimole.com\/w:300\/h:200\/q:mauto\/f:best\/https:\/\/www.maliyontem.com.tr\/wp-content\/uploads\/2025\/12\/hile-denetimi-1.jpg","datePublished":"2025-12-26T19:21:58+00:00","dateModified":"2025-12-26T19:23:14+00:00","breadcrumb":{"@id":"https:\/\/www.maliyontem.com.tr\/hizmetlerimiz-2\/hile-denetimi\/#breadcrumb"},"inLanguage":"en-US","potentialAction":[{"@type":"ReadAction","target":["https:\/\/www.maliyontem.com.tr\/hizmetlerimiz-2\/hile-denetimi\/"]}]},{"@type":"ImageObject","inLanguage":"en-US","@id":"https:\/\/www.maliyontem.com.tr\/hizmetlerimiz-2\/hile-denetimi\/#primaryimage","url":"https:\/\/ml1xqiethand.i.optimole.com\/w:300\/h:200\/q:mauto\/f:best\/https:\/\/www.maliyontem.com.tr\/wp-content\/uploads\/2025\/12\/hile-denetimi-1.jpg","contentUrl":"https:\/\/ml1xqiethand.i.optimole.com\/w:300\/h:200\/q:mauto\/f:best\/https:\/\/www.maliyontem.com.tr\/wp-content\/uploads\/2025\/12\/hile-denetimi-1.jpg"},{"@type":"BreadcrumbList","@id":"https:\/\/www.maliyontem.com.tr\/hizmetlerimiz-2\/hile-denetimi\/#breadcrumb","itemListElement":[{"@type":"ListItem","position":1,"name":"Anasayfa","item":"https:\/\/www.maliyontem.com.tr\/"},{"@type":"ListItem","position":2,"name":"Hizmetlerimiz","item":"https:\/\/www.maliyontem.com.tr\/hizmetlerimiz-2\/"},{"@type":"ListItem","position":3,"name":"Hile Denetimi"}]},{"@type":"WebSite","@id":"https:\/\/www.maliyontem.com.tr\/#website","url":"https:\/\/www.maliyontem.com.tr\/","name":"Mali Y\u00f6ntem","description":"Mali Y&ouml;ntem","publisher":{"@id":"https:\/\/www.maliyontem.com.tr\/#organization"},"potentialAction":[{"@type":"SearchAction","target":{"@type":"EntryPoint","urlTemplate":"https:\/\/www.maliyontem.com.tr\/?s={search_term_string}"},"query-input":{"@type":"PropertyValueSpecification","valueRequired":true,"valueName":"search_term_string"}}],"inLanguage":"en-US"},{"@type":"Organization","@id":"https:\/\/www.maliyontem.com.tr\/#organization","name":"Mali Y\u00f6ntem","url":"https:\/\/www.maliyontem.com.tr\/","logo":{"@type":"ImageObject","inLanguage":"en-US","@id":"https:\/\/www.maliyontem.com.tr\/#\/schema\/logo\/image\/","url":"https:\/\/ml1xqiethand.i.optimole.com\/w:auto\/h:auto\/q:mauto\/f:best\/https:\/\/www.maliyontem.com.tr\/wp-content\/uploads\/2025\/12\/maliyontem2-Photoroom.png","contentUrl":"https:\/\/ml1xqiethand.i.optimole.com\/w:auto\/h:auto\/q:mauto\/f:best\/https:\/\/www.maliyontem.com.tr\/wp-content\/uploads\/2025\/12\/maliyontem2-Photoroom.png","width":1280,"height":444,"caption":"Mali Y\u00f6ntem"},"image":{"@id":"https:\/\/www.maliyontem.com.tr\/#\/schema\/logo\/image\/"}}]}},"_links":{"self":[{"href":"https:\/\/www.maliyontem.com.tr\/en\/wp-json\/wp\/v2\/pages\/2787","targetHints":{"allow":["GET"]}}],"collection":[{"href":"https:\/\/www.maliyontem.com.tr\/en\/wp-json\/wp\/v2\/pages"}],"about":[{"href":"https:\/\/www.maliyontem.com.tr\/en\/wp-json\/wp\/v2\/types\/page"}],"author":[{"embeddable":true,"href":"https:\/\/www.maliyontem.com.tr\/en\/wp-json\/wp\/v2\/users\/1"}],"replies":[{"embeddable":true,"href":"https:\/\/www.maliyontem.com.tr\/en\/wp-json\/wp\/v2\/comments?post=2787"}],"version-history":[{"count":4,"href":"https:\/\/www.maliyontem.com.tr\/en\/wp-json\/wp\/v2\/pages\/2787\/revisions"}],"predecessor-version":[{"id":2791,"href":"https:\/\/www.maliyontem.com.tr\/en\/wp-json\/wp\/v2\/pages\/2787\/revisions\/2791"}],"up":[{"embeddable":true,"href":"https:\/\/www.maliyontem.com.tr\/en\/wp-json\/wp\/v2\/pages\/2715"}],"wp:attachment":[{"href":"https:\/\/www.maliyontem.com.tr\/en\/wp-json\/wp\/v2\/media?parent=2787"}],"curies":[{"name":"wp","href":"https:\/\/api.w.org\/{rel}","templated":true}]}}