{"id":2782,"date":"2025-12-26T19:20:51","date_gmt":"2025-12-26T19:20:51","guid":{"rendered":"https:\/\/www.maliyontem.com.tr\/?page_id=2782"},"modified":"2025-12-26T19:21:30","modified_gmt":"2025-12-26T19:21:30","slug":"transfer-fiyatlandirmasi-danismanligi","status":"publish","type":"page","link":"https:\/\/www.maliyontem.com.tr\/en\/hizmetlerimiz-2\/transfer-fiyatlandirmasi-danismanligi\/","title":{"rendered":"Transfer Pricing Advisory"},"content":{"rendered":"<div data-elementor-type=\"wp-page\" data-elementor-id=\"2782\" class=\"elementor elementor-2782\">\n\t\t\t\t<div class=\"elementor-element elementor-element-0194d41 e-flex e-con-boxed e-con e-parent\" data-id=\"0194d41\" data-element_type=\"container\">\n\t\t\t\t\t<div class=\"e-con-inner\">\n\t\t\t\t<div class=\"elementor-element elementor-element-1651e06 elementor-widget__width-inherit elementor-widget elementor-widget-heading\" data-id=\"1651e06\" data-element_type=\"widget\" data-widget_type=\"heading.default\">\n\t\t\t\t<div class=\"elementor-widget-container\">\n\t\t\t\t\t<h2 class=\"elementor-heading-title elementor-size-default\">Transfer Pricing Advisory<\/h2>\t\t\t\t<\/div>\n\t\t\t\t<\/div>\n\t\t\t\t\t<\/div>\n\t\t\t\t<\/div>\n\t\t<div class=\"elementor-element elementor-element-fabb98b e-flex e-con-boxed e-con e-parent\" data-id=\"fabb98b\" data-element_type=\"container\">\n\t\t\t\t\t<div class=\"e-con-inner\">\n\t\t\t\t<div class=\"elementor-element elementor-element-d0e2d87 elementor-widget elementor-widget-text-editor\" data-id=\"d0e2d87\" data-element_type=\"widget\" data-widget_type=\"text-editor.default\">\n\t\t\t\t<div class=\"elementor-widget-container\">\n\t\t\t\t\t\t\t\t\t<p><img fetchpriority=\"high\" decoding=\"async\" data-opt-id=\"1280599545\" class=\"wp-image-2740 size-medium alignleft\"  src=\"https:\/\/ml1xqiethand.i.optimole.com\/w:300\/h:150\/q:mauto\/f:best\/https:\/\/www.maliyontem.com.tr\/wp-content\/uploads\/2025\/12\/Transfer-Pricing-768x385-1.jpg\" alt=\"transfer pricing 768x385\" width=\"300\" height=\"150\" srcset=\"https:\/\/ml1xqiethand.i.optimole.com\/w:768\/h:385\/q:mauto\/f:best\/https:\/\/www.maliyontem.com.tr\/wp-content\/uploads\/2025\/12\/Transfer-Pricing-768x385-1.jpg 768w, https:\/\/ml1xqiethand.i.optimole.com\/w:300\/h:150\/q:mauto\/f:best\/https:\/\/www.maliyontem.com.tr\/wp-content\/uploads\/2025\/12\/Transfer-Pricing-768x385-1.jpg 300w\" sizes=\"(max-width: 300px) 100vw, 300px\" \/><\/p><div id=\"fws_59e3d38e2aaed\" class=\"wpb_row vc_row-fluid animate_onoffset row-dynamic-el standard_section\"><div class=\"container dark\"><div class=\"section_clear\"><div class=\"vc_col-sm-12 wpb_column column_container\" data-animation=\"\" data-delay=\"0\"><div class=\"wpb_wrapper\"><div class=\"wpb_text_column wpb_content_element\"><p>Our advisory services cover the analysis of transactions carried out between companies and their related parties, as well as the preparation of annual transfer pricing reports required to be submitted to the tax authorities based on the methods applied in such transactions. As transactions between related parties must comply with transfer pricing legislation, regular analysis and control of these transactions are of critical importance.<\/p><ul><li>Analysis of transactions conducted between related persons and entities<\/li><li>Review of contracts and practical implementations related to such transactions<\/li><li>Determination of the transfer pricing methods applied or required to be applied in the transactions<\/li><li>Identification of arm\u2019s length (comparable) prices as a result of analytical studies<\/li><li>Preparation of the Annual Transfer Pricing Documentation \/ Report<\/li><li>Monitoring developments related to the OECD BEPS framework and assessing the impact of such developments on existing transfer pricing systems on a risk-based approach<\/li><\/ul><\/div><\/div><\/div><\/div><\/div><\/div>\t\t\t\t\t\t\t\t<\/div>\n\t\t\t\t<\/div>\n\t\t\t\t\t<\/div>\n\t\t\t\t<\/div>\n\t\t\t\t<\/div>","protected":false},"excerpt":{"rendered":"<p>Transfer Fiyatland\u0131rmas\u0131 Dan\u0131\u015fmanl\u0131\u011f\u0131 Dan\u0131\u015fmanl\u0131\u011f\u0131m\u0131z, kurumlar\u0131n ili\u015fkili ki\u015fi\/kurumlar ile olan i\u015flemleri ve bu i\u015flemlerde uygulanan y\u00f6ntemlerin analizi ile Mali \u0130dare\u2019ye sunulmas\u0131 gereken y\u0131ll\u0131k transfer fiyatland\u0131rmas\u0131 raporlar\u0131n\u0131n haz\u0131rlanmas\u0131na y\u00f6nelik hizmetler sunmaktad\u0131r. Kurumlar\u0131n ili\u015fkili ki\u015fi\/kurumlar ile i\u015flemlerinin transfer fiyatland\u0131rmas\u0131 mevzuat\u0131na uygun olmas\u0131 zorunlu oldu\u011fundan, bu i\u015flemlerin d\u00fczenli olarak analizi ve kontrol\u00fc \u00f6nemlidir. Bu kapsamda taraf\u0131m\u0131zdan verilen hizmetler \u00f6zet [&hellip;]<\/p>","protected":false},"author":1,"featured_media":0,"parent":2715,"menu_order":0,"comment_status":"closed","ping_status":"closed","template":"","meta":{"site-sidebar-layout":"no-sidebar","site-content-layout":"page-builder","ast-site-content-layout":"full-width-container","site-content-style":"default","site-sidebar-style":"default","ast-global-header-display":"","ast-banner-title-visibility":"","ast-main-header-display":"","ast-hfb-above-header-display":"","ast-hfb-below-header-display":"","ast-hfb-mobile-header-display":"","site-post-title":"disabled","ast-breadcrumbs-content":"","ast-featured-img":"disabled","footer-sml-layout":"","ast-disable-related-posts":"","theme-transparent-header-meta":"","adv-header-id-meta":"","stick-header-meta":"","header-above-stick-meta":"","header-main-stick-meta":"","header-below-stick-meta":"","astra-migrate-meta-layouts":"set","ast-page-background-enabled":"default","ast-page-background-meta":{"desktop":{"background-color":"","background-image":"","background-repeat":"repeat","background-position":"center center","background-size":"auto","background-attachment":"scroll","background-type":"","background-media":"","overlay-type":"","overlay-color":"","overlay-opacity":"","overlay-gradient":""},"tablet":{"background-color":"","background-image":"","background-repeat":"repeat","background-position":"center center","background-size":"auto","background-attachment":"scroll","background-type":"","background-media":"","overlay-type":"","overlay-color":"","overlay-opacity":"","overlay-gradient":""},"mobile":{"background-color":"","background-image":"","background-repeat":"repeat","background-position":"center center","background-size":"auto","background-attachment":"scroll","background-type":"","background-media":"","overlay-type":"","overlay-color":"","overlay-opacity":"","overlay-gradient":""}},"ast-content-background-meta":{"desktop":{"background-color":"var(--ast-global-color-5)","background-image":"","background-repeat":"repeat","background-position":"center center","background-size":"auto","background-attachment":"scroll","background-type":"","background-media":"","overlay-type":"","overlay-color":"","overlay-opacity":"","overlay-gradient":""},"tablet":{"background-color":"var(--ast-global-color-5)","background-image":"","background-repeat":"repeat","background-position":"center center","background-size":"auto","background-attachment":"scroll","background-type":"","background-media":"","overlay-type":"","overlay-color":"","overlay-opacity":"","overlay-gradient":""},"mobile":{"background-color":"var(--ast-global-color-5)","background-image":"","background-repeat":"repeat","background-position":"center center","background-size":"auto","background-attachment":"scroll","background-type":"","background-media":"","overlay-type":"","overlay-color":"","overlay-opacity":"","overlay-gradient":""}},"footnotes":""},"class_list":["post-2782","page","type-page","status-publish","hentry"],"yoast_head":"<!-- This site is optimized with the Yoast SEO plugin v26.6 - https:\/\/yoast.com\/wordpress\/plugins\/seo\/ -->\n<title>Transfer Fiyatland\u0131rmas\u0131 Dan\u0131\u015fmanl\u0131\u011f\u0131 - Mali Y\u00f6ntem<\/title>\n<meta name=\"robots\" content=\"index, follow, max-snippet:-1, max-image-preview:large, max-video-preview:-1\" \/>\n<link rel=\"canonical\" href=\"https:\/\/www.maliyontem.com.tr\/en\/hizmetlerimiz-2\/transfer-fiyatlandirmasi-danismanligi\/\" \/>\n<meta property=\"og:locale\" content=\"en_US\" \/>\n<meta property=\"og:type\" content=\"article\" \/>\n<meta property=\"og:title\" content=\"Transfer Fiyatland\u0131rmas\u0131 Dan\u0131\u015fmanl\u0131\u011f\u0131 - Mali Y\u00f6ntem\" \/>\n<meta property=\"og:description\" content=\"Transfer Fiyatland\u0131rmas\u0131 Dan\u0131\u015fmanl\u0131\u011f\u0131 Dan\u0131\u015fmanl\u0131\u011f\u0131m\u0131z, kurumlar\u0131n ili\u015fkili ki\u015fi\/kurumlar ile olan i\u015flemleri ve bu i\u015flemlerde uygulanan y\u00f6ntemlerin analizi ile Mali \u0130dare\u2019ye sunulmas\u0131 gereken y\u0131ll\u0131k transfer fiyatland\u0131rmas\u0131 raporlar\u0131n\u0131n haz\u0131rlanmas\u0131na y\u00f6nelik hizmetler sunmaktad\u0131r. Kurumlar\u0131n ili\u015fkili ki\u015fi\/kurumlar ile i\u015flemlerinin transfer fiyatland\u0131rmas\u0131 mevzuat\u0131na uygun olmas\u0131 zorunlu oldu\u011fundan, bu i\u015flemlerin d\u00fczenli olarak analizi ve kontrol\u00fc \u00f6nemlidir. Bu kapsamda taraf\u0131m\u0131zdan verilen hizmetler \u00f6zet [&hellip;]\" \/>\n<meta property=\"og:url\" content=\"https:\/\/www.maliyontem.com.tr\/en\/hizmetlerimiz-2\/transfer-fiyatlandirmasi-danismanligi\/\" \/>\n<meta property=\"og:site_name\" content=\"Mali Y\u00f6ntem\" \/>\n<meta property=\"article:modified_time\" content=\"2025-12-26T19:21:30+00:00\" \/>\n<meta property=\"og:image\" content=\"https:\/\/ml1xqiethand.i.optimole.com\/w:300\/h:150\/q:mauto\/f:best\/https:\/\/www.maliyontem.com.tr\/wp-content\/uploads\/2025\/12\/Transfer-Pricing-768x385-1.jpg\" \/>\n<meta name=\"twitter:card\" content=\"summary_large_image\" \/>\n<meta name=\"twitter:label1\" content=\"Est. reading time\" \/>\n\t<meta name=\"twitter:data1\" content=\"1 minute\" \/>\n<script type=\"application\/ld+json\" class=\"yoast-schema-graph\">{\"@context\":\"https:\/\/schema.org\",\"@graph\":[{\"@type\":\"WebPage\",\"@id\":\"https:\/\/www.maliyontem.com.tr\/hizmetlerimiz-2\/transfer-fiyatlandirmasi-danismanligi\/\",\"url\":\"https:\/\/www.maliyontem.com.tr\/hizmetlerimiz-2\/transfer-fiyatlandirmasi-danismanligi\/\",\"name\":\"Transfer Fiyatland\u0131rmas\u0131 Dan\u0131\u015fmanl\u0131\u011f\u0131 - Mali Y\u00f6ntem\",\"isPartOf\":{\"@id\":\"https:\/\/www.maliyontem.com.tr\/#website\"},\"primaryImageOfPage\":{\"@id\":\"https:\/\/www.maliyontem.com.tr\/hizmetlerimiz-2\/transfer-fiyatlandirmasi-danismanligi\/#primaryimage\"},\"image\":{\"@id\":\"https:\/\/www.maliyontem.com.tr\/hizmetlerimiz-2\/transfer-fiyatlandirmasi-danismanligi\/#primaryimage\"},\"thumbnailUrl\":\"https:\/\/ml1xqiethand.i.optimole.com\/w:300\/h:150\/q:mauto\/f:best\/https:\/\/www.maliyontem.com.tr\/wp-content\/uploads\/2025\/12\/Transfer-Pricing-768x385-1.jpg\",\"datePublished\":\"2025-12-26T19:20:51+00:00\",\"dateModified\":\"2025-12-26T19:21:30+00:00\",\"breadcrumb\":{\"@id\":\"https:\/\/www.maliyontem.com.tr\/hizmetlerimiz-2\/transfer-fiyatlandirmasi-danismanligi\/#breadcrumb\"},\"inLanguage\":\"en-US\",\"potentialAction\":[{\"@type\":\"ReadAction\",\"target\":[\"https:\/\/www.maliyontem.com.tr\/hizmetlerimiz-2\/transfer-fiyatlandirmasi-danismanligi\/\"]}]},{\"@type\":\"ImageObject\",\"inLanguage\":\"en-US\",\"@id\":\"https:\/\/www.maliyontem.com.tr\/hizmetlerimiz-2\/transfer-fiyatlandirmasi-danismanligi\/#primaryimage\",\"url\":\"https:\/\/ml1xqiethand.i.optimole.com\/w:300\/h:150\/q:mauto\/f:best\/https:\/\/www.maliyontem.com.tr\/wp-content\/uploads\/2025\/12\/Transfer-Pricing-768x385-1.jpg\",\"contentUrl\":\"https:\/\/ml1xqiethand.i.optimole.com\/w:300\/h:150\/q:mauto\/f:best\/https:\/\/www.maliyontem.com.tr\/wp-content\/uploads\/2025\/12\/Transfer-Pricing-768x385-1.jpg\"},{\"@type\":\"BreadcrumbList\",\"@id\":\"https:\/\/www.maliyontem.com.tr\/hizmetlerimiz-2\/transfer-fiyatlandirmasi-danismanligi\/#breadcrumb\",\"itemListElement\":[{\"@type\":\"ListItem\",\"position\":1,\"name\":\"Anasayfa\",\"item\":\"https:\/\/www.maliyontem.com.tr\/\"},{\"@type\":\"ListItem\",\"position\":2,\"name\":\"Hizmetlerimiz\",\"item\":\"https:\/\/www.maliyontem.com.tr\/hizmetlerimiz-2\/\"},{\"@type\":\"ListItem\",\"position\":3,\"name\":\"Transfer Fiyatland\u0131rmas\u0131 Dan\u0131\u015fmanl\u0131\u011f\u0131\"}]},{\"@type\":\"WebSite\",\"@id\":\"https:\/\/www.maliyontem.com.tr\/#website\",\"url\":\"https:\/\/www.maliyontem.com.tr\/\",\"name\":\"Mali Y\u00f6ntem\",\"description\":\"Mali Y&ouml;ntem \",\"publisher\":{\"@id\":\"https:\/\/www.maliyontem.com.tr\/#organization\"},\"potentialAction\":[{\"@type\":\"SearchAction\",\"target\":{\"@type\":\"EntryPoint\",\"urlTemplate\":\"https:\/\/www.maliyontem.com.tr\/?s={search_term_string}\"},\"query-input\":{\"@type\":\"PropertyValueSpecification\",\"valueRequired\":true,\"valueName\":\"search_term_string\"}}],\"inLanguage\":\"en-US\"},{\"@type\":\"Organization\",\"@id\":\"https:\/\/www.maliyontem.com.tr\/#organization\",\"name\":\"Mali Y\u00f6ntem\",\"url\":\"https:\/\/www.maliyontem.com.tr\/\",\"logo\":{\"@type\":\"ImageObject\",\"inLanguage\":\"en-US\",\"@id\":\"https:\/\/www.maliyontem.com.tr\/#\/schema\/logo\/image\/\",\"url\":\"https:\/\/ml1xqiethand.i.optimole.com\/w:auto\/h:auto\/q:mauto\/f:best\/https:\/\/www.maliyontem.com.tr\/wp-content\/uploads\/2025\/12\/maliyontem2-Photoroom.png\",\"contentUrl\":\"https:\/\/ml1xqiethand.i.optimole.com\/w:auto\/h:auto\/q:mauto\/f:best\/https:\/\/www.maliyontem.com.tr\/wp-content\/uploads\/2025\/12\/maliyontem2-Photoroom.png\",\"width\":1280,\"height\":444,\"caption\":\"Mali Y\u00f6ntem\"},\"image\":{\"@id\":\"https:\/\/www.maliyontem.com.tr\/#\/schema\/logo\/image\/\"}}]}<\/script>\n<!-- \/ Yoast SEO plugin. -->","yoast_head_json":{"title":"Transfer Fiyatland\u0131rmas\u0131 Dan\u0131\u015fmanl\u0131\u011f\u0131 - Mali Y\u00f6ntem","robots":{"index":"index","follow":"follow","max-snippet":"max-snippet:-1","max-image-preview":"max-image-preview:large","max-video-preview":"max-video-preview:-1"},"canonical":"https:\/\/www.maliyontem.com.tr\/en\/hizmetlerimiz-2\/transfer-fiyatlandirmasi-danismanligi\/","og_locale":"en_US","og_type":"article","og_title":"Transfer Fiyatland\u0131rmas\u0131 Dan\u0131\u015fmanl\u0131\u011f\u0131 - Mali Y\u00f6ntem","og_description":"Transfer Fiyatland\u0131rmas\u0131 Dan\u0131\u015fmanl\u0131\u011f\u0131 Dan\u0131\u015fmanl\u0131\u011f\u0131m\u0131z, kurumlar\u0131n ili\u015fkili ki\u015fi\/kurumlar ile olan i\u015flemleri ve bu i\u015flemlerde uygulanan y\u00f6ntemlerin analizi ile Mali \u0130dare\u2019ye sunulmas\u0131 gereken y\u0131ll\u0131k transfer fiyatland\u0131rmas\u0131 raporlar\u0131n\u0131n haz\u0131rlanmas\u0131na y\u00f6nelik hizmetler sunmaktad\u0131r. Kurumlar\u0131n ili\u015fkili ki\u015fi\/kurumlar ile i\u015flemlerinin transfer fiyatland\u0131rmas\u0131 mevzuat\u0131na uygun olmas\u0131 zorunlu oldu\u011fundan, bu i\u015flemlerin d\u00fczenli olarak analizi ve kontrol\u00fc \u00f6nemlidir. Bu kapsamda taraf\u0131m\u0131zdan verilen hizmetler \u00f6zet [&hellip;]","og_url":"https:\/\/www.maliyontem.com.tr\/en\/hizmetlerimiz-2\/transfer-fiyatlandirmasi-danismanligi\/","og_site_name":"Mali Y\u00f6ntem","article_modified_time":"2025-12-26T19:21:30+00:00","og_image":[{"url":"https:\/\/ml1xqiethand.i.optimole.com\/w:300\/h:150\/q:mauto\/f:best\/https:\/\/www.maliyontem.com.tr\/wp-content\/uploads\/2025\/12\/Transfer-Pricing-768x385-1.jpg","type":"","width":"","height":""}],"twitter_card":"summary_large_image","twitter_misc":{"Est. reading time":"1 minute"},"schema":{"@context":"https:\/\/schema.org","@graph":[{"@type":"WebPage","@id":"https:\/\/www.maliyontem.com.tr\/hizmetlerimiz-2\/transfer-fiyatlandirmasi-danismanligi\/","url":"https:\/\/www.maliyontem.com.tr\/hizmetlerimiz-2\/transfer-fiyatlandirmasi-danismanligi\/","name":"Transfer Fiyatland\u0131rmas\u0131 Dan\u0131\u015fmanl\u0131\u011f\u0131 - Mali Y\u00f6ntem","isPartOf":{"@id":"https:\/\/www.maliyontem.com.tr\/#website"},"primaryImageOfPage":{"@id":"https:\/\/www.maliyontem.com.tr\/hizmetlerimiz-2\/transfer-fiyatlandirmasi-danismanligi\/#primaryimage"},"image":{"@id":"https:\/\/www.maliyontem.com.tr\/hizmetlerimiz-2\/transfer-fiyatlandirmasi-danismanligi\/#primaryimage"},"thumbnailUrl":"https:\/\/ml1xqiethand.i.optimole.com\/w:300\/h:150\/q:mauto\/f:best\/https:\/\/www.maliyontem.com.tr\/wp-content\/uploads\/2025\/12\/Transfer-Pricing-768x385-1.jpg","datePublished":"2025-12-26T19:20:51+00:00","dateModified":"2025-12-26T19:21:30+00:00","breadcrumb":{"@id":"https:\/\/www.maliyontem.com.tr\/hizmetlerimiz-2\/transfer-fiyatlandirmasi-danismanligi\/#breadcrumb"},"inLanguage":"en-US","potentialAction":[{"@type":"ReadAction","target":["https:\/\/www.maliyontem.com.tr\/hizmetlerimiz-2\/transfer-fiyatlandirmasi-danismanligi\/"]}]},{"@type":"ImageObject","inLanguage":"en-US","@id":"https:\/\/www.maliyontem.com.tr\/hizmetlerimiz-2\/transfer-fiyatlandirmasi-danismanligi\/#primaryimage","url":"https:\/\/ml1xqiethand.i.optimole.com\/w:300\/h:150\/q:mauto\/f:best\/https:\/\/www.maliyontem.com.tr\/wp-content\/uploads\/2025\/12\/Transfer-Pricing-768x385-1.jpg","contentUrl":"https:\/\/ml1xqiethand.i.optimole.com\/w:300\/h:150\/q:mauto\/f:best\/https:\/\/www.maliyontem.com.tr\/wp-content\/uploads\/2025\/12\/Transfer-Pricing-768x385-1.jpg"},{"@type":"BreadcrumbList","@id":"https:\/\/www.maliyontem.com.tr\/hizmetlerimiz-2\/transfer-fiyatlandirmasi-danismanligi\/#breadcrumb","itemListElement":[{"@type":"ListItem","position":1,"name":"Anasayfa","item":"https:\/\/www.maliyontem.com.tr\/"},{"@type":"ListItem","position":2,"name":"Hizmetlerimiz","item":"https:\/\/www.maliyontem.com.tr\/hizmetlerimiz-2\/"},{"@type":"ListItem","position":3,"name":"Transfer Fiyatland\u0131rmas\u0131 Dan\u0131\u015fmanl\u0131\u011f\u0131"}]},{"@type":"WebSite","@id":"https:\/\/www.maliyontem.com.tr\/#website","url":"https:\/\/www.maliyontem.com.tr\/","name":"Mali Y\u00f6ntem","description":"Mali Y&ouml;ntem","publisher":{"@id":"https:\/\/www.maliyontem.com.tr\/#organization"},"potentialAction":[{"@type":"SearchAction","target":{"@type":"EntryPoint","urlTemplate":"https:\/\/www.maliyontem.com.tr\/?s={search_term_string}"},"query-input":{"@type":"PropertyValueSpecification","valueRequired":true,"valueName":"search_term_string"}}],"inLanguage":"en-US"},{"@type":"Organization","@id":"https:\/\/www.maliyontem.com.tr\/#organization","name":"Mali Y\u00f6ntem","url":"https:\/\/www.maliyontem.com.tr\/","logo":{"@type":"ImageObject","inLanguage":"en-US","@id":"https:\/\/www.maliyontem.com.tr\/#\/schema\/logo\/image\/","url":"https:\/\/ml1xqiethand.i.optimole.com\/w:auto\/h:auto\/q:mauto\/f:best\/https:\/\/www.maliyontem.com.tr\/wp-content\/uploads\/2025\/12\/maliyontem2-Photoroom.png","contentUrl":"https:\/\/ml1xqiethand.i.optimole.com\/w:auto\/h:auto\/q:mauto\/f:best\/https:\/\/www.maliyontem.com.tr\/wp-content\/uploads\/2025\/12\/maliyontem2-Photoroom.png","width":1280,"height":444,"caption":"Mali Y\u00f6ntem"},"image":{"@id":"https:\/\/www.maliyontem.com.tr\/#\/schema\/logo\/image\/"}}]}},"_links":{"self":[{"href":"https:\/\/www.maliyontem.com.tr\/en\/wp-json\/wp\/v2\/pages\/2782","targetHints":{"allow":["GET"]}}],"collection":[{"href":"https:\/\/www.maliyontem.com.tr\/en\/wp-json\/wp\/v2\/pages"}],"about":[{"href":"https:\/\/www.maliyontem.com.tr\/en\/wp-json\/wp\/v2\/types\/page"}],"author":[{"embeddable":true,"href":"https:\/\/www.maliyontem.com.tr\/en\/wp-json\/wp\/v2\/users\/1"}],"replies":[{"embeddable":true,"href":"https:\/\/www.maliyontem.com.tr\/en\/wp-json\/wp\/v2\/comments?post=2782"}],"version-history":[{"count":4,"href":"https:\/\/www.maliyontem.com.tr\/en\/wp-json\/wp\/v2\/pages\/2782\/revisions"}],"predecessor-version":[{"id":2786,"href":"https:\/\/www.maliyontem.com.tr\/en\/wp-json\/wp\/v2\/pages\/2782\/revisions\/2786"}],"up":[{"embeddable":true,"href":"https:\/\/www.maliyontem.com.tr\/en\/wp-json\/wp\/v2\/pages\/2715"}],"wp:attachment":[{"href":"https:\/\/www.maliyontem.com.tr\/en\/wp-json\/wp\/v2\/media?parent=2782"}],"curies":[{"name":"wp","href":"https:\/\/api.w.org\/{rel}","templated":true}]}}