{"id":2774,"date":"2025-12-26T19:19:36","date_gmt":"2025-12-26T19:19:36","guid":{"rendered":"https:\/\/www.maliyontem.com.tr\/?page_id=2774"},"modified":"2025-12-26T19:27:13","modified_gmt":"2025-12-26T19:27:13","slug":"vergi-davalari","status":"publish","type":"page","link":"https:\/\/www.maliyontem.com.tr\/en\/hizmetlerimiz-2\/vergi-davalari\/","title":{"rendered":"Tax Litigation"},"content":{"rendered":"<div data-elementor-type=\"wp-page\" data-elementor-id=\"2774\" class=\"elementor elementor-2774\">\n\t\t\t\t<div class=\"elementor-element elementor-element-0194d41 e-flex e-con-boxed e-con e-parent\" data-id=\"0194d41\" data-element_type=\"container\">\n\t\t\t\t\t<div class=\"e-con-inner\">\n\t\t\t\t<div class=\"elementor-element elementor-element-1651e06 elementor-widget__width-inherit elementor-widget elementor-widget-heading\" data-id=\"1651e06\" data-element_type=\"widget\" data-widget_type=\"heading.default\">\n\t\t\t\t<div class=\"elementor-widget-container\">\n\t\t\t\t\t<h2 class=\"elementor-heading-title elementor-size-default\">Resolution of Tax Disputes<\/h2>\t\t\t\t<\/div>\n\t\t\t\t<\/div>\n\t\t\t\t\t<\/div>\n\t\t\t\t<\/div>\n\t\t<div class=\"elementor-element elementor-element-fabb98b e-flex e-con-boxed e-con e-parent\" data-id=\"fabb98b\" data-element_type=\"container\">\n\t\t\t\t\t<div class=\"e-con-inner\">\n\t\t\t\t<div class=\"elementor-element elementor-element-d0e2d87 elementor-widget elementor-widget-text-editor\" data-id=\"d0e2d87\" data-element_type=\"widget\" data-widget_type=\"text-editor.default\">\n\t\t\t\t<div class=\"elementor-widget-container\">\n\t\t\t\t\t\t\t\t\t<p><img fetchpriority=\"high\" decoding=\"async\" data-opt-id=\"326884208\" class=\"wp-image-2741 size-medium alignleft\"  src=\"https:\/\/ml1xqiethand.i.optimole.com\/w:300\/h:200\/q:mauto\/f:best\/https:\/\/www.maliyontem.com.tr\/wp-content\/uploads\/2025\/12\/hukuk.jpg\" alt=\"hukuk\" width=\"300\" height=\"200\" srcset=\"https:\/\/ml1xqiethand.i.optimole.com\/w:500\/h:334\/q:mauto\/f:best\/https:\/\/www.maliyontem.com.tr\/wp-content\/uploads\/2025\/12\/hukuk.jpg 500w, https:\/\/ml1xqiethand.i.optimole.com\/w:300\/h:200\/q:mauto\/f:best\/https:\/\/www.maliyontem.com.tr\/wp-content\/uploads\/2025\/12\/hukuk.jpg 300w\" sizes=\"(max-width: 300px) 100vw, 300px\" \/><\/p><div id=\"fws_59e3d38e2aaed\" class=\"wpb_row vc_row-fluid animate_onoffset row-dynamic-el standard_section\"><div class=\"container dark\"><div class=\"section_clear\"><div class=\"vc_col-sm-12 wpb_column column_container\" data-animation=\"\" data-delay=\"0\"><div class=\"wpb_wrapper\"><div class=\"wpb_text_column wpb_content_element\"><p class=\"wpb_wrapper\">Our primary objective is to identify potential tax risks before they materialize and to take the necessary preventive measures. Through this service, we also aim to ensure that tax audits already conducted at our clients\u2019 premises are managed and concluded in the most effective manner, with our clients\u2019 best interests as the main priority.<\/p><article><\/article><p>During tax practices, differences in opinions and applications that arise between taxpayers and the tax authorities during audits may lead to additional tax assessments and penalties. We support our clients in making accurate evaluations and resolving such matters through settlement or judicial proceedings.<\/p><p>We provide the necessary financial and legal consultancy during the preparation of tax litigation petitions to be filed before Tax Courts.<br \/>This includes determining the main legal arguments, preparing annexes to petitions based on company data, conducting numerical analyses to be used in petitions, literature reviews, and research on precedent court decisions.<\/p><div class=\"wpb_wrapper\"><p><strong>In Tax Litigation, We Offer\u00a0<\/strong><\/p><ul><li>Fast and effective resolution<\/li><li>High-quality professional experience<\/li><li>Strong sense of responsibility<\/li><li>A dynamic and innovative expert team<\/li><li>Corporate and structured approach<\/li><li>Strong legal reasoning and argumentation<\/li><\/ul><\/div><\/div><\/div><\/div><\/div><\/div><\/div><div id=\"fws_59e3d38e2b8e3\" class=\"wpb_row vc_row-fluid animate_onoffset row-dynamic-el standard_section\"><div class=\"container dark\"><div class=\"section_clear\"><div class=\"vc_col-sm-12 wpb_column column_container\" data-animation=\"\" data-delay=\"0\"><div class=\"wpb_wrapper\"><div class=\"wpb_text_column wpb_content_element\"><div class=\"wpb_wrapper\"><p><strong>Key Considerations and Procedural Matters in Tax Litigation Petitions<\/strong><\/p><ul><li>Competent and authorized court<\/li><li>Exhaustion of administrative remedies<\/li><li>Legal standing to file a lawsuit<\/li><li>Whether there exists a final and enforceable administrative act subject to litigation<\/li><li>Statutory time limits for filing lawsuits before Tax Courts<\/li><li>Proper identification of the defendant (respondent) in tax cases<\/li><li>Compliance of petitions with Articles 3 and 5 of the Administrative Procedure Law (Law No. 2577)<\/li><li>Matters requiring special attention in litigation petitions<\/li><li>Common mistakes frequently encountered in litigation petitions<\/li><li>Circumstances leading to the rejection of petitions<\/li><li>Situations involving changes in the legal personality or status of the parties in tax disputes<\/li><li>Requests for stay of execution in tax litigation<\/li><\/ul><\/div><\/div><\/div><\/div><\/div><\/div><\/div><div id=\"fws_59e3d38e2c62b\" class=\"wpb_row vc_row-fluid animate_onoffset row-dynamic-el standard_section\"><div class=\"container dark\"><div class=\"section_clear\"><div class=\"vc_col-sm-12 wpb_column column_container\" data-animation=\"\" data-delay=\"0\"><div class=\"wpb_wrapper\"><div class=\"wpb_text_column wpb_content_element\"><div class=\"wpb_wrapper\"><p><strong>Common Types of Tax Cases and Special Proceedings<\/strong><\/p><ul><li>Lawsuits related to taxpayer status, special circumstances, and key considerations<\/li><li>Lawsuits related to the tax assessment stage<\/li><li>Lawsuits filed against irregularity penalties and other administrative fines<\/li><li>The institution of reservation of rights and lawsuits filed based on such reservations<\/li><li>Lawsuits filed following applications to the administration, including applications under Articles 10 and 11 of the Administrative Procedure Law<\/li><li>Lawsuits filed upon learning of tax liabilities or through debt inquiries; lawsuits against payment orders and enforcement (seizure) actions<\/li><li>Considerations in cases where a file is removed from proceedings<\/li><li>Lawsuits filed against payment orders, including special circumstances and key considerations<\/li><li>Lawsuits filed against judicial fees and various administrative charges<\/li><\/ul><\/div><\/div><\/div><\/div><\/div><\/div><\/div>\t\t\t\t\t\t\t\t<\/div>\n\t\t\t\t<\/div>\n\t\t\t\t\t<\/div>\n\t\t\t\t<\/div>\n\t\t\t\t<\/div>","protected":false},"excerpt":{"rendered":"<p>Vergi Davalar\u0131nda \u00c7\u00f6z\u00fcm Temel amac\u0131m\u0131z vergisel riskler ger\u00e7ekle\u015fmeden \u00f6nce bunlar\u0131n tespit edilmesi ve gerekli \u00f6nlemlerin al\u0131nmas\u0131 olmakla birlikte; bu hizmetimiz ile m\u00fc\u015fterilerimiz nezdinde ger\u00e7ekle\u015ftirilmi\u015f olan vergi incelemelerinin yine m\u00fc\u015fterilerimiz menfaatleri esas al\u0131nmak suretiyle en iyi \u015fekilde y\u00f6netilmesi ve sonu\u00e7land\u0131r\u0131lmas\u0131n\u0131 ama\u00e7lamaktay\u0131z. Vergi uygulamalar\u0131 s\u0131ras\u0131nda m\u00fckellefler ile idare aras\u0131nda inceleme esnas\u0131nda ortaya \u00e7\u0131kan g\u00f6r\u00fc\u015f ve uygulama farkl\u0131l\u0131klar\u0131 [&hellip;]<\/p>","protected":false},"author":1,"featured_media":0,"parent":2715,"menu_order":0,"comment_status":"closed","ping_status":"closed","template":"","meta":{"site-sidebar-layout":"no-sidebar","site-content-layout":"page-builder","ast-site-content-layout":"full-width-container","site-content-style":"default","site-sidebar-style":"default","ast-global-header-display":"","ast-banner-title-visibility":"","ast-main-header-display":"","ast-hfb-above-header-display":"","ast-hfb-below-header-display":"","ast-hfb-mobile-header-display":"","site-post-title":"disabled","ast-breadcrumbs-content":"","ast-featured-img":"disabled","footer-sml-layout":"","ast-disable-related-posts":"","theme-transparent-header-meta":"","adv-header-id-meta":"","stick-header-meta":"","header-above-stick-meta":"","header-main-stick-meta":"","header-below-stick-meta":"","astra-migrate-meta-layouts":"set","ast-page-background-enabled":"default","ast-page-background-meta":{"desktop":{"background-color":"","background-image":"","background-repeat":"repeat","background-position":"center center","background-size":"auto","background-attachment":"scroll","background-type":"","background-media":"","overlay-type":"","overlay-color":"","overlay-opacity":"","overlay-gradient":""},"tablet":{"background-color":"","background-image":"","background-repeat":"repeat","background-position":"center center","background-size":"auto","background-attachment":"scroll","background-type":"","background-media":"","overlay-type":"","overlay-color":"","overlay-opacity":"","overlay-gradient":""},"mobile":{"background-color":"","background-image":"","background-repeat":"repeat","background-position":"center center","background-size":"auto","background-attachment":"scroll","background-type":"","background-media":"","overlay-type":"","overlay-color":"","overlay-opacity":"","overlay-gradient":""}},"ast-content-background-meta":{"desktop":{"background-color":"var(--ast-global-color-5)","background-image":"","background-repeat":"repeat","background-position":"center center","background-size":"auto","background-attachment":"scroll","background-type":"","background-media":"","overlay-type":"","overlay-color":"","overlay-opacity":"","overlay-gradient":""},"tablet":{"background-color":"var(--ast-global-color-5)","background-image":"","background-repeat":"repeat","background-position":"center center","background-size":"auto","background-attachment":"scroll","background-type":"","background-media":"","overlay-type":"","overlay-color":"","overlay-opacity":"","overlay-gradient":""},"mobile":{"background-color":"var(--ast-global-color-5)","background-image":"","background-repeat":"repeat","background-position":"center center","background-size":"auto","background-attachment":"scroll","background-type":"","background-media":"","overlay-type":"","overlay-color":"","overlay-opacity":"","overlay-gradient":""}},"footnotes":""},"class_list":["post-2774","page","type-page","status-publish","hentry"],"yoast_head":"<!-- This site is optimized with the Yoast SEO plugin v26.6 - https:\/\/yoast.com\/wordpress\/plugins\/seo\/ -->\n<title>Vergi Davalar\u0131 - Mali Y\u00f6ntem<\/title>\n<meta name=\"robots\" content=\"index, follow, max-snippet:-1, max-image-preview:large, max-video-preview:-1\" \/>\n<link rel=\"canonical\" href=\"https:\/\/www.maliyontem.com.tr\/en\/hizmetlerimiz-2\/vergi-davalari\/\" \/>\n<meta property=\"og:locale\" content=\"en_US\" \/>\n<meta property=\"og:type\" content=\"article\" \/>\n<meta property=\"og:title\" content=\"Vergi Davalar\u0131 - Mali Y\u00f6ntem\" \/>\n<meta property=\"og:description\" content=\"Vergi Davalar\u0131nda \u00c7\u00f6z\u00fcm Temel amac\u0131m\u0131z vergisel riskler ger\u00e7ekle\u015fmeden \u00f6nce bunlar\u0131n tespit edilmesi ve gerekli \u00f6nlemlerin al\u0131nmas\u0131 olmakla birlikte; bu hizmetimiz ile m\u00fc\u015fterilerimiz nezdinde ger\u00e7ekle\u015ftirilmi\u015f olan vergi incelemelerinin yine m\u00fc\u015fterilerimiz menfaatleri esas al\u0131nmak suretiyle en iyi \u015fekilde y\u00f6netilmesi ve sonu\u00e7land\u0131r\u0131lmas\u0131n\u0131 ama\u00e7lamaktay\u0131z. Vergi uygulamalar\u0131 s\u0131ras\u0131nda m\u00fckellefler ile idare aras\u0131nda inceleme esnas\u0131nda ortaya \u00e7\u0131kan g\u00f6r\u00fc\u015f ve uygulama farkl\u0131l\u0131klar\u0131 [&hellip;]\" \/>\n<meta property=\"og:url\" content=\"https:\/\/www.maliyontem.com.tr\/en\/hizmetlerimiz-2\/vergi-davalari\/\" \/>\n<meta property=\"og:site_name\" content=\"Mali Y\u00f6ntem\" \/>\n<meta property=\"article:modified_time\" content=\"2025-12-26T19:27:13+00:00\" \/>\n<meta property=\"og:image\" content=\"https:\/\/ml1xqiethand.i.optimole.com\/w:300\/h:200\/q:mauto\/f:best\/https:\/\/www.maliyontem.com.tr\/wp-content\/uploads\/2025\/12\/hukuk.jpg\" \/>\n<meta name=\"twitter:card\" content=\"summary_large_image\" \/>\n<meta name=\"twitter:label1\" content=\"Est. reading time\" \/>\n\t<meta name=\"twitter:data1\" content=\"2 minutes\" \/>\n<script type=\"application\/ld+json\" class=\"yoast-schema-graph\">{\"@context\":\"https:\/\/schema.org\",\"@graph\":[{\"@type\":\"WebPage\",\"@id\":\"https:\/\/www.maliyontem.com.tr\/hizmetlerimiz-2\/vergi-davalari\/\",\"url\":\"https:\/\/www.maliyontem.com.tr\/hizmetlerimiz-2\/vergi-davalari\/\",\"name\":\"Vergi Davalar\u0131 - Mali Y\u00f6ntem\",\"isPartOf\":{\"@id\":\"https:\/\/www.maliyontem.com.tr\/#website\"},\"primaryImageOfPage\":{\"@id\":\"https:\/\/www.maliyontem.com.tr\/hizmetlerimiz-2\/vergi-davalari\/#primaryimage\"},\"image\":{\"@id\":\"https:\/\/www.maliyontem.com.tr\/hizmetlerimiz-2\/vergi-davalari\/#primaryimage\"},\"thumbnailUrl\":\"https:\/\/ml1xqiethand.i.optimole.com\/w:300\/h:200\/q:mauto\/f:best\/https:\/\/www.maliyontem.com.tr\/wp-content\/uploads\/2025\/12\/hukuk.jpg\",\"datePublished\":\"2025-12-26T19:19:36+00:00\",\"dateModified\":\"2025-12-26T19:27:13+00:00\",\"breadcrumb\":{\"@id\":\"https:\/\/www.maliyontem.com.tr\/hizmetlerimiz-2\/vergi-davalari\/#breadcrumb\"},\"inLanguage\":\"en-US\",\"potentialAction\":[{\"@type\":\"ReadAction\",\"target\":[\"https:\/\/www.maliyontem.com.tr\/hizmetlerimiz-2\/vergi-davalari\/\"]}]},{\"@type\":\"ImageObject\",\"inLanguage\":\"en-US\",\"@id\":\"https:\/\/www.maliyontem.com.tr\/hizmetlerimiz-2\/vergi-davalari\/#primaryimage\",\"url\":\"https:\/\/ml1xqiethand.i.optimole.com\/w:300\/h:200\/q:mauto\/f:best\/https:\/\/www.maliyontem.com.tr\/wp-content\/uploads\/2025\/12\/hukuk.jpg\",\"contentUrl\":\"https:\/\/ml1xqiethand.i.optimole.com\/w:300\/h:200\/q:mauto\/f:best\/https:\/\/www.maliyontem.com.tr\/wp-content\/uploads\/2025\/12\/hukuk.jpg\"},{\"@type\":\"BreadcrumbList\",\"@id\":\"https:\/\/www.maliyontem.com.tr\/hizmetlerimiz-2\/vergi-davalari\/#breadcrumb\",\"itemListElement\":[{\"@type\":\"ListItem\",\"position\":1,\"name\":\"Anasayfa\",\"item\":\"https:\/\/www.maliyontem.com.tr\/\"},{\"@type\":\"ListItem\",\"position\":2,\"name\":\"Hizmetlerimiz\",\"item\":\"https:\/\/www.maliyontem.com.tr\/hizmetlerimiz-2\/\"},{\"@type\":\"ListItem\",\"position\":3,\"name\":\"Vergi Davalar\u0131\"}]},{\"@type\":\"WebSite\",\"@id\":\"https:\/\/www.maliyontem.com.tr\/#website\",\"url\":\"https:\/\/www.maliyontem.com.tr\/\",\"name\":\"Mali Y\u00f6ntem\",\"description\":\"Mali Y&ouml;ntem \",\"publisher\":{\"@id\":\"https:\/\/www.maliyontem.com.tr\/#organization\"},\"potentialAction\":[{\"@type\":\"SearchAction\",\"target\":{\"@type\":\"EntryPoint\",\"urlTemplate\":\"https:\/\/www.maliyontem.com.tr\/?s={search_term_string}\"},\"query-input\":{\"@type\":\"PropertyValueSpecification\",\"valueRequired\":true,\"valueName\":\"search_term_string\"}}],\"inLanguage\":\"en-US\"},{\"@type\":\"Organization\",\"@id\":\"https:\/\/www.maliyontem.com.tr\/#organization\",\"name\":\"Mali Y\u00f6ntem\",\"url\":\"https:\/\/www.maliyontem.com.tr\/\",\"logo\":{\"@type\":\"ImageObject\",\"inLanguage\":\"en-US\",\"@id\":\"https:\/\/www.maliyontem.com.tr\/#\/schema\/logo\/image\/\",\"url\":\"https:\/\/ml1xqiethand.i.optimole.com\/w:auto\/h:auto\/q:mauto\/f:best\/https:\/\/www.maliyontem.com.tr\/wp-content\/uploads\/2025\/12\/maliyontem2-Photoroom.png\",\"contentUrl\":\"https:\/\/ml1xqiethand.i.optimole.com\/w:auto\/h:auto\/q:mauto\/f:best\/https:\/\/www.maliyontem.com.tr\/wp-content\/uploads\/2025\/12\/maliyontem2-Photoroom.png\",\"width\":1280,\"height\":444,\"caption\":\"Mali Y\u00f6ntem\"},\"image\":{\"@id\":\"https:\/\/www.maliyontem.com.tr\/#\/schema\/logo\/image\/\"}}]}<\/script>\n<!-- \/ Yoast SEO plugin. -->","yoast_head_json":{"title":"Vergi Davalar\u0131 - Mali Y\u00f6ntem","robots":{"index":"index","follow":"follow","max-snippet":"max-snippet:-1","max-image-preview":"max-image-preview:large","max-video-preview":"max-video-preview:-1"},"canonical":"https:\/\/www.maliyontem.com.tr\/en\/hizmetlerimiz-2\/vergi-davalari\/","og_locale":"en_US","og_type":"article","og_title":"Vergi Davalar\u0131 - Mali Y\u00f6ntem","og_description":"Vergi Davalar\u0131nda \u00c7\u00f6z\u00fcm Temel amac\u0131m\u0131z vergisel riskler ger\u00e7ekle\u015fmeden \u00f6nce bunlar\u0131n tespit edilmesi ve gerekli \u00f6nlemlerin al\u0131nmas\u0131 olmakla birlikte; bu hizmetimiz ile m\u00fc\u015fterilerimiz nezdinde ger\u00e7ekle\u015ftirilmi\u015f olan vergi incelemelerinin yine m\u00fc\u015fterilerimiz menfaatleri esas al\u0131nmak suretiyle en iyi \u015fekilde y\u00f6netilmesi ve sonu\u00e7land\u0131r\u0131lmas\u0131n\u0131 ama\u00e7lamaktay\u0131z. Vergi uygulamalar\u0131 s\u0131ras\u0131nda m\u00fckellefler ile idare aras\u0131nda inceleme esnas\u0131nda ortaya \u00e7\u0131kan g\u00f6r\u00fc\u015f ve uygulama farkl\u0131l\u0131klar\u0131 [&hellip;]","og_url":"https:\/\/www.maliyontem.com.tr\/en\/hizmetlerimiz-2\/vergi-davalari\/","og_site_name":"Mali Y\u00f6ntem","article_modified_time":"2025-12-26T19:27:13+00:00","og_image":[{"url":"https:\/\/ml1xqiethand.i.optimole.com\/w:300\/h:200\/q:mauto\/f:best\/https:\/\/www.maliyontem.com.tr\/wp-content\/uploads\/2025\/12\/hukuk.jpg","type":"","width":"","height":""}],"twitter_card":"summary_large_image","twitter_misc":{"Est. reading time":"2 minutes"},"schema":{"@context":"https:\/\/schema.org","@graph":[{"@type":"WebPage","@id":"https:\/\/www.maliyontem.com.tr\/hizmetlerimiz-2\/vergi-davalari\/","url":"https:\/\/www.maliyontem.com.tr\/hizmetlerimiz-2\/vergi-davalari\/","name":"Vergi Davalar\u0131 - Mali Y\u00f6ntem","isPartOf":{"@id":"https:\/\/www.maliyontem.com.tr\/#website"},"primaryImageOfPage":{"@id":"https:\/\/www.maliyontem.com.tr\/hizmetlerimiz-2\/vergi-davalari\/#primaryimage"},"image":{"@id":"https:\/\/www.maliyontem.com.tr\/hizmetlerimiz-2\/vergi-davalari\/#primaryimage"},"thumbnailUrl":"https:\/\/ml1xqiethand.i.optimole.com\/w:300\/h:200\/q:mauto\/f:best\/https:\/\/www.maliyontem.com.tr\/wp-content\/uploads\/2025\/12\/hukuk.jpg","datePublished":"2025-12-26T19:19:36+00:00","dateModified":"2025-12-26T19:27:13+00:00","breadcrumb":{"@id":"https:\/\/www.maliyontem.com.tr\/hizmetlerimiz-2\/vergi-davalari\/#breadcrumb"},"inLanguage":"en-US","potentialAction":[{"@type":"ReadAction","target":["https:\/\/www.maliyontem.com.tr\/hizmetlerimiz-2\/vergi-davalari\/"]}]},{"@type":"ImageObject","inLanguage":"en-US","@id":"https:\/\/www.maliyontem.com.tr\/hizmetlerimiz-2\/vergi-davalari\/#primaryimage","url":"https:\/\/ml1xqiethand.i.optimole.com\/w:300\/h:200\/q:mauto\/f:best\/https:\/\/www.maliyontem.com.tr\/wp-content\/uploads\/2025\/12\/hukuk.jpg","contentUrl":"https:\/\/ml1xqiethand.i.optimole.com\/w:300\/h:200\/q:mauto\/f:best\/https:\/\/www.maliyontem.com.tr\/wp-content\/uploads\/2025\/12\/hukuk.jpg"},{"@type":"BreadcrumbList","@id":"https:\/\/www.maliyontem.com.tr\/hizmetlerimiz-2\/vergi-davalari\/#breadcrumb","itemListElement":[{"@type":"ListItem","position":1,"name":"Anasayfa","item":"https:\/\/www.maliyontem.com.tr\/"},{"@type":"ListItem","position":2,"name":"Hizmetlerimiz","item":"https:\/\/www.maliyontem.com.tr\/hizmetlerimiz-2\/"},{"@type":"ListItem","position":3,"name":"Vergi Davalar\u0131"}]},{"@type":"WebSite","@id":"https:\/\/www.maliyontem.com.tr\/#website","url":"https:\/\/www.maliyontem.com.tr\/","name":"Mali Y\u00f6ntem","description":"Mali Y&ouml;ntem","publisher":{"@id":"https:\/\/www.maliyontem.com.tr\/#organization"},"potentialAction":[{"@type":"SearchAction","target":{"@type":"EntryPoint","urlTemplate":"https:\/\/www.maliyontem.com.tr\/?s={search_term_string}"},"query-input":{"@type":"PropertyValueSpecification","valueRequired":true,"valueName":"search_term_string"}}],"inLanguage":"en-US"},{"@type":"Organization","@id":"https:\/\/www.maliyontem.com.tr\/#organization","name":"Mali Y\u00f6ntem","url":"https:\/\/www.maliyontem.com.tr\/","logo":{"@type":"ImageObject","inLanguage":"en-US","@id":"https:\/\/www.maliyontem.com.tr\/#\/schema\/logo\/image\/","url":"https:\/\/ml1xqiethand.i.optimole.com\/w:auto\/h:auto\/q:mauto\/f:best\/https:\/\/www.maliyontem.com.tr\/wp-content\/uploads\/2025\/12\/maliyontem2-Photoroom.png","contentUrl":"https:\/\/ml1xqiethand.i.optimole.com\/w:auto\/h:auto\/q:mauto\/f:best\/https:\/\/www.maliyontem.com.tr\/wp-content\/uploads\/2025\/12\/maliyontem2-Photoroom.png","width":1280,"height":444,"caption":"Mali Y\u00f6ntem"},"image":{"@id":"https:\/\/www.maliyontem.com.tr\/#\/schema\/logo\/image\/"}}]}},"_links":{"self":[{"href":"https:\/\/www.maliyontem.com.tr\/en\/wp-json\/wp\/v2\/pages\/2774","targetHints":{"allow":["GET"]}}],"collection":[{"href":"https:\/\/www.maliyontem.com.tr\/en\/wp-json\/wp\/v2\/pages"}],"about":[{"href":"https:\/\/www.maliyontem.com.tr\/en\/wp-json\/wp\/v2\/types\/page"}],"author":[{"embeddable":true,"href":"https:\/\/www.maliyontem.com.tr\/en\/wp-json\/wp\/v2\/users\/1"}],"replies":[{"embeddable":true,"href":"https:\/\/www.maliyontem.com.tr\/en\/wp-json\/wp\/v2\/comments?post=2774"}],"version-history":[{"count":10,"href":"https:\/\/www.maliyontem.com.tr\/en\/wp-json\/wp\/v2\/pages\/2774\/revisions"}],"predecessor-version":[{"id":2805,"href":"https:\/\/www.maliyontem.com.tr\/en\/wp-json\/wp\/v2\/pages\/2774\/revisions\/2805"}],"up":[{"embeddable":true,"href":"https:\/\/www.maliyontem.com.tr\/en\/wp-json\/wp\/v2\/pages\/2715"}],"wp:attachment":[{"href":"https:\/\/www.maliyontem.com.tr\/en\/wp-json\/wp\/v2\/media?parent=2774"}],"curies":[{"name":"wp","href":"https:\/\/api.w.org\/{rel}","templated":true}]}}