{"id":2766,"date":"2025-12-26T19:17:59","date_gmt":"2025-12-26T19:17:59","guid":{"rendered":"https:\/\/www.maliyontem.com.tr\/?page_id=2766"},"modified":"2025-12-26T19:19:10","modified_gmt":"2025-12-26T19:19:10","slug":"kurumsallasma-danismanligi","status":"publish","type":"page","link":"https:\/\/www.maliyontem.com.tr\/en\/hizmetlerimiz-2\/kurumsallasma-danismanligi\/","title":{"rendered":"Corporate Structuring Advisory"},"content":{"rendered":"<div data-elementor-type=\"wp-page\" data-elementor-id=\"2766\" class=\"elementor elementor-2766\">\n\t\t\t\t<div class=\"elementor-element elementor-element-0194d41 e-flex e-con-boxed e-con e-parent\" data-id=\"0194d41\" data-element_type=\"container\">\n\t\t\t\t\t<div class=\"e-con-inner\">\n\t\t\t\t<div class=\"elementor-element elementor-element-1651e06 elementor-widget__width-inherit elementor-widget elementor-widget-heading\" data-id=\"1651e06\" data-element_type=\"widget\" data-widget_type=\"heading.default\">\n\t\t\t\t<div class=\"elementor-widget-container\">\n\t\t\t\t\t<h2 class=\"elementor-heading-title elementor-size-default\">Corporate Structuring Advisory<\/h2>\t\t\t\t<\/div>\n\t\t\t\t<\/div>\n\t\t\t\t\t<\/div>\n\t\t\t\t<\/div>\n\t\t<div class=\"elementor-element elementor-element-fabb98b e-flex e-con-boxed e-con e-parent\" data-id=\"fabb98b\" data-element_type=\"container\">\n\t\t\t\t\t<div class=\"e-con-inner\">\n\t\t\t\t<div class=\"elementor-element elementor-element-d0e2d87 elementor-widget elementor-widget-text-editor\" data-id=\"d0e2d87\" data-element_type=\"widget\" data-widget_type=\"text-editor.default\">\n\t\t\t\t<div class=\"elementor-widget-container\">\n\t\t\t\t\t\t\t\t\t<p><img fetchpriority=\"high\" decoding=\"async\" data-opt-id=\"545223556\" class=\"alignleft wp-image-2739 size-medium\"  src=\"https:\/\/ml1xqiethand.i.optimole.com\/w:300\/h:151\/q:mauto\/f:best\/https:\/\/www.maliyontem.com.tr\/wp-content\/uploads\/2025\/12\/personel.jpg\" alt=\"personel\" width=\"300\" height=\"151\" srcset=\"https:\/\/ml1xqiethand.i.optimole.com\/w:677\/h:340\/q:mauto\/f:best\/https:\/\/www.maliyontem.com.tr\/wp-content\/uploads\/2025\/12\/personel.jpg 677w, https:\/\/ml1xqiethand.i.optimole.com\/w:300\/h:151\/q:mauto\/f:best\/https:\/\/www.maliyontem.com.tr\/wp-content\/uploads\/2025\/12\/personel.jpg 300w\" sizes=\"(max-width: 300px) 100vw, 300px\" \/><\/p><p>Excluding public institutions, approximately 99% of companies in T\u00fcrkiye are family-owned businesses. However, only 4 out of every 100 companies established in T\u00fcrkiye are successfully transferred to the third generation, and nearly 80% have a lifecycle limited to the founder\u2019s lifetime. The primary challenge faced by family businesses is the lack of institutionalization. Companies that fail to institutionalize gradually disappear.<\/p><p><strong>Institutionalization refers to establishing a management and organizational structure that enables a business to sustain and develop its operations independently of specific managers or employees.<\/strong>;<span class=\"apple-converted-space\">\u00a0<\/span>bir i\u015fletmenin, faaliyetlerini y\u00f6netici ve \u00e7al\u0131\u015fanlar\u0131n\u00a0 varl\u0131\u011f\u0131na ba\u011fl\u0131 olmadan s\u00fcrd\u00fcrebilmesini ve geli\u015ftirebilmesini sa\u011flayan bir y\u00f6netim ve organizasyon yap\u0131s\u0131n\u0131n olu\u015fturulmas\u0131d\u0131r.<\/p><p><strong>Management Consulting<\/strong>establishing an intra-family governance system that balances company and family interests is crucial to ensuring continuity and long-term, high-performance sustainability across generations.\u00a0<strong>For family businesses,\u00a0<\/strong>establishing an intra-family governance system that balances company and family interests is crucial to ensuring continuity and long-term, high-performance sustainability across generations.<\/p><p><strong>Benefits of Institutionalization<\/strong>:<span class=\"apple-converted-space\">\u00a0<\/span><\/p><p><strong>1-<\/strong>The organization operates in a more orderly and systematic manner.<\/p><p><strong>2<\/strong>-Competitive strength increases.<\/p><p><strong>3<\/strong>-Control mechanisms become easier to implement.<\/p><p><strong>4-<\/strong>-The rate of errors decreases.<\/p><p><strong>5<\/strong>-Achieving organizational goals becomes easier.<\/p><p><strong>6<\/strong>-Authority and responsibilities are clearly defined.<\/p><p><strong>7<\/strong>-Decision-making processes become more efficient.<\/p><p><strong>8<\/strong>-Diverse perspectives emerge.<\/p><p><strong>9-<\/strong>-Budgets and business plans become clearer.<\/p><p><strong>10-<\/strong>-Employers and managers gain time for strategic matters, leading to increased corporate efficiency.<\/p><p>The institutionalization process of family businesses should be addressed in two dimensions: the institutionalization of the company itself and the institutionalization of family relationships.\u00a0<strong>Mali Y\u00f6ntem Audit and Consulting<\/strong>, with its expert team, supports companies throughout this institutionalization process.<\/p><p><strong>Management Consulting<\/strong>\u00a0Within the scope of Management Consulting, the following issues will be evaluated according to the characteristics of the business:<\/p><p>1) Establishing the organizational structure of the Board of Directors<br \/>2) Conducting regular evaluations on the structure and efficiency of the Board of Directors and submitting recommendations to the Board regarding possible changes<br \/>3) Establishing the Board of Directors reporting system<br \/>4) Determining and supervising the approach, principles, and practices regarding performance evaluation and career planning of Board members and senior executives<br \/>5) Determining recommendations regarding the remuneration principles of Board members and senior executives, taking into account the company\u2019s long-term goals<br \/>6) Submitting recommendations to the Board of Directors on the implementation of performance-enhancing management practices and reviewing the systems and processes established or to be established by the company<br \/>7) Ensuring the determination of five-year corporate strategic goals<br \/>7) Kurumsal be\u015f y\u0131ll\u0131k stratejik hedeflerin belirlenmesi sa\u011flamak<br \/>8) Establishing the Executive Board and creating a goal-oriented structure; defining duties and responsibilities accordingly<br \/>9) Determining the distribution of duties and authorities of all personnel<br \/>10) Establishing an internal audit unit, conducting audits at regular intervals, and reporting to the Board of Directors<br \/>11) Creating, managing, and monitoring the corporate meeting format<\/p><p>According to the needs of the business, the necessary institutional analyses are conducted and discussed with the management units. A work plan is prepared based on the order of importance, such as urgency and priority, and action is taken.<\/p>\t\t\t\t\t\t\t\t<\/div>\n\t\t\t\t<\/div>\n\t\t\t\t\t<\/div>\n\t\t\t\t<\/div>\n\t\t\t\t<\/div>","protected":false},"excerpt":{"rendered":"<p>Kurumsalla\u015fma Dan\u0131\u015fmanl\u0131\u011f\u0131 T\u00fcrkiye\u2019de kamu kurumlar\u0131n\u0131 bir kenara b\u0131rak\u0131rsak, \u015firketlerin y\u00fczde 99\u2019unu aile \u015firketleri olu\u015fturuyor. Yine T\u00fcrkiye\u2019de kurulan 100 i\u015fletmenin ancak 4 tanesi 3. nesle devredilebilmektedir. Hatta 80 tanesi kurucusunun \u00f6mr\u00fc ile s\u0131n\u0131rl\u0131 bir ya\u015fam e\u011frisi mevcuttur Aile \u015firketlerinin en b\u00fcy\u00fck sorunu kurumsalla\u015famamalar\u0131d\u0131r. Kurumsalla\u015famayan \u015firketler yok olup gitmektedir. Kurumsalla\u015fma;\u00a0bir i\u015fletmenin, faaliyetlerini y\u00f6netici ve \u00e7al\u0131\u015fanlar\u0131n\u00a0 varl\u0131\u011f\u0131na ba\u011fl\u0131 [&hellip;]<\/p>","protected":false},"author":1,"featured_media":0,"parent":2715,"menu_order":0,"comment_status":"closed","ping_status":"closed","template":"","meta":{"site-sidebar-layout":"no-sidebar","site-content-layout":"page-builder","ast-site-content-layout":"full-width-container","site-content-style":"default","site-sidebar-style":"default","ast-global-header-display":"","ast-banner-title-visibility":"","ast-main-header-display":"","ast-hfb-above-header-display":"","ast-hfb-below-header-display":"","ast-hfb-mobile-header-display":"","site-post-title":"disabled","ast-breadcrumbs-content":"","ast-featured-img":"disabled","footer-sml-layout":"","ast-disable-related-posts":"","theme-transparent-header-meta":"","adv-header-id-meta":"","stick-header-meta":"","header-above-stick-meta":"","header-main-stick-meta":"","header-below-stick-meta":"","astra-migrate-meta-layouts":"set","ast-page-background-enabled":"default","ast-page-background-meta":{"desktop":{"background-color":"","background-image":"","background-repeat":"repeat","background-position":"center center","background-size":"auto","background-attachment":"scroll","background-type":"","background-media":"","overlay-type":"","overlay-color":"","overlay-opacity":"","overlay-gradient":""},"tablet":{"background-color":"","background-image":"","background-repeat":"repeat","background-position":"center center","background-size":"auto","background-attachment":"scroll","background-type":"","background-media":"","overlay-type":"","overlay-color":"","overlay-opacity":"","overlay-gradient":""},"mobile":{"background-color":"","background-image":"","background-repeat":"repeat","background-position":"center center","background-size":"auto","background-attachment":"scroll","background-type":"","background-media":"","overlay-type":"","overlay-color":"","overlay-opacity":"","overlay-gradient":""}},"ast-content-background-meta":{"desktop":{"background-color":"var(--ast-global-color-5)","background-image":"","background-repeat":"repeat","background-position":"center center","background-size":"auto","background-attachment":"scroll","background-type":"","background-media":"","overlay-type":"","overlay-color":"","overlay-opacity":"","overlay-gradient":""},"tablet":{"background-color":"var(--ast-global-color-5)","background-image":"","background-repeat":"repeat","background-position":"center center","background-size":"auto","background-attachment":"scroll","background-type":"","background-media":"","overlay-type":"","overlay-color":"","overlay-opacity":"","overlay-gradient":""},"mobile":{"background-color":"var(--ast-global-color-5)","background-image":"","background-repeat":"repeat","background-position":"center center","background-size":"auto","background-attachment":"scroll","background-type":"","background-media":"","overlay-type":"","overlay-color":"","overlay-opacity":"","overlay-gradient":""}},"footnotes":""},"class_list":["post-2766","page","type-page","status-publish","hentry"],"yoast_head":"<!-- This site is optimized with the Yoast SEO plugin v26.6 - https:\/\/yoast.com\/wordpress\/plugins\/seo\/ -->\n<title>Kurumsalla\u015fma Dan\u0131\u015fmanl\u0131\u011f\u0131 - Mali Y\u00f6ntem<\/title>\n<meta name=\"robots\" content=\"index, follow, max-snippet:-1, max-image-preview:large, max-video-preview:-1\" \/>\n<link rel=\"canonical\" href=\"https:\/\/www.maliyontem.com.tr\/en\/hizmetlerimiz-2\/kurumsallasma-danismanligi\/\" \/>\n<meta property=\"og:locale\" content=\"en_US\" \/>\n<meta property=\"og:type\" content=\"article\" \/>\n<meta property=\"og:title\" content=\"Kurumsalla\u015fma Dan\u0131\u015fmanl\u0131\u011f\u0131 - Mali Y\u00f6ntem\" \/>\n<meta property=\"og:description\" content=\"Kurumsalla\u015fma Dan\u0131\u015fmanl\u0131\u011f\u0131 T\u00fcrkiye\u2019de kamu kurumlar\u0131n\u0131 bir kenara b\u0131rak\u0131rsak, \u015firketlerin y\u00fczde 99\u2019unu aile \u015firketleri olu\u015fturuyor. Yine T\u00fcrkiye\u2019de kurulan 100 i\u015fletmenin ancak 4 tanesi 3. nesle devredilebilmektedir. Hatta 80 tanesi kurucusunun \u00f6mr\u00fc ile s\u0131n\u0131rl\u0131 bir ya\u015fam e\u011frisi mevcuttur Aile \u015firketlerinin en b\u00fcy\u00fck sorunu kurumsalla\u015famamalar\u0131d\u0131r. Kurumsalla\u015famayan \u015firketler yok olup gitmektedir. Kurumsalla\u015fma;\u00a0bir i\u015fletmenin, faaliyetlerini y\u00f6netici ve \u00e7al\u0131\u015fanlar\u0131n\u00a0 varl\u0131\u011f\u0131na ba\u011fl\u0131 [&hellip;]\" \/>\n<meta property=\"og:url\" content=\"https:\/\/www.maliyontem.com.tr\/en\/hizmetlerimiz-2\/kurumsallasma-danismanligi\/\" \/>\n<meta property=\"og:site_name\" content=\"Mali Y\u00f6ntem\" \/>\n<meta property=\"article:modified_time\" content=\"2025-12-26T19:19:10+00:00\" \/>\n<meta property=\"og:image\" content=\"https:\/\/ml1xqiethand.i.optimole.com\/w:300\/h:151\/q:mauto\/f:best\/https:\/\/www.maliyontem.com.tr\/wp-content\/uploads\/2025\/12\/personel.jpg\" \/>\n<meta name=\"twitter:card\" content=\"summary_large_image\" \/>\n<meta name=\"twitter:label1\" content=\"Est. reading time\" \/>\n\t<meta name=\"twitter:data1\" content=\"3 minutes\" \/>\n<script type=\"application\/ld+json\" class=\"yoast-schema-graph\">{\"@context\":\"https:\/\/schema.org\",\"@graph\":[{\"@type\":\"WebPage\",\"@id\":\"https:\/\/www.maliyontem.com.tr\/hizmetlerimiz-2\/kurumsallasma-danismanligi\/\",\"url\":\"https:\/\/www.maliyontem.com.tr\/hizmetlerimiz-2\/kurumsallasma-danismanligi\/\",\"name\":\"Kurumsalla\u015fma Dan\u0131\u015fmanl\u0131\u011f\u0131 - Mali Y\u00f6ntem\",\"isPartOf\":{\"@id\":\"https:\/\/www.maliyontem.com.tr\/#website\"},\"primaryImageOfPage\":{\"@id\":\"https:\/\/www.maliyontem.com.tr\/hizmetlerimiz-2\/kurumsallasma-danismanligi\/#primaryimage\"},\"image\":{\"@id\":\"https:\/\/www.maliyontem.com.tr\/hizmetlerimiz-2\/kurumsallasma-danismanligi\/#primaryimage\"},\"thumbnailUrl\":\"https:\/\/ml1xqiethand.i.optimole.com\/w:300\/h:151\/q:mauto\/f:best\/https:\/\/www.maliyontem.com.tr\/wp-content\/uploads\/2025\/12\/personel.jpg\",\"datePublished\":\"2025-12-26T19:17:59+00:00\",\"dateModified\":\"2025-12-26T19:19:10+00:00\",\"breadcrumb\":{\"@id\":\"https:\/\/www.maliyontem.com.tr\/hizmetlerimiz-2\/kurumsallasma-danismanligi\/#breadcrumb\"},\"inLanguage\":\"en-US\",\"potentialAction\":[{\"@type\":\"ReadAction\",\"target\":[\"https:\/\/www.maliyontem.com.tr\/hizmetlerimiz-2\/kurumsallasma-danismanligi\/\"]}]},{\"@type\":\"ImageObject\",\"inLanguage\":\"en-US\",\"@id\":\"https:\/\/www.maliyontem.com.tr\/hizmetlerimiz-2\/kurumsallasma-danismanligi\/#primaryimage\",\"url\":\"https:\/\/ml1xqiethand.i.optimole.com\/w:300\/h:151\/q:mauto\/f:best\/https:\/\/www.maliyontem.com.tr\/wp-content\/uploads\/2025\/12\/personel.jpg\",\"contentUrl\":\"https:\/\/ml1xqiethand.i.optimole.com\/w:300\/h:151\/q:mauto\/f:best\/https:\/\/www.maliyontem.com.tr\/wp-content\/uploads\/2025\/12\/personel.jpg\"},{\"@type\":\"BreadcrumbList\",\"@id\":\"https:\/\/www.maliyontem.com.tr\/hizmetlerimiz-2\/kurumsallasma-danismanligi\/#breadcrumb\",\"itemListElement\":[{\"@type\":\"ListItem\",\"position\":1,\"name\":\"Anasayfa\",\"item\":\"https:\/\/www.maliyontem.com.tr\/\"},{\"@type\":\"ListItem\",\"position\":2,\"name\":\"Hizmetlerimiz\",\"item\":\"https:\/\/www.maliyontem.com.tr\/hizmetlerimiz-2\/\"},{\"@type\":\"ListItem\",\"position\":3,\"name\":\"Kurumsalla\u015fma Dan\u0131\u015fmanl\u0131\u011f\u0131\"}]},{\"@type\":\"WebSite\",\"@id\":\"https:\/\/www.maliyontem.com.tr\/#website\",\"url\":\"https:\/\/www.maliyontem.com.tr\/\",\"name\":\"Mali Y\u00f6ntem\",\"description\":\"Mali Y&ouml;ntem \",\"publisher\":{\"@id\":\"https:\/\/www.maliyontem.com.tr\/#organization\"},\"potentialAction\":[{\"@type\":\"SearchAction\",\"target\":{\"@type\":\"EntryPoint\",\"urlTemplate\":\"https:\/\/www.maliyontem.com.tr\/?s={search_term_string}\"},\"query-input\":{\"@type\":\"PropertyValueSpecification\",\"valueRequired\":true,\"valueName\":\"search_term_string\"}}],\"inLanguage\":\"en-US\"},{\"@type\":\"Organization\",\"@id\":\"https:\/\/www.maliyontem.com.tr\/#organization\",\"name\":\"Mali Y\u00f6ntem\",\"url\":\"https:\/\/www.maliyontem.com.tr\/\",\"logo\":{\"@type\":\"ImageObject\",\"inLanguage\":\"en-US\",\"@id\":\"https:\/\/www.maliyontem.com.tr\/#\/schema\/logo\/image\/\",\"url\":\"https:\/\/ml1xqiethand.i.optimole.com\/w:auto\/h:auto\/q:mauto\/f:best\/https:\/\/www.maliyontem.com.tr\/wp-content\/uploads\/2025\/12\/maliyontem2-Photoroom.png\",\"contentUrl\":\"https:\/\/ml1xqiethand.i.optimole.com\/w:auto\/h:auto\/q:mauto\/f:best\/https:\/\/www.maliyontem.com.tr\/wp-content\/uploads\/2025\/12\/maliyontem2-Photoroom.png\",\"width\":1280,\"height\":444,\"caption\":\"Mali Y\u00f6ntem\"},\"image\":{\"@id\":\"https:\/\/www.maliyontem.com.tr\/#\/schema\/logo\/image\/\"}}]}<\/script>\n<!-- \/ Yoast SEO plugin. -->","yoast_head_json":{"title":"Kurumsalla\u015fma Dan\u0131\u015fmanl\u0131\u011f\u0131 - Mali Y\u00f6ntem","robots":{"index":"index","follow":"follow","max-snippet":"max-snippet:-1","max-image-preview":"max-image-preview:large","max-video-preview":"max-video-preview:-1"},"canonical":"https:\/\/www.maliyontem.com.tr\/en\/hizmetlerimiz-2\/kurumsallasma-danismanligi\/","og_locale":"en_US","og_type":"article","og_title":"Kurumsalla\u015fma Dan\u0131\u015fmanl\u0131\u011f\u0131 - Mali Y\u00f6ntem","og_description":"Kurumsalla\u015fma Dan\u0131\u015fmanl\u0131\u011f\u0131 T\u00fcrkiye\u2019de kamu kurumlar\u0131n\u0131 bir kenara b\u0131rak\u0131rsak, \u015firketlerin y\u00fczde 99\u2019unu aile \u015firketleri olu\u015fturuyor. Yine T\u00fcrkiye\u2019de kurulan 100 i\u015fletmenin ancak 4 tanesi 3. nesle devredilebilmektedir. Hatta 80 tanesi kurucusunun \u00f6mr\u00fc ile s\u0131n\u0131rl\u0131 bir ya\u015fam e\u011frisi mevcuttur Aile \u015firketlerinin en b\u00fcy\u00fck sorunu kurumsalla\u015famamalar\u0131d\u0131r. Kurumsalla\u015famayan \u015firketler yok olup gitmektedir. Kurumsalla\u015fma;\u00a0bir i\u015fletmenin, faaliyetlerini y\u00f6netici ve \u00e7al\u0131\u015fanlar\u0131n\u00a0 varl\u0131\u011f\u0131na ba\u011fl\u0131 [&hellip;]","og_url":"https:\/\/www.maliyontem.com.tr\/en\/hizmetlerimiz-2\/kurumsallasma-danismanligi\/","og_site_name":"Mali Y\u00f6ntem","article_modified_time":"2025-12-26T19:19:10+00:00","og_image":[{"url":"https:\/\/ml1xqiethand.i.optimole.com\/w:300\/h:151\/q:mauto\/f:best\/https:\/\/www.maliyontem.com.tr\/wp-content\/uploads\/2025\/12\/personel.jpg","type":"","width":"","height":""}],"twitter_card":"summary_large_image","twitter_misc":{"Est. reading time":"3 minutes"},"schema":{"@context":"https:\/\/schema.org","@graph":[{"@type":"WebPage","@id":"https:\/\/www.maliyontem.com.tr\/hizmetlerimiz-2\/kurumsallasma-danismanligi\/","url":"https:\/\/www.maliyontem.com.tr\/hizmetlerimiz-2\/kurumsallasma-danismanligi\/","name":"Kurumsalla\u015fma Dan\u0131\u015fmanl\u0131\u011f\u0131 - Mali Y\u00f6ntem","isPartOf":{"@id":"https:\/\/www.maliyontem.com.tr\/#website"},"primaryImageOfPage":{"@id":"https:\/\/www.maliyontem.com.tr\/hizmetlerimiz-2\/kurumsallasma-danismanligi\/#primaryimage"},"image":{"@id":"https:\/\/www.maliyontem.com.tr\/hizmetlerimiz-2\/kurumsallasma-danismanligi\/#primaryimage"},"thumbnailUrl":"https:\/\/ml1xqiethand.i.optimole.com\/w:300\/h:151\/q:mauto\/f:best\/https:\/\/www.maliyontem.com.tr\/wp-content\/uploads\/2025\/12\/personel.jpg","datePublished":"2025-12-26T19:17:59+00:00","dateModified":"2025-12-26T19:19:10+00:00","breadcrumb":{"@id":"https:\/\/www.maliyontem.com.tr\/hizmetlerimiz-2\/kurumsallasma-danismanligi\/#breadcrumb"},"inLanguage":"en-US","potentialAction":[{"@type":"ReadAction","target":["https:\/\/www.maliyontem.com.tr\/hizmetlerimiz-2\/kurumsallasma-danismanligi\/"]}]},{"@type":"ImageObject","inLanguage":"en-US","@id":"https:\/\/www.maliyontem.com.tr\/hizmetlerimiz-2\/kurumsallasma-danismanligi\/#primaryimage","url":"https:\/\/ml1xqiethand.i.optimole.com\/w:300\/h:151\/q:mauto\/f:best\/https:\/\/www.maliyontem.com.tr\/wp-content\/uploads\/2025\/12\/personel.jpg","contentUrl":"https:\/\/ml1xqiethand.i.optimole.com\/w:300\/h:151\/q:mauto\/f:best\/https:\/\/www.maliyontem.com.tr\/wp-content\/uploads\/2025\/12\/personel.jpg"},{"@type":"BreadcrumbList","@id":"https:\/\/www.maliyontem.com.tr\/hizmetlerimiz-2\/kurumsallasma-danismanligi\/#breadcrumb","itemListElement":[{"@type":"ListItem","position":1,"name":"Anasayfa","item":"https:\/\/www.maliyontem.com.tr\/"},{"@type":"ListItem","position":2,"name":"Hizmetlerimiz","item":"https:\/\/www.maliyontem.com.tr\/hizmetlerimiz-2\/"},{"@type":"ListItem","position":3,"name":"Kurumsalla\u015fma Dan\u0131\u015fmanl\u0131\u011f\u0131"}]},{"@type":"WebSite","@id":"https:\/\/www.maliyontem.com.tr\/#website","url":"https:\/\/www.maliyontem.com.tr\/","name":"Mali Y\u00f6ntem","description":"Mali Y&ouml;ntem","publisher":{"@id":"https:\/\/www.maliyontem.com.tr\/#organization"},"potentialAction":[{"@type":"SearchAction","target":{"@type":"EntryPoint","urlTemplate":"https:\/\/www.maliyontem.com.tr\/?s={search_term_string}"},"query-input":{"@type":"PropertyValueSpecification","valueRequired":true,"valueName":"search_term_string"}}],"inLanguage":"en-US"},{"@type":"Organization","@id":"https:\/\/www.maliyontem.com.tr\/#organization","name":"Mali Y\u00f6ntem","url":"https:\/\/www.maliyontem.com.tr\/","logo":{"@type":"ImageObject","inLanguage":"en-US","@id":"https:\/\/www.maliyontem.com.tr\/#\/schema\/logo\/image\/","url":"https:\/\/ml1xqiethand.i.optimole.com\/w:auto\/h:auto\/q:mauto\/f:best\/https:\/\/www.maliyontem.com.tr\/wp-content\/uploads\/2025\/12\/maliyontem2-Photoroom.png","contentUrl":"https:\/\/ml1xqiethand.i.optimole.com\/w:auto\/h:auto\/q:mauto\/f:best\/https:\/\/www.maliyontem.com.tr\/wp-content\/uploads\/2025\/12\/maliyontem2-Photoroom.png","width":1280,"height":444,"caption":"Mali Y\u00f6ntem"},"image":{"@id":"https:\/\/www.maliyontem.com.tr\/#\/schema\/logo\/image\/"}}]}},"_links":{"self":[{"href":"https:\/\/www.maliyontem.com.tr\/en\/wp-json\/wp\/v2\/pages\/2766","targetHints":{"allow":["GET"]}}],"collection":[{"href":"https:\/\/www.maliyontem.com.tr\/en\/wp-json\/wp\/v2\/pages"}],"about":[{"href":"https:\/\/www.maliyontem.com.tr\/en\/wp-json\/wp\/v2\/types\/page"}],"author":[{"embeddable":true,"href":"https:\/\/www.maliyontem.com.tr\/en\/wp-json\/wp\/v2\/users\/1"}],"replies":[{"embeddable":true,"href":"https:\/\/www.maliyontem.com.tr\/en\/wp-json\/wp\/v2\/comments?post=2766"}],"version-history":[{"count":7,"href":"https:\/\/www.maliyontem.com.tr\/en\/wp-json\/wp\/v2\/pages\/2766\/revisions"}],"predecessor-version":[{"id":2773,"href":"https:\/\/www.maliyontem.com.tr\/en\/wp-json\/wp\/v2\/pages\/2766\/revisions\/2773"}],"up":[{"embeddable":true,"href":"https:\/\/www.maliyontem.com.tr\/en\/wp-json\/wp\/v2\/pages\/2715"}],"wp:attachment":[{"href":"https:\/\/www.maliyontem.com.tr\/en\/wp-json\/wp\/v2\/media?parent=2766"}],"curies":[{"name":"wp","href":"https:\/\/api.w.org\/{rel}","templated":true}]}}