{"id":2761,"date":"2025-12-26T19:16:47","date_gmt":"2025-12-26T19:16:47","guid":{"rendered":"https:\/\/www.maliyontem.com.tr\/?page_id=2761"},"modified":"2025-12-26T19:17:35","modified_gmt":"2025-12-26T19:17:35","slug":"ar-ge-ve-tesvikler","status":"publish","type":"page","link":"https:\/\/www.maliyontem.com.tr\/en\/hizmetlerimiz-2\/ar-ge-ve-tesvikler\/","title":{"rendered":"R&amp;D and Incentives"},"content":{"rendered":"<div data-elementor-type=\"wp-page\" data-elementor-id=\"2761\" class=\"elementor elementor-2761\">\n\t\t\t\t<div class=\"elementor-element elementor-element-0194d41 e-flex e-con-boxed e-con e-parent\" data-id=\"0194d41\" data-element_type=\"container\">\n\t\t\t\t\t<div class=\"e-con-inner\">\n\t\t\t\t<div class=\"elementor-element elementor-element-1651e06 elementor-widget__width-inherit elementor-widget elementor-widget-heading\" data-id=\"1651e06\" data-element_type=\"widget\" data-widget_type=\"heading.default\">\n\t\t\t\t<div class=\"elementor-widget-container\">\n\t\t\t\t\t<h2 class=\"elementor-heading-title elementor-size-default\">R&amp;D and Incentives<\/h2>\t\t\t\t<\/div>\n\t\t\t\t<\/div>\n\t\t\t\t\t<\/div>\n\t\t\t\t<\/div>\n\t\t<div class=\"elementor-element elementor-element-fabb98b e-flex e-con-boxed e-con e-parent\" data-id=\"fabb98b\" data-element_type=\"container\">\n\t\t\t\t\t<div class=\"e-con-inner\">\n\t\t\t\t<div class=\"elementor-element elementor-element-d0e2d87 elementor-widget elementor-widget-text-editor\" data-id=\"d0e2d87\" data-element_type=\"widget\" data-widget_type=\"text-editor.default\">\n\t\t\t\t<div class=\"elementor-widget-container\">\n\t\t\t\t\t\t\t\t\t<p><img fetchpriority=\"high\" decoding=\"async\" data-opt-id=\"9964106\" class=\"wp-image-2713 size-medium alignleft\"  src=\"https:\/\/ml1xqiethand.i.optimole.com\/w:300\/h:229\/q:mauto\/f:best\/https:\/\/www.maliyontem.com.tr\/wp-content\/uploads\/2025\/12\/arge-vergi.jpg\" alt=\"arge vergi\" width=\"300\" height=\"229\" srcset=\"https:\/\/ml1xqiethand.i.optimole.com\/w:768\/h:587\/q:mauto\/f:best\/https:\/\/www.maliyontem.com.tr\/wp-content\/uploads\/2025\/12\/arge-vergi.jpg 768w, https:\/\/ml1xqiethand.i.optimole.com\/w:300\/h:229\/q:mauto\/f:best\/https:\/\/www.maliyontem.com.tr\/wp-content\/uploads\/2025\/12\/arge-vergi.jpg 300w\" sizes=\"(max-width: 300px) 100vw, 300px\" \/><\/p><p>As the R&amp;D team of Mali Y\u00f6ntem Consulting, we provide a wide range of R&amp;D consultancy services to enable companies conducting R&amp;D activities across various sectors to benefit from incentives and cash supports at the maximum level, in line with their organizational structures. Within this scope, we evaluate all available alternatives for companies\u2014including R&amp;D centers, technology development zones, and project-based supports\u2014inform companies accordingly, and support them in benefiting from appropriate incentives and grants. In addition, we provide audit and consultancy services to identify opportunities and risks within the scope of the relevant legislation.<\/p><article><\/article><p>Consultancy services related to accounting, corporate income tax, value added tax (VAT), stamp duty, and other tax practices within the scope of R&amp;D, design, and innovation activities<br \/>Financial implementation consultancy within the scope of the Technology Development Zones Law<br \/>Financial implementation consultancy within the scope of the Technology Development Zones Law<br \/>CPA (YMM) reporting services related to R&amp;D, design, and innovation costs<\/p><p>All ongoing or newly initiated projects are evaluated within the framework of incentive legislation to assess whether all available opportunities are fully and properly utilized. Our consultancy services cover the identification, application, and completion stages of eligible incentives.<\/p><p>We act as a strategic solution partner, supporting companies in benefiting from statutory tax advantages and government supports while fulfilling their legal obligations.<\/p><ul><li>Economic incentives provided by public institutions such as the Ministry of Economy, Ministry of Treasury and Finance, Social Security Institution (SSI), KOSGEB, and similar authorities<\/li><li>Consultancy services for sector-specific government incentive and support schemes<\/li><li>Free Zones Legislation Consultancy<\/li><li>Technology Development Zones Legislation Consultancy<\/li><\/ul>\t\t\t\t\t\t\t\t<\/div>\n\t\t\t\t<\/div>\n\t\t\t\t\t<\/div>\n\t\t\t\t<\/div>\n\t\t\t\t<\/div>","protected":false},"excerpt":{"rendered":"<p>Ar-Ge ve Te\u015fvikler Mali Y\u00f6ntem Dan\u0131\u015fmanl\u0131k\u00a0 Ar-Ge ekibi olarak, farkl\u0131 sekt\u00f6rlerde Ar-Ge faaliyeti y\u00fcr\u00fcten \u015firketlerin kendi yap\u0131lar\u0131na uygun olarak te\u015fviklerden ve nakit desteklerden maksimum d\u00fczeyde faydalanabilmelerine y\u00f6nelik bir\u00e7ok farkl\u0131 alanda Ar-Ge dan\u0131\u015fmanl\u0131\u011f\u0131 hizmetleri sunmaktay\u0131z. Bu kapsamda, Ar-Ge merkezi, teknoloji geli\u015ftirme b\u00f6lgeleri ve proje bazl\u0131 destekler olmak \u00fczere \u015eirketler i\u00e7in t\u00fcm alternatifleri de\u011ferlendirip, \u015eirketleri bilgilendirerek, uygun [&hellip;]<\/p>","protected":false},"author":1,"featured_media":0,"parent":2715,"menu_order":0,"comment_status":"closed","ping_status":"closed","template":"","meta":{"site-sidebar-layout":"no-sidebar","site-content-layout":"page-builder","ast-site-content-layout":"full-width-container","site-content-style":"default","site-sidebar-style":"default","ast-global-header-display":"","ast-banner-title-visibility":"","ast-main-header-display":"","ast-hfb-above-header-display":"","ast-hfb-below-header-display":"","ast-hfb-mobile-header-display":"","site-post-title":"disabled","ast-breadcrumbs-content":"","ast-featured-img":"disabled","footer-sml-layout":"","ast-disable-related-posts":"","theme-transparent-header-meta":"","adv-header-id-meta":"","stick-header-meta":"","header-above-stick-meta":"","header-main-stick-meta":"","header-below-stick-meta":"","astra-migrate-meta-layouts":"set","ast-page-background-enabled":"default","ast-page-background-meta":{"desktop":{"background-color":"","background-image":"","background-repeat":"repeat","background-position":"center center","background-size":"auto","background-attachment":"scroll","background-type":"","background-media":"","overlay-type":"","overlay-color":"","overlay-opacity":"","overlay-gradient":""},"tablet":{"background-color":"","background-image":"","background-repeat":"repeat","background-position":"center center","background-size":"auto","background-attachment":"scroll","background-type":"","background-media":"","overlay-type":"","overlay-color":"","overlay-opacity":"","overlay-gradient":""},"mobile":{"background-color":"","background-image":"","background-repeat":"repeat","background-position":"center center","background-size":"auto","background-attachment":"scroll","background-type":"","background-media":"","overlay-type":"","overlay-color":"","overlay-opacity":"","overlay-gradient":""}},"ast-content-background-meta":{"desktop":{"background-color":"var(--ast-global-color-5)","background-image":"","background-repeat":"repeat","background-position":"center center","background-size":"auto","background-attachment":"scroll","background-type":"","background-media":"","overlay-type":"","overlay-color":"","overlay-opacity":"","overlay-gradient":""},"tablet":{"background-color":"var(--ast-global-color-5)","background-image":"","background-repeat":"repeat","background-position":"center center","background-size":"auto","background-attachment":"scroll","background-type":"","background-media":"","overlay-type":"","overlay-color":"","overlay-opacity":"","overlay-gradient":""},"mobile":{"background-color":"var(--ast-global-color-5)","background-image":"","background-repeat":"repeat","background-position":"center center","background-size":"auto","background-attachment":"scroll","background-type":"","background-media":"","overlay-type":"","overlay-color":"","overlay-opacity":"","overlay-gradient":""}},"footnotes":""},"class_list":["post-2761","page","type-page","status-publish","hentry"],"yoast_head":"<!-- This site is optimized with the Yoast SEO plugin v26.6 - https:\/\/yoast.com\/wordpress\/plugins\/seo\/ -->\n<title>Ar-Ge ve Te\u015fvikler - Mali Y\u00f6ntem<\/title>\n<meta name=\"robots\" content=\"index, follow, max-snippet:-1, max-image-preview:large, max-video-preview:-1\" \/>\n<link rel=\"canonical\" href=\"https:\/\/www.maliyontem.com.tr\/en\/hizmetlerimiz-2\/ar-ge-ve-tesvikler\/\" \/>\n<meta property=\"og:locale\" content=\"en_US\" \/>\n<meta property=\"og:type\" content=\"article\" \/>\n<meta property=\"og:title\" content=\"Ar-Ge ve Te\u015fvikler - Mali Y\u00f6ntem\" \/>\n<meta property=\"og:description\" content=\"Ar-Ge ve Te\u015fvikler Mali Y\u00f6ntem Dan\u0131\u015fmanl\u0131k\u00a0 Ar-Ge ekibi olarak, farkl\u0131 sekt\u00f6rlerde Ar-Ge faaliyeti y\u00fcr\u00fcten \u015firketlerin kendi yap\u0131lar\u0131na uygun olarak te\u015fviklerden ve nakit desteklerden maksimum d\u00fczeyde faydalanabilmelerine y\u00f6nelik bir\u00e7ok farkl\u0131 alanda Ar-Ge dan\u0131\u015fmanl\u0131\u011f\u0131 hizmetleri sunmaktay\u0131z. Bu kapsamda, Ar-Ge merkezi, teknoloji geli\u015ftirme b\u00f6lgeleri ve proje bazl\u0131 destekler olmak \u00fczere \u015eirketler i\u00e7in t\u00fcm alternatifleri de\u011ferlendirip, \u015eirketleri bilgilendirerek, uygun [&hellip;]\" \/>\n<meta property=\"og:url\" content=\"https:\/\/www.maliyontem.com.tr\/en\/hizmetlerimiz-2\/ar-ge-ve-tesvikler\/\" \/>\n<meta property=\"og:site_name\" content=\"Mali Y\u00f6ntem\" \/>\n<meta property=\"article:modified_time\" content=\"2025-12-26T19:17:35+00:00\" \/>\n<meta property=\"og:image\" content=\"https:\/\/ml1xqiethand.i.optimole.com\/w:300\/h:229\/q:mauto\/f:best\/https:\/\/www.maliyontem.com.tr\/wp-content\/uploads\/2025\/12\/arge-vergi.jpg\" \/>\n<meta name=\"twitter:card\" content=\"summary_large_image\" \/>\n<meta name=\"twitter:label1\" content=\"Est. reading time\" \/>\n\t<meta name=\"twitter:data1\" content=\"1 minute\" \/>\n<script type=\"application\/ld+json\" class=\"yoast-schema-graph\">{\"@context\":\"https:\/\/schema.org\",\"@graph\":[{\"@type\":\"WebPage\",\"@id\":\"https:\/\/www.maliyontem.com.tr\/hizmetlerimiz-2\/ar-ge-ve-tesvikler\/\",\"url\":\"https:\/\/www.maliyontem.com.tr\/hizmetlerimiz-2\/ar-ge-ve-tesvikler\/\",\"name\":\"Ar-Ge ve Te\u015fvikler - Mali Y\u00f6ntem\",\"isPartOf\":{\"@id\":\"https:\/\/www.maliyontem.com.tr\/#website\"},\"primaryImageOfPage\":{\"@id\":\"https:\/\/www.maliyontem.com.tr\/hizmetlerimiz-2\/ar-ge-ve-tesvikler\/#primaryimage\"},\"image\":{\"@id\":\"https:\/\/www.maliyontem.com.tr\/hizmetlerimiz-2\/ar-ge-ve-tesvikler\/#primaryimage\"},\"thumbnailUrl\":\"https:\/\/ml1xqiethand.i.optimole.com\/w:300\/h:229\/q:mauto\/f:best\/https:\/\/www.maliyontem.com.tr\/wp-content\/uploads\/2025\/12\/arge-vergi.jpg\",\"datePublished\":\"2025-12-26T19:16:47+00:00\",\"dateModified\":\"2025-12-26T19:17:35+00:00\",\"breadcrumb\":{\"@id\":\"https:\/\/www.maliyontem.com.tr\/hizmetlerimiz-2\/ar-ge-ve-tesvikler\/#breadcrumb\"},\"inLanguage\":\"en-US\",\"potentialAction\":[{\"@type\":\"ReadAction\",\"target\":[\"https:\/\/www.maliyontem.com.tr\/hizmetlerimiz-2\/ar-ge-ve-tesvikler\/\"]}]},{\"@type\":\"ImageObject\",\"inLanguage\":\"en-US\",\"@id\":\"https:\/\/www.maliyontem.com.tr\/hizmetlerimiz-2\/ar-ge-ve-tesvikler\/#primaryimage\",\"url\":\"https:\/\/ml1xqiethand.i.optimole.com\/w:300\/h:229\/q:mauto\/f:best\/https:\/\/www.maliyontem.com.tr\/wp-content\/uploads\/2025\/12\/arge-vergi.jpg\",\"contentUrl\":\"https:\/\/ml1xqiethand.i.optimole.com\/w:300\/h:229\/q:mauto\/f:best\/https:\/\/www.maliyontem.com.tr\/wp-content\/uploads\/2025\/12\/arge-vergi.jpg\"},{\"@type\":\"BreadcrumbList\",\"@id\":\"https:\/\/www.maliyontem.com.tr\/hizmetlerimiz-2\/ar-ge-ve-tesvikler\/#breadcrumb\",\"itemListElement\":[{\"@type\":\"ListItem\",\"position\":1,\"name\":\"Anasayfa\",\"item\":\"https:\/\/www.maliyontem.com.tr\/\"},{\"@type\":\"ListItem\",\"position\":2,\"name\":\"Hizmetlerimiz\",\"item\":\"https:\/\/www.maliyontem.com.tr\/hizmetlerimiz-2\/\"},{\"@type\":\"ListItem\",\"position\":3,\"name\":\"Ar-Ge ve Te\u015fvikler\"}]},{\"@type\":\"WebSite\",\"@id\":\"https:\/\/www.maliyontem.com.tr\/#website\",\"url\":\"https:\/\/www.maliyontem.com.tr\/\",\"name\":\"Mali Y\u00f6ntem\",\"description\":\"Mali Y&ouml;ntem \",\"publisher\":{\"@id\":\"https:\/\/www.maliyontem.com.tr\/#organization\"},\"potentialAction\":[{\"@type\":\"SearchAction\",\"target\":{\"@type\":\"EntryPoint\",\"urlTemplate\":\"https:\/\/www.maliyontem.com.tr\/?s={search_term_string}\"},\"query-input\":{\"@type\":\"PropertyValueSpecification\",\"valueRequired\":true,\"valueName\":\"search_term_string\"}}],\"inLanguage\":\"en-US\"},{\"@type\":\"Organization\",\"@id\":\"https:\/\/www.maliyontem.com.tr\/#organization\",\"name\":\"Mali Y\u00f6ntem\",\"url\":\"https:\/\/www.maliyontem.com.tr\/\",\"logo\":{\"@type\":\"ImageObject\",\"inLanguage\":\"en-US\",\"@id\":\"https:\/\/www.maliyontem.com.tr\/#\/schema\/logo\/image\/\",\"url\":\"https:\/\/ml1xqiethand.i.optimole.com\/w:auto\/h:auto\/q:mauto\/f:best\/https:\/\/www.maliyontem.com.tr\/wp-content\/uploads\/2025\/12\/maliyontem2-Photoroom.png\",\"contentUrl\":\"https:\/\/ml1xqiethand.i.optimole.com\/w:auto\/h:auto\/q:mauto\/f:best\/https:\/\/www.maliyontem.com.tr\/wp-content\/uploads\/2025\/12\/maliyontem2-Photoroom.png\",\"width\":1280,\"height\":444,\"caption\":\"Mali Y\u00f6ntem\"},\"image\":{\"@id\":\"https:\/\/www.maliyontem.com.tr\/#\/schema\/logo\/image\/\"}}]}<\/script>\n<!-- \/ Yoast SEO plugin. -->","yoast_head_json":{"title":"Ar-Ge ve Te\u015fvikler - Mali Y\u00f6ntem","robots":{"index":"index","follow":"follow","max-snippet":"max-snippet:-1","max-image-preview":"max-image-preview:large","max-video-preview":"max-video-preview:-1"},"canonical":"https:\/\/www.maliyontem.com.tr\/en\/hizmetlerimiz-2\/ar-ge-ve-tesvikler\/","og_locale":"en_US","og_type":"article","og_title":"Ar-Ge ve Te\u015fvikler - Mali Y\u00f6ntem","og_description":"Ar-Ge ve Te\u015fvikler Mali Y\u00f6ntem Dan\u0131\u015fmanl\u0131k\u00a0 Ar-Ge ekibi olarak, farkl\u0131 sekt\u00f6rlerde Ar-Ge faaliyeti y\u00fcr\u00fcten \u015firketlerin kendi yap\u0131lar\u0131na uygun olarak te\u015fviklerden ve nakit desteklerden maksimum d\u00fczeyde faydalanabilmelerine y\u00f6nelik bir\u00e7ok farkl\u0131 alanda Ar-Ge dan\u0131\u015fmanl\u0131\u011f\u0131 hizmetleri sunmaktay\u0131z. Bu kapsamda, Ar-Ge merkezi, teknoloji geli\u015ftirme b\u00f6lgeleri ve proje bazl\u0131 destekler olmak \u00fczere \u015eirketler i\u00e7in t\u00fcm alternatifleri de\u011ferlendirip, \u015eirketleri bilgilendirerek, uygun [&hellip;]","og_url":"https:\/\/www.maliyontem.com.tr\/en\/hizmetlerimiz-2\/ar-ge-ve-tesvikler\/","og_site_name":"Mali Y\u00f6ntem","article_modified_time":"2025-12-26T19:17:35+00:00","og_image":[{"url":"https:\/\/ml1xqiethand.i.optimole.com\/w:300\/h:229\/q:mauto\/f:best\/https:\/\/www.maliyontem.com.tr\/wp-content\/uploads\/2025\/12\/arge-vergi.jpg","type":"","width":"","height":""}],"twitter_card":"summary_large_image","twitter_misc":{"Est. reading time":"1 minute"},"schema":{"@context":"https:\/\/schema.org","@graph":[{"@type":"WebPage","@id":"https:\/\/www.maliyontem.com.tr\/hizmetlerimiz-2\/ar-ge-ve-tesvikler\/","url":"https:\/\/www.maliyontem.com.tr\/hizmetlerimiz-2\/ar-ge-ve-tesvikler\/","name":"Ar-Ge ve Te\u015fvikler - Mali Y\u00f6ntem","isPartOf":{"@id":"https:\/\/www.maliyontem.com.tr\/#website"},"primaryImageOfPage":{"@id":"https:\/\/www.maliyontem.com.tr\/hizmetlerimiz-2\/ar-ge-ve-tesvikler\/#primaryimage"},"image":{"@id":"https:\/\/www.maliyontem.com.tr\/hizmetlerimiz-2\/ar-ge-ve-tesvikler\/#primaryimage"},"thumbnailUrl":"https:\/\/ml1xqiethand.i.optimole.com\/w:300\/h:229\/q:mauto\/f:best\/https:\/\/www.maliyontem.com.tr\/wp-content\/uploads\/2025\/12\/arge-vergi.jpg","datePublished":"2025-12-26T19:16:47+00:00","dateModified":"2025-12-26T19:17:35+00:00","breadcrumb":{"@id":"https:\/\/www.maliyontem.com.tr\/hizmetlerimiz-2\/ar-ge-ve-tesvikler\/#breadcrumb"},"inLanguage":"en-US","potentialAction":[{"@type":"ReadAction","target":["https:\/\/www.maliyontem.com.tr\/hizmetlerimiz-2\/ar-ge-ve-tesvikler\/"]}]},{"@type":"ImageObject","inLanguage":"en-US","@id":"https:\/\/www.maliyontem.com.tr\/hizmetlerimiz-2\/ar-ge-ve-tesvikler\/#primaryimage","url":"https:\/\/ml1xqiethand.i.optimole.com\/w:300\/h:229\/q:mauto\/f:best\/https:\/\/www.maliyontem.com.tr\/wp-content\/uploads\/2025\/12\/arge-vergi.jpg","contentUrl":"https:\/\/ml1xqiethand.i.optimole.com\/w:300\/h:229\/q:mauto\/f:best\/https:\/\/www.maliyontem.com.tr\/wp-content\/uploads\/2025\/12\/arge-vergi.jpg"},{"@type":"BreadcrumbList","@id":"https:\/\/www.maliyontem.com.tr\/hizmetlerimiz-2\/ar-ge-ve-tesvikler\/#breadcrumb","itemListElement":[{"@type":"ListItem","position":1,"name":"Anasayfa","item":"https:\/\/www.maliyontem.com.tr\/"},{"@type":"ListItem","position":2,"name":"Hizmetlerimiz","item":"https:\/\/www.maliyontem.com.tr\/hizmetlerimiz-2\/"},{"@type":"ListItem","position":3,"name":"Ar-Ge ve Te\u015fvikler"}]},{"@type":"WebSite","@id":"https:\/\/www.maliyontem.com.tr\/#website","url":"https:\/\/www.maliyontem.com.tr\/","name":"Mali Y\u00f6ntem","description":"Mali Y&ouml;ntem","publisher":{"@id":"https:\/\/www.maliyontem.com.tr\/#organization"},"potentialAction":[{"@type":"SearchAction","target":{"@type":"EntryPoint","urlTemplate":"https:\/\/www.maliyontem.com.tr\/?s={search_term_string}"},"query-input":{"@type":"PropertyValueSpecification","valueRequired":true,"valueName":"search_term_string"}}],"inLanguage":"en-US"},{"@type":"Organization","@id":"https:\/\/www.maliyontem.com.tr\/#organization","name":"Mali Y\u00f6ntem","url":"https:\/\/www.maliyontem.com.tr\/","logo":{"@type":"ImageObject","inLanguage":"en-US","@id":"https:\/\/www.maliyontem.com.tr\/#\/schema\/logo\/image\/","url":"https:\/\/ml1xqiethand.i.optimole.com\/w:auto\/h:auto\/q:mauto\/f:best\/https:\/\/www.maliyontem.com.tr\/wp-content\/uploads\/2025\/12\/maliyontem2-Photoroom.png","contentUrl":"https:\/\/ml1xqiethand.i.optimole.com\/w:auto\/h:auto\/q:mauto\/f:best\/https:\/\/www.maliyontem.com.tr\/wp-content\/uploads\/2025\/12\/maliyontem2-Photoroom.png","width":1280,"height":444,"caption":"Mali Y\u00f6ntem"},"image":{"@id":"https:\/\/www.maliyontem.com.tr\/#\/schema\/logo\/image\/"}}]}},"_links":{"self":[{"href":"https:\/\/www.maliyontem.com.tr\/en\/wp-json\/wp\/v2\/pages\/2761","targetHints":{"allow":["GET"]}}],"collection":[{"href":"https:\/\/www.maliyontem.com.tr\/en\/wp-json\/wp\/v2\/pages"}],"about":[{"href":"https:\/\/www.maliyontem.com.tr\/en\/wp-json\/wp\/v2\/types\/page"}],"author":[{"embeddable":true,"href":"https:\/\/www.maliyontem.com.tr\/en\/wp-json\/wp\/v2\/users\/1"}],"replies":[{"embeddable":true,"href":"https:\/\/www.maliyontem.com.tr\/en\/wp-json\/wp\/v2\/comments?post=2761"}],"version-history":[{"count":4,"href":"https:\/\/www.maliyontem.com.tr\/en\/wp-json\/wp\/v2\/pages\/2761\/revisions"}],"predecessor-version":[{"id":2765,"href":"https:\/\/www.maliyontem.com.tr\/en\/wp-json\/wp\/v2\/pages\/2761\/revisions\/2765"}],"up":[{"embeddable":true,"href":"https:\/\/www.maliyontem.com.tr\/en\/wp-json\/wp\/v2\/pages\/2715"}],"wp:attachment":[{"href":"https:\/\/www.maliyontem.com.tr\/en\/wp-json\/wp\/v2\/media?parent=2761"}],"curies":[{"name":"wp","href":"https:\/\/api.w.org\/{rel}","templated":true}]}}