{"id":2752,"date":"2025-12-26T19:13:05","date_gmt":"2025-12-26T19:13:05","guid":{"rendered":"https:\/\/www.maliyontem.com.tr\/?page_id=2752"},"modified":"2025-12-26T19:15:48","modified_gmt":"2025-12-26T19:15:48","slug":"surekli-vergi-danismanligi","status":"publish","type":"page","link":"https:\/\/www.maliyontem.com.tr\/en\/hizmetlerimiz-2\/surekli-vergi-danismanligi\/","title":{"rendered":"Ongoing Tax Advisory Services"},"content":{"rendered":"<div data-elementor-type=\"wp-page\" data-elementor-id=\"2752\" class=\"elementor elementor-2752\">\n\t\t\t\t<div class=\"elementor-element elementor-element-0194d41 e-flex e-con-boxed e-con e-parent\" data-id=\"0194d41\" data-element_type=\"container\">\n\t\t\t\t\t<div class=\"e-con-inner\">\n\t\t\t\t<div class=\"elementor-element elementor-element-1651e06 elementor-widget__width-inherit elementor-widget elementor-widget-heading\" data-id=\"1651e06\" data-element_type=\"widget\" data-widget_type=\"heading.default\">\n\t\t\t\t<div class=\"elementor-widget-container\">\n\t\t\t\t\t<h2 class=\"elementor-heading-title elementor-size-default\">Ongoing Tax Advisory Services\n<\/h2>\t\t\t\t<\/div>\n\t\t\t\t<\/div>\n\t\t\t\t\t<\/div>\n\t\t\t\t<\/div>\n\t\t<div class=\"elementor-element elementor-element-fabb98b e-flex e-con-boxed e-con e-parent\" data-id=\"fabb98b\" data-element_type=\"container\">\n\t\t\t\t\t<div class=\"e-con-inner\">\n\t\t\t\t<div class=\"elementor-element elementor-element-d0e2d87 elementor-widget elementor-widget-text-editor\" data-id=\"d0e2d87\" data-element_type=\"widget\" data-widget_type=\"text-editor.default\">\n\t\t\t\t<div class=\"elementor-widget-container\">\n\t\t\t\t\t\t\t\t\t<p><img fetchpriority=\"high\" decoding=\"async\" data-opt-id=\"350354709\" class=\"size-full wp-image-2711 alignleft\"  src=\"https:\/\/ml1xqiethand.i.optimole.com\/w:auto\/h:auto\/q:mauto\/f:best\/https:\/\/www.maliyontem.com.tr\/wp-content\/uploads\/2025\/12\/sureklivergidanismanligi.jpg\" alt=\"S\u00fcrekli Vergi Dan\u0131\u015fmanl\u0131\u011f\u0131\" width=\"300\" height=\"200\" \/><\/p><p style=\"text-align: left;\">While seeking solutions to our clients\u2019 current tax-related issues, we also adopt a broad perspective by considering potential future risks and challenges. By closely monitoring developments and innovations in the field of taxation\u2014together with their background and underlying purposes\u2014we determine sound strategies and deliver fast, rational, and business-oriented solutions tailored to our clients\u2019 operational workflows.<\/p><ul style=\"text-align: left;\"><li>Assistance in resolving tax and accounting issues encountered by the company\u2019s accounting\/finance management and\/or personnel<\/li><li>Preparation of required responses to official correspondence received from the Tax Office<\/li><li>Preparation of necessary explanations in response to requests for clarification issued by the Ministry of Treasury and Finance<\/li><li>Conducting the necessary research in cases of uncertainty regarding tax matters<\/li><li>Granting company personnel access to our monthly tax and accounting training programs<\/li><li>Providing consultancy by conducting in-depth research for any tax or accounting-related uncertainty<br \/>Sharing a Weekly Financial \/ Social Security (SSI) Legislation Update Bulletin<\/li><\/ul><p style=\"text-align: left;\"><strong>Individual Taxation Advisory<\/strong><\/p><p style=\"text-align: left;\">The complexity of legislation related to individual taxation may lead to errors in fulfilling tax obligations. Our consultancy services provide support to individuals in the following areas:<\/p><ul><li style=\"text-align: left;\">Advisory services for the preparation of annual personal income tax returns<\/li><li style=\"text-align: left;\">Providing recommendations on areas within tax legislation that may create tax advantages based on individuals\u2019 assets and income<\/li><li style=\"text-align: left;\">Offering information and consultancy regarding the tax implications of individuals\u2019 investment decisions<\/li><\/ul>\t\t\t\t\t\t\t\t<\/div>\n\t\t\t\t<\/div>\n\t\t\t\t\t<\/div>\n\t\t\t\t<\/div>\n\t\t\t\t<\/div>","protected":false},"excerpt":{"rendered":"<p>S\u00fcrekli Vergi Dan\u0131\u015fmanl\u0131\u011f\u0131 M\u00fc\u015fterilerimizin vergisel sorunlar\u0131na \u00e7\u00f6z\u00fcm ararken ileride do\u011fma ihtimali olan farkl\u0131 sorunlar da g\u00f6z \u00f6n\u00fcnde bulundurularak geni\u015f bir bak\u0131\u015f a\u00e7\u0131s\u0131yla yakla\u015f\u0131lmaktad\u0131r. Vergi alan\u0131ndaki geli\u015fmeleri ve yenilikleri, bunlar\u0131n ge\u00e7mi\u015fini ve varolu\u015f ama\u00e7lar\u0131n\u0131 da bilerek takip ederek ak\u0131lc\u0131 rotalar belirlemekteyiz. M\u00fc\u015fterimizin i\u015f ak\u0131\u015f\u0131na uygun, h\u0131zl\u0131 ve rasyonel \u00e7\u00f6z\u00fcmler \u00fcretmekteyiz. \u015eirket muhasebe\/finans y\u00f6netim ve\/veya personelinizin vergi\/muhasebe [&hellip;]<\/p>","protected":false},"author":1,"featured_media":0,"parent":2715,"menu_order":0,"comment_status":"closed","ping_status":"closed","template":"","meta":{"site-sidebar-layout":"no-sidebar","site-content-layout":"page-builder","ast-site-content-layout":"full-width-container","site-content-style":"default","site-sidebar-style":"default","ast-global-header-display":"","ast-banner-title-visibility":"","ast-main-header-display":"","ast-hfb-above-header-display":"","ast-hfb-below-header-display":"","ast-hfb-mobile-header-display":"","site-post-title":"disabled","ast-breadcrumbs-content":"","ast-featured-img":"disabled","footer-sml-layout":"","ast-disable-related-posts":"","theme-transparent-header-meta":"","adv-header-id-meta":"","stick-header-meta":"","header-above-stick-meta":"","header-main-stick-meta":"","header-below-stick-meta":"","astra-migrate-meta-layouts":"set","ast-page-background-enabled":"default","ast-page-background-meta":{"desktop":{"background-color":"","background-image":"","background-repeat":"repeat","background-position":"center center","background-size":"auto","background-attachment":"scroll","background-type":"","background-media":"","overlay-type":"","overlay-color":"","overlay-opacity":"","overlay-gradient":""},"tablet":{"background-color":"","background-image":"","background-repeat":"repeat","background-position":"center center","background-size":"auto","background-attachment":"scroll","background-type":"","background-media":"","overlay-type":"","overlay-color":"","overlay-opacity":"","overlay-gradient":""},"mobile":{"background-color":"","background-image":"","background-repeat":"repeat","background-position":"center center","background-size":"auto","background-attachment":"scroll","background-type":"","background-media":"","overlay-type":"","overlay-color":"","overlay-opacity":"","overlay-gradient":""}},"ast-content-background-meta":{"desktop":{"background-color":"var(--ast-global-color-5)","background-image":"","background-repeat":"repeat","background-position":"center center","background-size":"auto","background-attachment":"scroll","background-type":"","background-media":"","overlay-type":"","overlay-color":"","overlay-opacity":"","overlay-gradient":""},"tablet":{"background-color":"var(--ast-global-color-5)","background-image":"","background-repeat":"repeat","background-position":"center center","background-size":"auto","background-attachment":"scroll","background-type":"","background-media":"","overlay-type":"","overlay-color":"","overlay-opacity":"","overlay-gradient":""},"mobile":{"background-color":"var(--ast-global-color-5)","background-image":"","background-repeat":"repeat","background-position":"center center","background-size":"auto","background-attachment":"scroll","background-type":"","background-media":"","overlay-type":"","overlay-color":"","overlay-opacity":"","overlay-gradient":""}},"footnotes":""},"class_list":["post-2752","page","type-page","status-publish","hentry"],"yoast_head":"<!-- This site is optimized with the Yoast SEO plugin v26.6 - https:\/\/yoast.com\/wordpress\/plugins\/seo\/ -->\n<title>S\u00fcrekli Vergi Dan\u0131\u015fmanl\u0131\u011f\u0131 - Mali Y\u00f6ntem<\/title>\n<meta name=\"robots\" content=\"index, follow, max-snippet:-1, max-image-preview:large, max-video-preview:-1\" \/>\n<link rel=\"canonical\" href=\"https:\/\/www.maliyontem.com.tr\/en\/hizmetlerimiz-2\/surekli-vergi-danismanligi\/\" \/>\n<meta property=\"og:locale\" content=\"en_US\" \/>\n<meta property=\"og:type\" content=\"article\" \/>\n<meta property=\"og:title\" content=\"S\u00fcrekli Vergi Dan\u0131\u015fmanl\u0131\u011f\u0131 - Mali Y\u00f6ntem\" \/>\n<meta property=\"og:description\" content=\"S\u00fcrekli Vergi Dan\u0131\u015fmanl\u0131\u011f\u0131 M\u00fc\u015fterilerimizin vergisel sorunlar\u0131na \u00e7\u00f6z\u00fcm ararken ileride do\u011fma ihtimali olan farkl\u0131 sorunlar da g\u00f6z \u00f6n\u00fcnde bulundurularak geni\u015f bir bak\u0131\u015f a\u00e7\u0131s\u0131yla yakla\u015f\u0131lmaktad\u0131r. Vergi alan\u0131ndaki geli\u015fmeleri ve yenilikleri, bunlar\u0131n ge\u00e7mi\u015fini ve varolu\u015f ama\u00e7lar\u0131n\u0131 da bilerek takip ederek ak\u0131lc\u0131 rotalar belirlemekteyiz. M\u00fc\u015fterimizin i\u015f ak\u0131\u015f\u0131na uygun, h\u0131zl\u0131 ve rasyonel \u00e7\u00f6z\u00fcmler \u00fcretmekteyiz. \u015eirket muhasebe\/finans y\u00f6netim ve\/veya personelinizin vergi\/muhasebe [&hellip;]\" \/>\n<meta property=\"og:url\" content=\"https:\/\/www.maliyontem.com.tr\/en\/hizmetlerimiz-2\/surekli-vergi-danismanligi\/\" \/>\n<meta property=\"og:site_name\" content=\"Mali Y\u00f6ntem\" \/>\n<meta property=\"article:modified_time\" content=\"2025-12-26T19:15:48+00:00\" \/>\n<meta property=\"og:image\" content=\"https:\/\/ml1xqiethand.i.optimole.com\/w:auto\/h:auto\/q:mauto\/f:best\/https:\/\/www.maliyontem.com.tr\/wp-content\/uploads\/2025\/12\/sureklivergidanismanligi.jpg\" \/>\n<meta name=\"twitter:card\" content=\"summary_large_image\" \/>\n<meta name=\"twitter:label1\" content=\"Est. reading time\" \/>\n\t<meta name=\"twitter:data1\" content=\"1 minute\" \/>\n<script type=\"application\/ld+json\" class=\"yoast-schema-graph\">{\"@context\":\"https:\/\/schema.org\",\"@graph\":[{\"@type\":\"WebPage\",\"@id\":\"https:\/\/www.maliyontem.com.tr\/hizmetlerimiz-2\/surekli-vergi-danismanligi\/\",\"url\":\"https:\/\/www.maliyontem.com.tr\/hizmetlerimiz-2\/surekli-vergi-danismanligi\/\",\"name\":\"S\u00fcrekli Vergi Dan\u0131\u015fmanl\u0131\u011f\u0131 - Mali Y\u00f6ntem\",\"isPartOf\":{\"@id\":\"https:\/\/www.maliyontem.com.tr\/#website\"},\"primaryImageOfPage\":{\"@id\":\"https:\/\/www.maliyontem.com.tr\/hizmetlerimiz-2\/surekli-vergi-danismanligi\/#primaryimage\"},\"image\":{\"@id\":\"https:\/\/www.maliyontem.com.tr\/hizmetlerimiz-2\/surekli-vergi-danismanligi\/#primaryimage\"},\"thumbnailUrl\":\"https:\/\/ml1xqiethand.i.optimole.com\/w:auto\/h:auto\/q:mauto\/f:best\/https:\/\/www.maliyontem.com.tr\/wp-content\/uploads\/2025\/12\/sureklivergidanismanligi.jpg\",\"datePublished\":\"2025-12-26T19:13:05+00:00\",\"dateModified\":\"2025-12-26T19:15:48+00:00\",\"breadcrumb\":{\"@id\":\"https:\/\/www.maliyontem.com.tr\/hizmetlerimiz-2\/surekli-vergi-danismanligi\/#breadcrumb\"},\"inLanguage\":\"en-US\",\"potentialAction\":[{\"@type\":\"ReadAction\",\"target\":[\"https:\/\/www.maliyontem.com.tr\/hizmetlerimiz-2\/surekli-vergi-danismanligi\/\"]}]},{\"@type\":\"ImageObject\",\"inLanguage\":\"en-US\",\"@id\":\"https:\/\/www.maliyontem.com.tr\/hizmetlerimiz-2\/surekli-vergi-danismanligi\/#primaryimage\",\"url\":\"https:\/\/ml1xqiethand.i.optimole.com\/w:auto\/h:auto\/q:mauto\/f:best\/https:\/\/www.maliyontem.com.tr\/wp-content\/uploads\/2025\/12\/sureklivergidanismanligi.jpg\",\"contentUrl\":\"https:\/\/ml1xqiethand.i.optimole.com\/w:auto\/h:auto\/q:mauto\/f:best\/https:\/\/www.maliyontem.com.tr\/wp-content\/uploads\/2025\/12\/sureklivergidanismanligi.jpg\"},{\"@type\":\"BreadcrumbList\",\"@id\":\"https:\/\/www.maliyontem.com.tr\/hizmetlerimiz-2\/surekli-vergi-danismanligi\/#breadcrumb\",\"itemListElement\":[{\"@type\":\"ListItem\",\"position\":1,\"name\":\"Anasayfa\",\"item\":\"https:\/\/www.maliyontem.com.tr\/\"},{\"@type\":\"ListItem\",\"position\":2,\"name\":\"Hizmetlerimiz\",\"item\":\"https:\/\/www.maliyontem.com.tr\/hizmetlerimiz-2\/\"},{\"@type\":\"ListItem\",\"position\":3,\"name\":\"S\u00fcrekli Vergi Dan\u0131\u015fmanl\u0131\u011f\u0131\"}]},{\"@type\":\"WebSite\",\"@id\":\"https:\/\/www.maliyontem.com.tr\/#website\",\"url\":\"https:\/\/www.maliyontem.com.tr\/\",\"name\":\"Mali Y\u00f6ntem\",\"description\":\"Mali Y&ouml;ntem \",\"publisher\":{\"@id\":\"https:\/\/www.maliyontem.com.tr\/#organization\"},\"potentialAction\":[{\"@type\":\"SearchAction\",\"target\":{\"@type\":\"EntryPoint\",\"urlTemplate\":\"https:\/\/www.maliyontem.com.tr\/?s={search_term_string}\"},\"query-input\":{\"@type\":\"PropertyValueSpecification\",\"valueRequired\":true,\"valueName\":\"search_term_string\"}}],\"inLanguage\":\"en-US\"},{\"@type\":\"Organization\",\"@id\":\"https:\/\/www.maliyontem.com.tr\/#organization\",\"name\":\"Mali Y\u00f6ntem\",\"url\":\"https:\/\/www.maliyontem.com.tr\/\",\"logo\":{\"@type\":\"ImageObject\",\"inLanguage\":\"en-US\",\"@id\":\"https:\/\/www.maliyontem.com.tr\/#\/schema\/logo\/image\/\",\"url\":\"https:\/\/ml1xqiethand.i.optimole.com\/w:auto\/h:auto\/q:mauto\/f:best\/https:\/\/www.maliyontem.com.tr\/wp-content\/uploads\/2025\/12\/maliyontem2-Photoroom.png\",\"contentUrl\":\"https:\/\/ml1xqiethand.i.optimole.com\/w:auto\/h:auto\/q:mauto\/f:best\/https:\/\/www.maliyontem.com.tr\/wp-content\/uploads\/2025\/12\/maliyontem2-Photoroom.png\",\"width\":1280,\"height\":444,\"caption\":\"Mali Y\u00f6ntem\"},\"image\":{\"@id\":\"https:\/\/www.maliyontem.com.tr\/#\/schema\/logo\/image\/\"}}]}<\/script>\n<!-- \/ Yoast SEO plugin. -->","yoast_head_json":{"title":"S\u00fcrekli Vergi Dan\u0131\u015fmanl\u0131\u011f\u0131 - Mali Y\u00f6ntem","robots":{"index":"index","follow":"follow","max-snippet":"max-snippet:-1","max-image-preview":"max-image-preview:large","max-video-preview":"max-video-preview:-1"},"canonical":"https:\/\/www.maliyontem.com.tr\/en\/hizmetlerimiz-2\/surekli-vergi-danismanligi\/","og_locale":"en_US","og_type":"article","og_title":"S\u00fcrekli Vergi Dan\u0131\u015fmanl\u0131\u011f\u0131 - Mali Y\u00f6ntem","og_description":"S\u00fcrekli Vergi Dan\u0131\u015fmanl\u0131\u011f\u0131 M\u00fc\u015fterilerimizin vergisel sorunlar\u0131na \u00e7\u00f6z\u00fcm ararken ileride do\u011fma ihtimali olan farkl\u0131 sorunlar da g\u00f6z \u00f6n\u00fcnde bulundurularak geni\u015f bir bak\u0131\u015f a\u00e7\u0131s\u0131yla yakla\u015f\u0131lmaktad\u0131r. Vergi alan\u0131ndaki geli\u015fmeleri ve yenilikleri, bunlar\u0131n ge\u00e7mi\u015fini ve varolu\u015f ama\u00e7lar\u0131n\u0131 da bilerek takip ederek ak\u0131lc\u0131 rotalar belirlemekteyiz. M\u00fc\u015fterimizin i\u015f ak\u0131\u015f\u0131na uygun, h\u0131zl\u0131 ve rasyonel \u00e7\u00f6z\u00fcmler \u00fcretmekteyiz. \u015eirket muhasebe\/finans y\u00f6netim ve\/veya personelinizin vergi\/muhasebe [&hellip;]","og_url":"https:\/\/www.maliyontem.com.tr\/en\/hizmetlerimiz-2\/surekli-vergi-danismanligi\/","og_site_name":"Mali Y\u00f6ntem","article_modified_time":"2025-12-26T19:15:48+00:00","og_image":[{"url":"https:\/\/ml1xqiethand.i.optimole.com\/w:auto\/h:auto\/q:mauto\/f:best\/https:\/\/www.maliyontem.com.tr\/wp-content\/uploads\/2025\/12\/sureklivergidanismanligi.jpg","type":"","width":"","height":""}],"twitter_card":"summary_large_image","twitter_misc":{"Est. reading time":"1 minute"},"schema":{"@context":"https:\/\/schema.org","@graph":[{"@type":"WebPage","@id":"https:\/\/www.maliyontem.com.tr\/hizmetlerimiz-2\/surekli-vergi-danismanligi\/","url":"https:\/\/www.maliyontem.com.tr\/hizmetlerimiz-2\/surekli-vergi-danismanligi\/","name":"S\u00fcrekli Vergi Dan\u0131\u015fmanl\u0131\u011f\u0131 - Mali Y\u00f6ntem","isPartOf":{"@id":"https:\/\/www.maliyontem.com.tr\/#website"},"primaryImageOfPage":{"@id":"https:\/\/www.maliyontem.com.tr\/hizmetlerimiz-2\/surekli-vergi-danismanligi\/#primaryimage"},"image":{"@id":"https:\/\/www.maliyontem.com.tr\/hizmetlerimiz-2\/surekli-vergi-danismanligi\/#primaryimage"},"thumbnailUrl":"https:\/\/ml1xqiethand.i.optimole.com\/w:auto\/h:auto\/q:mauto\/f:best\/https:\/\/www.maliyontem.com.tr\/wp-content\/uploads\/2025\/12\/sureklivergidanismanligi.jpg","datePublished":"2025-12-26T19:13:05+00:00","dateModified":"2025-12-26T19:15:48+00:00","breadcrumb":{"@id":"https:\/\/www.maliyontem.com.tr\/hizmetlerimiz-2\/surekli-vergi-danismanligi\/#breadcrumb"},"inLanguage":"en-US","potentialAction":[{"@type":"ReadAction","target":["https:\/\/www.maliyontem.com.tr\/hizmetlerimiz-2\/surekli-vergi-danismanligi\/"]}]},{"@type":"ImageObject","inLanguage":"en-US","@id":"https:\/\/www.maliyontem.com.tr\/hizmetlerimiz-2\/surekli-vergi-danismanligi\/#primaryimage","url":"https:\/\/ml1xqiethand.i.optimole.com\/w:auto\/h:auto\/q:mauto\/f:best\/https:\/\/www.maliyontem.com.tr\/wp-content\/uploads\/2025\/12\/sureklivergidanismanligi.jpg","contentUrl":"https:\/\/ml1xqiethand.i.optimole.com\/w:auto\/h:auto\/q:mauto\/f:best\/https:\/\/www.maliyontem.com.tr\/wp-content\/uploads\/2025\/12\/sureklivergidanismanligi.jpg"},{"@type":"BreadcrumbList","@id":"https:\/\/www.maliyontem.com.tr\/hizmetlerimiz-2\/surekli-vergi-danismanligi\/#breadcrumb","itemListElement":[{"@type":"ListItem","position":1,"name":"Anasayfa","item":"https:\/\/www.maliyontem.com.tr\/"},{"@type":"ListItem","position":2,"name":"Hizmetlerimiz","item":"https:\/\/www.maliyontem.com.tr\/hizmetlerimiz-2\/"},{"@type":"ListItem","position":3,"name":"S\u00fcrekli Vergi Dan\u0131\u015fmanl\u0131\u011f\u0131"}]},{"@type":"WebSite","@id":"https:\/\/www.maliyontem.com.tr\/#website","url":"https:\/\/www.maliyontem.com.tr\/","name":"Mali Y\u00f6ntem","description":"Mali Y&ouml;ntem","publisher":{"@id":"https:\/\/www.maliyontem.com.tr\/#organization"},"potentialAction":[{"@type":"SearchAction","target":{"@type":"EntryPoint","urlTemplate":"https:\/\/www.maliyontem.com.tr\/?s={search_term_string}"},"query-input":{"@type":"PropertyValueSpecification","valueRequired":true,"valueName":"search_term_string"}}],"inLanguage":"en-US"},{"@type":"Organization","@id":"https:\/\/www.maliyontem.com.tr\/#organization","name":"Mali Y\u00f6ntem","url":"https:\/\/www.maliyontem.com.tr\/","logo":{"@type":"ImageObject","inLanguage":"en-US","@id":"https:\/\/www.maliyontem.com.tr\/#\/schema\/logo\/image\/","url":"https:\/\/ml1xqiethand.i.optimole.com\/w:auto\/h:auto\/q:mauto\/f:best\/https:\/\/www.maliyontem.com.tr\/wp-content\/uploads\/2025\/12\/maliyontem2-Photoroom.png","contentUrl":"https:\/\/ml1xqiethand.i.optimole.com\/w:auto\/h:auto\/q:mauto\/f:best\/https:\/\/www.maliyontem.com.tr\/wp-content\/uploads\/2025\/12\/maliyontem2-Photoroom.png","width":1280,"height":444,"caption":"Mali Y\u00f6ntem"},"image":{"@id":"https:\/\/www.maliyontem.com.tr\/#\/schema\/logo\/image\/"}}]}},"_links":{"self":[{"href":"https:\/\/www.maliyontem.com.tr\/en\/wp-json\/wp\/v2\/pages\/2752","targetHints":{"allow":["GET"]}}],"collection":[{"href":"https:\/\/www.maliyontem.com.tr\/en\/wp-json\/wp\/v2\/pages"}],"about":[{"href":"https:\/\/www.maliyontem.com.tr\/en\/wp-json\/wp\/v2\/types\/page"}],"author":[{"embeddable":true,"href":"https:\/\/www.maliyontem.com.tr\/en\/wp-json\/wp\/v2\/users\/1"}],"replies":[{"embeddable":true,"href":"https:\/\/www.maliyontem.com.tr\/en\/wp-json\/wp\/v2\/comments?post=2752"}],"version-history":[{"count":7,"href":"https:\/\/www.maliyontem.com.tr\/en\/wp-json\/wp\/v2\/pages\/2752\/revisions"}],"predecessor-version":[{"id":2760,"href":"https:\/\/www.maliyontem.com.tr\/en\/wp-json\/wp\/v2\/pages\/2752\/revisions\/2760"}],"up":[{"embeddable":true,"href":"https:\/\/www.maliyontem.com.tr\/en\/wp-json\/wp\/v2\/pages\/2715"}],"wp:attachment":[{"href":"https:\/\/www.maliyontem.com.tr\/en\/wp-json\/wp\/v2\/media?parent=2752"}],"curies":[{"name":"wp","href":"https:\/\/api.w.org\/{rel}","templated":true}]}}